{"id":5810,"date":"2026-03-26T23:55:15","date_gmt":"2026-03-26T23:55:15","guid":{"rendered":"https:\/\/sbgames.org\/sbgames2025\/?page_id=5810"},"modified":"2026-03-27T13:36:52","modified_gmt":"2026-03-27T13:36:52","slug":"ctd-premiados","status":"publish","type":"page","link":"https:\/\/sbgames.org\/sbgames2025\/ctd-premiados\/","title":{"rendered":"CTD &#8211; Premiados"},"content":{"rendered":"\t\t<div data-elementor-type=\"wp-page\" data-elementor-id=\"5810\" class=\"elementor elementor-5810\">\n\t\t\t\t<div class=\"elementor-element elementor-element-979ad64 e-con-full e-flex e-con e-parent\" data-id=\"979ad64\" data-element_type=\"container\" data-settings=\"{&quot;background_background&quot;:&quot;classic&quot;}\">\n\t\t\t\t<div class=\"elementor-element elementor-element-c97ec4b elementor-widget elementor-widget-heading\" data-id=\"c97ec4b\" data-element_type=\"widget\" data-widget_type=\"heading.default\">\n\t\t\t\t<div class=\"elementor-widget-container\">\n\t\t\t\t\t<h2 class=\"elementor-heading-title elementor-size-default\">CTD - premiados\n<\/h2>\t\t\t\t<\/div>\n\t\t\t\t<\/div>\n\t\t<div class=\"elementor-element elementor-element-76fdb6e e-flex e-con-boxed e-con e-child\" data-id=\"76fdb6e\" data-element_type=\"container\" data-settings=\"{&quot;background_background&quot;:&quot;classic&quot;}\">\n\t\t\t\t\t<div class=\"e-con-inner\">\n\t\t\t\t<div class=\"elementor-element elementor-element-5d8947e elementor-widget elementor-widget-heading\" data-id=\"5d8947e\" data-element_type=\"widget\" data-widget_type=\"heading.default\">\n\t\t\t\t<div class=\"elementor-widget-container\">\n\t\t\t\t\t<h5 class=\"elementor-heading-title elementor-size-default\">Teses<\/h5>\t\t\t\t<\/div>\n\t\t\t\t<\/div>\n\t\t\t\t<div class=\"elementor-element elementor-element-26d6e5e elementor-widget elementor-widget-text-editor\" data-id=\"26d6e5e\" data-element_type=\"widget\" data-widget_type=\"text-editor.default\">\n\t\t\t\t<div class=\"elementor-widget-container\">\n\t\t\t\t\t\t\t\t\t<p style=\"text-align: center;\"><strong><span style=\"color: #e71d73;\">1\u00ba Lugar Pr\u00eamio T\u00e9cnico<\/span><\/strong><\/p>\n<p style=\"text-align: center;\">Um Editor de \u00c1rvores de Decis\u00e3o para Constru\u00e7\u00e3o de Jogos: Aplica\u00e7\u00f5es no Diagn\u00f3stico e Tratamento do C\u00e2ncer de Mama <br><strong>Candidato<\/strong>: Rafael Garcia Barbosa&nbsp;(Unifor)<br><strong>Orientadora<\/strong>: Andr\u00e9ia Formico&nbsp;(Unifor)<\/p>\t\t\t\t\t\t\t\t<\/div>\n\t\t\t\t<\/div>\n\t\t\t\t<div class=\"elementor-element elementor-element-8cd125d elementor-widget elementor-widget-text-editor\" data-id=\"8cd125d\" data-element_type=\"widget\" data-widget_type=\"text-editor.default\">\n\t\t\t\t<div class=\"elementor-widget-container\">\n\t\t\t\t\t\t\t\t\t<p style=\"text-align: center;\"><strong><span style=\"color: #e71d73;\">2\u00ba Lugar Pr\u00eamio T\u00e9cnico (Men\u00e7\u00e3o Honrosa)<\/span><\/strong><\/p><p style=\"text-align: center;\">Graph Representation Learning for Game Provenance <br \/><strong>Candidato<\/strong>: Sidney Araujo Melo (UFF)<br \/><strong>Orientador<\/strong>: Esteban W. Clua (UFF)<\/p>\t\t\t\t\t\t\t\t<\/div>\n\t\t\t\t<\/div>\n\t\t\t\t<div class=\"elementor-element elementor-element-b17844e elementor-widget elementor-widget-text-editor\" data-id=\"b17844e\" data-element_type=\"widget\" data-widget_type=\"text-editor.default\">\n\t\t\t\t<div class=\"elementor-widget-container\">\n\t\t\t\t\t\t\t\t\t<p style=\"text-align: center;\"><strong><span style=\"color: #e71d73;\">2\u00ba Lugar Pr\u00eamio T\u00e9cnico (Men\u00e7\u00e3o Honrosa)<\/span><\/strong><\/p><p style=\"text-align: center;\">FLOW PSICOFISIOL\u00d3GICO EM JOGOS DIGITAIS: Intelig\u00eancia Artificial em Jogos S\u00e9rios Multimodais para Reabilita\u00e7\u00e3o Respirat\u00f3ria. <br \/><strong>Candidato<\/strong>: Claudinei Dias (UDESC)<br \/><strong>Orientador<\/strong>: Marcelo da Silva Hounsell (UDESC)<\/p>\t\t\t\t\t\t\t\t<\/div>\n\t\t\t\t<\/div>\n\t\t\t\t\t<\/div>\n\t\t\t\t<\/div>\n\t\t\t\t<\/div>\n\t\t\t\t<\/div>\n\t\t","protected":false},"excerpt":{"rendered":"<p>CTD &#8211; premiados Teses 1\u00ba Lugar Pr\u00eamio T\u00e9cnico Um Editor de \u00c1rvores de Decis\u00e3o para Constru\u00e7\u00e3o de Jogos: Aplica\u00e7\u00f5es no Diagn\u00f3stico e Tratamento do C\u00e2ncer de Mama Candidato: Rafael Garcia Barbosa&nbsp;(Unifor)Orientadora: Andr\u00e9ia Formico&nbsp;(Unifor) 2\u00ba Lugar Pr\u00eamio T\u00e9cnico (Men\u00e7\u00e3o Honrosa) Graph Representation Learning for Game Provenance Candidato: Sidney Araujo Melo (UFF)Orientador: Esteban W. Clua (UFF) 2\u00ba [&hellip;]<\/p>\n","protected":false},"author":3,"featured_media":0,"parent":0,"menu_order":0,"comment_status":"closed","ping_status":"closed","template":"","meta":{"site-sidebar-layout":"no-sidebar","site-content-layout":"page-builder","ast-site-content-layout":"full-width-container","site-content-style":"default","site-sidebar-style":"default","ast-global-header-display":"","ast-banner-title-visibility":"","ast-main-header-display":"","ast-hfb-above-header-display":"","ast-hfb-below-header-display":"","ast-hfb-mobile-header-display":"","site-post-title":"disabled","ast-breadcrumbs-content":"","ast-featured-img":"disabled","footer-sml-layout":"","theme-transparent-header-meta":"","adv-header-id-meta":"","stick-header-meta":"","header-above-stick-meta":"","header-main-stick-meta":"","header-below-stick-meta":"","astra-migrate-meta-layouts":"set","ast-page-background-enabled":"default","ast-page-background-meta":{"desktop":{"background-color":"","background-image":"","background-repeat":"repeat","background-position":"center center","background-size":"auto","background-attachment":"scroll","background-type":"","background-media":"","overlay-type":"","overlay-color":"","overlay-opacity":"","overlay-gradient":""},"tablet":{"background-color":"","background-image":"","background-repeat":"repeat","background-position":"center center","background-size":"auto","background-attachment":"scroll","background-type":"","background-media":"","overlay-type":"","overlay-color":"","overlay-opacity":"","overlay-gradient":""},"mobile":{"background-color":"","background-image":"","background-repeat":"repeat","background-position":"center center","background-size":"auto","background-attachment":"scroll","background-type":"","background-media":"","overlay-type":"","overlay-color":"","overlay-opacity":"","overlay-gradient":""}},"ast-content-background-meta":{"desktop":{"background-color":"var(--ast-global-color-5)","background-image":"","background-repeat":"repeat","background-position":"center center","background-size":"auto","background-attachment":"scroll","background-type":"","background-media":"","overlay-type":"","overlay-color":"","overlay-opacity":"","overlay-gradient":""},"tablet":{"background-color":"var(--ast-global-color-5)","background-image":"","background-repeat":"repeat","background-position":"center center","background-size":"auto","background-attachment":"scroll","background-type":"","background-media":"","overlay-type":"","overlay-color":"","overlay-opacity":"","overlay-gradient":""},"mobile":{"background-color":"var(--ast-global-color-5)","background-image":"","background-repeat":"repeat","background-position":"center center","background-size":"auto","background-attachment":"scroll","background-type":"","background-media":"","overlay-type":"","overlay-color":"","overlay-opacity":"","overlay-gradient":""}},"footnotes":""},"class_list":["post-5810","page","type-page","status-publish","hentry"],"_links":{"self":[{"href":"https:\/\/sbgames.org\/sbgames2025\/wp-json\/wp\/v2\/pages\/5810","targetHints":{"allow":["GET"]}}],"collection":[{"href":"https:\/\/sbgames.org\/sbgames2025\/wp-json\/wp\/v2\/pages"}],"about":[{"href":"https:\/\/sbgames.org\/sbgames2025\/wp-json\/wp\/v2\/types\/page"}],"author":[{"embeddable":true,"href":"https:\/\/sbgames.org\/sbgames2025\/wp-json\/wp\/v2\/users\/3"}],"replies":[{"embeddable":true,"href":"https:\/\/sbgames.org\/sbgames2025\/wp-json\/wp\/v2\/comments?post=5810"}],"version-history":[{"count":12,"href":"https:\/\/sbgames.org\/sbgames2025\/wp-json\/wp\/v2\/pages\/5810\/revisions"}],"predecessor-version":[{"id":5826,"href":"https:\/\/sbgames.org\/sbgames2025\/wp-json\/wp\/v2\/pages\/5810\/revisions\/5826"}],"wp:attachment":[{"href":"https:\/\/sbgames.org\/sbgames2025\/wp-json\/wp\/v2\/media?parent=5810"}],"curies":[{"name":"wp","href":"https:\/\/api.w.org\/{rel}","templated":true}]}}