{"id":5346,"date":"2025-07-02T23:05:41","date_gmt":"2025-07-02T23:05:41","guid":{"rendered":"https:\/\/sbgames.org\/sbgames2025\/?page_id=5346"},"modified":"2025-07-02T23:10:59","modified_gmt":"2025-07-02T23:10:59","slug":"ctd-finalistas","status":"publish","type":"page","link":"https:\/\/sbgames.org\/sbgames2025\/ctd-finalistas\/","title":{"rendered":"CTD &#8211; Finalistas"},"content":{"rendered":"\t\t<div data-elementor-type=\"wp-page\" data-elementor-id=\"5346\" class=\"elementor elementor-5346\">\n\t\t\t\t<div class=\"elementor-element elementor-element-979ad64 e-con-full e-flex e-con e-parent\" data-id=\"979ad64\" data-element_type=\"container\" data-settings=\"{&quot;background_background&quot;:&quot;classic&quot;}\">\n\t\t\t\t<div class=\"elementor-element elementor-element-c97ec4b elementor-widget elementor-widget-heading\" data-id=\"c97ec4b\" data-element_type=\"widget\" data-widget_type=\"heading.default\">\n\t\t\t\t<div class=\"elementor-widget-container\">\n\t\t\t\t\t<h2 class=\"elementor-heading-title elementor-size-default\">CTD - Finalistas\n<\/h2>\t\t\t\t<\/div>\n\t\t\t\t<\/div>\n\t\t<div class=\"elementor-element elementor-element-76fdb6e e-flex e-con-boxed e-con e-child\" data-id=\"76fdb6e\" data-element_type=\"container\" data-settings=\"{&quot;background_background&quot;:&quot;classic&quot;}\">\n\t\t\t\t\t<div class=\"e-con-inner\">\n\t\t\t\t<div class=\"elementor-element elementor-element-5d8947e elementor-widget elementor-widget-heading\" data-id=\"5d8947e\" data-element_type=\"widget\" data-widget_type=\"heading.default\">\n\t\t\t\t<div class=\"elementor-widget-container\">\n\t\t\t\t\t<h5 class=\"elementor-heading-title elementor-size-default\">Categoria Game Design\n<\/h5>\t\t\t\t<\/div>\n\t\t\t\t<\/div>\n\t\t\t\t<div class=\"elementor-element elementor-element-26d6e5e elementor-widget elementor-widget-text-editor\" data-id=\"26d6e5e\" data-element_type=\"widget\" data-widget_type=\"text-editor.default\">\n\t\t\t\t<div class=\"elementor-widget-container\">\n\t\t\t\t\t\t\t\t\t<ul><li><strong><span style=\"color: #e71d73;\">(Disserta\u00e7\u00e3o)<\/span><\/strong> Accessible Heads-Up Computing: An HMD-Based VR Escape Game For Blind People. Angelo Coronado (UFG), Luciana Berretta (UFG), Sergio Carvalho (UFG)<\/li><li><strong><span style=\"color: #e71d73;\">(Disserta\u00e7\u00e3o)<\/span><\/strong> Protocolo de Interven\u00e7\u00e3o Neuropsicol\u00f3gica Baseada em Jogos para Estudantes Superdotados. Guilherme Brante de Freitas Tanello (UFPR)<\/li><li><strong><span style=\"color: #e71d73;\">(Disserta\u00e7\u00e3o)<\/span><\/strong> Timing Game: Development of a Game for Temporal Perception Research. Alan Floriano Teixeira (UFABC), Jo\u00e3o Paulo Gois (UFABC), Andr\u00e9 Luiz Brand\u00e3o (UFABC)<\/li><li><strong><span style=\"color: #e71d73;\">(Tese)<\/span><\/strong> Gameduca\u00e7\u00e3o lingu\u00edstica: epistemologias digitais na forma\u00e7\u00e3o cr\u00edtica de professores de l\u00ednguas. Michely Gomes Avelar (IFG)<\/li><li><strong><span style=\"color: #e71d73;\">(Tese)<\/span><\/strong> GRAAL &#8211; Gamifica\u00e7\u00e3o em Linhas de Montagem Manuais com Realidade Aumentada para a Ind\u00fastria 5.0. Salvador Sergi Agati (UDESC), Marcelo da Silva Hounsell (UDESC)<\/li><\/ul>\t\t\t\t\t\t\t\t<\/div>\n\t\t\t\t<\/div>\n\t\t\t\t<div class=\"elementor-element elementor-element-fd8d8c3 elementor-widget elementor-widget-heading\" data-id=\"fd8d8c3\" data-element_type=\"widget\" data-widget_type=\"heading.default\">\n\t\t\t\t<div class=\"elementor-widget-container\">\n\t\t\t\t\t<h5 class=\"elementor-heading-title elementor-size-default\">Categoria T\u00e9cnico<\/h5>\t\t\t\t<\/div>\n\t\t\t\t<\/div>\n\t\t\t\t<div class=\"elementor-element elementor-element-52ade8d elementor-widget elementor-widget-text-editor\" data-id=\"52ade8d\" data-element_type=\"widget\" data-widget_type=\"text-editor.default\">\n\t\t\t\t<div class=\"elementor-widget-container\">\n\t\t\t\t\t\t\t\t\t<ul><li><span style=\"color: #e71d73;\"><strong>(Disserta\u00e7\u00e3o)<\/strong><\/span> Autobalanceamento de jogos digitais a partir do uso de Controladores Proporcional-Integrativo-Derivativo (PID). Cristiano Serra (UNIRIO), Tadeu Moreira de Classe (UNIRIO)<br \/><br \/><\/li><li><span style=\"color: #e71d73;\"><strong>(Disserta\u00e7\u00e3o)<\/strong><\/span> SafetyPlay Game Design: A Structured Method for Safety Training Games in the Industry. Roberto Rufino J\u00fanior (UNIRIO), Tadeu Moreira de Classe (UNIRIO)<br \/><br \/><\/li><li><strong><span style=\"color: #e71d73;\">(Disserta\u00e7\u00e3o)<\/span><\/strong> Um Panorama sobre Diversidade de G\u00eanero na Ind\u00fastria de Jogos Indie no Brasil. Estela Miranda Batista (Universidade Federal de Vi\u00e7osa Campus Florestal), Thais Silva (UFV), Gl\u00e1ucia Braga e Silva (UFV)<br \/><br \/><\/li><li><strong><span style=\"color: #e71d73;\">(Tese)<\/span><\/strong> Um Editor de \u00c1rvores de Decis\u00e3o para Constru\u00e7\u00e3o de Jogos: Aplica\u00e7\u00f5es no Diagn\u00f3stico e Tratamento do C\u00e2ncer de Mama. Rafael Garcia Barbosa (Unifor), Andr\u00e9ia Formico (Unifor)<br \/><br \/><\/li><li><strong><span style=\"color: #e71d73;\">(Tese)<\/span><\/strong> Graph Representation Learning for Game Provenance. Sidney Araujo Melo (UFF), Aline Paes (UFF), Esteban W. Clua (UFF)<br \/><br \/><\/li><li><strong><span style=\"color: #e71d73;\">(Tese)<\/span><\/strong> FLOW PSICOFISIOL\u00d3GICO EM JOGOS DIGITAIS: Intelig\u00eancia Artificial em Jogos S\u00e9rios Multimodais para Reabilita\u00e7\u00e3o Respirat\u00f3ria. Claudinei Dias (UDESC), Andr\u00e9 Bittencourt Leal (UDESC), Marcelo da Silva Hounsell (UDESC)<\/li><\/ul>\t\t\t\t\t\t\t\t<\/div>\n\t\t\t\t<\/div>\n\t\t\t\t\t<\/div>\n\t\t\t\t<\/div>\n\t\t\t\t<\/div>\n\t\t\t\t<\/div>\n\t\t","protected":false},"excerpt":{"rendered":"<p>CTD &#8211; Finalistas Categoria Game Design (Disserta\u00e7\u00e3o) Accessible Heads-Up Computing: An HMD-Based VR Escape Game For Blind People. Angelo Coronado (UFG), Luciana Berretta (UFG), Sergio Carvalho (UFG) (Disserta\u00e7\u00e3o) Protocolo de Interven\u00e7\u00e3o Neuropsicol\u00f3gica Baseada em Jogos para Estudantes Superdotados. Guilherme Brante de Freitas Tanello (UFPR) (Disserta\u00e7\u00e3o) Timing Game: Development of a Game for Temporal Perception Research. [&hellip;]<\/p>\n","protected":false},"author":3,"featured_media":0,"parent":0,"menu_order":0,"comment_status":"closed","ping_status":"closed","template":"","meta":{"site-sidebar-layout":"no-sidebar","site-content-layout":"page-builder","ast-site-content-layout":"full-width-container","site-content-style":"default","site-sidebar-style":"default","ast-global-header-display":"","ast-banner-title-visibility":"","ast-main-header-display":"","ast-hfb-above-header-display":"","ast-hfb-below-header-display":"","ast-hfb-mobile-header-display":"","site-post-title":"disabled","ast-breadcrumbs-content":"","ast-featured-img":"disabled","footer-sml-layout":"","theme-transparent-header-meta":"","adv-header-id-meta":"","stick-header-meta":"","header-above-stick-meta":"","header-main-stick-meta":"","header-below-stick-meta":"","astra-migrate-meta-layouts":"set","ast-page-background-enabled":"default","ast-page-background-meta":{"desktop":{"background-color":"","background-image":"","background-repeat":"repeat","background-position":"center center","background-size":"auto","background-attachment":"scroll","background-type":"","background-media":"","overlay-type":"","overlay-color":"","overlay-opacity":"","overlay-gradient":""},"tablet":{"background-color":"","background-image":"","background-repeat":"repeat","background-position":"center center","background-size":"auto","background-attachment":"scroll","background-type":"","background-media":"","overlay-type":"","overlay-color":"","overlay-opacity":"","overlay-gradient":""},"mobile":{"background-color":"","background-image":"","background-repeat":"repeat","background-position":"center center","background-size":"auto","background-attachment":"scroll","background-type":"","background-media":"","overlay-type":"","overlay-color":"","overlay-opacity":"","overlay-gradient":""}},"ast-content-background-meta":{"desktop":{"background-color":"var(--ast-global-color-5)","background-image":"","background-repeat":"repeat","background-position":"center center","background-size":"auto","background-attachment":"scroll","background-type":"","background-media":"","overlay-type":"","overlay-color":"","overlay-opacity":"","overlay-gradient":""},"tablet":{"background-color":"var(--ast-global-color-5)","background-image":"","background-repeat":"repeat","background-position":"center center","background-size":"auto","background-attachment":"scroll","background-type":"","background-media":"","overlay-type":"","overlay-color":"","overlay-opacity":"","overlay-gradient":""},"mobile":{"background-color":"var(--ast-global-color-5)","background-image":"","background-repeat":"repeat","background-position":"center center","background-size":"auto","background-attachment":"scroll","background-type":"","background-media":"","overlay-type":"","overlay-color":"","overlay-opacity":"","overlay-gradient":""}},"footnotes":""},"class_list":["post-5346","page","type-page","status-publish","hentry"],"_links":{"self":[{"href":"https:\/\/sbgames.org\/sbgames2025\/wp-json\/wp\/v2\/pages\/5346","targetHints":{"allow":["GET"]}}],"collection":[{"href":"https:\/\/sbgames.org\/sbgames2025\/wp-json\/wp\/v2\/pages"}],"about":[{"href":"https:\/\/sbgames.org\/sbgames2025\/wp-json\/wp\/v2\/types\/page"}],"author":[{"embeddable":true,"href":"https:\/\/sbgames.org\/sbgames2025\/wp-json\/wp\/v2\/users\/3"}],"replies":[{"embeddable":true,"href":"https:\/\/sbgames.org\/sbgames2025\/wp-json\/wp\/v2\/comments?post=5346"}],"version-history":[{"count":4,"href":"https:\/\/sbgames.org\/sbgames2025\/wp-json\/wp\/v2\/pages\/5346\/revisions"}],"predecessor-version":[{"id":5351,"href":"https:\/\/sbgames.org\/sbgames2025\/wp-json\/wp\/v2\/pages\/5346\/revisions\/5351"}],"wp:attachment":[{"href":"https:\/\/sbgames.org\/sbgames2025\/wp-json\/wp\/v2\/media?parent=5346"}],"curies":[{"name":"wp","href":"https:\/\/api.w.org\/{rel}","templated":true}]}}