{"id":5271,"date":"2025-05-27T00:09:35","date_gmt":"2025-05-27T00:09:35","guid":{"rendered":"https:\/\/sbgames.org\/sbgames2025\/?page_id=5271"},"modified":"2025-08-19T21:55:10","modified_gmt":"2025-08-19T21:55:10","slug":"apresentacao-de-livros","status":"publish","type":"page","link":"https:\/\/sbgames.org\/sbgames2025\/apresentacao-de-livros\/","title":{"rendered":"Apresenta\u00e7\u00e3o de Livros"},"content":{"rendered":"\t\t<div data-elementor-type=\"wp-page\" data-elementor-id=\"5271\" class=\"elementor elementor-5271\">\n\t\t\t\t<div class=\"elementor-element elementor-element-979ad64 e-con-full e-flex e-con e-parent\" data-id=\"979ad64\" data-element_type=\"container\" data-settings=\"{&quot;background_background&quot;:&quot;classic&quot;}\">\n\t\t\t\t<div class=\"elementor-element elementor-element-c97ec4b elementor-widget elementor-widget-heading\" data-id=\"c97ec4b\" data-element_type=\"widget\" data-widget_type=\"heading.default\">\n\t\t\t\t<div class=\"elementor-widget-container\">\n\t\t\t\t\t<h2 class=\"elementor-heading-title elementor-size-default\">Apresentacao de livros<\/h2>\t\t\t\t<\/div>\n\t\t\t\t<\/div>\n\t\t<div class=\"elementor-element elementor-element-76fdb6e e-flex e-con-boxed e-con e-child\" data-id=\"76fdb6e\" data-element_type=\"container\" data-settings=\"{&quot;background_background&quot;:&quot;classic&quot;}\">\n\t\t\t\t\t<div class=\"e-con-inner\">\n\t\t\t\t<div class=\"elementor-element elementor-element-2eb7416 elementor-widget elementor-widget-text-editor\" data-id=\"2eb7416\" data-element_type=\"widget\" data-widget_type=\"text-editor.default\">\n\t\t\t\t<div class=\"elementor-widget-container\">\n\t\t\t\t\t\t\t\t\t<p>10\/08 &#8211; Prazo de submiss\u00e3o<\/p>\t\t\t\t\t\t\t\t<\/div>\n\t\t\t\t<\/div>\n\t\t\t\t<div class=\"elementor-element elementor-element-2de5e5a elementor-widget elementor-widget-text-editor\" data-id=\"2de5e5a\" data-element_type=\"widget\" data-widget_type=\"text-editor.default\">\n\t\t\t\t<div class=\"elementor-widget-container\">\n\t\t\t\t\t\t\t\t\t<p>17\/08 &#8211; Notifica\u00e7\u00e3o prevista<\/p>\t\t\t\t\t\t\t\t<\/div>\n\t\t\t\t<\/div>\n\t\t\t\t<div class=\"elementor-element elementor-element-e76b203 elementor-widget elementor-widget-heading\" data-id=\"e76b203\" data-element_type=\"widget\" data-widget_type=\"heading.default\">\n\t\t\t\t<div class=\"elementor-widget-container\">\n\t\t\t\t\t<h4 class=\"elementor-heading-title elementor-size-default\">14\/09 - Prazo para inscri\u00e7\u00e3o de autores<\/h4>\t\t\t\t<\/div>\n\t\t\t\t<\/div>\n\t\t\t\t\t<\/div>\n\t\t\t\t<\/div>\n\t\t<div class=\"elementor-element elementor-element-71a14b8 e-flex e-con-boxed e-con e-child\" data-id=\"71a14b8\" data-element_type=\"container\">\n\t\t\t\t\t<div class=\"e-con-inner\">\n\t\t<div class=\"elementor-element elementor-element-41558a6 e-flex e-con-boxed e-con e-child\" data-id=\"41558a6\" data-element_type=\"container\">\n\t\t\t\t\t<div class=\"e-con-inner\">\n\t\t\t\t<div class=\"elementor-element elementor-element-54fdb6c elementor-widget elementor-widget-text-editor\" data-id=\"54fdb6c\" data-element_type=\"widget\" data-widget_type=\"text-editor.default\">\n\t\t\t\t<div class=\"elementor-widget-container\">\n\t\t\t\t\t\t\t\t\t<h2><span style=\"font-weight: 400; color: #e71d73;\">LIVROS NO SBGAMES:<\/span><\/h2><p><span style=\"font-weight: 400;\">Venha apresentar o seu Livro no SBGames.<\/span><\/p><p><span style=\"font-weight: 400;\">O SBGames tem um espa\u00e7o para a apresenta\u00e7\u00e3o Livros durante o evento. Podem ser livros f\u00edsicos ou ebooks, did\u00e1ticos ou de literatura, obras comerciais ou dispon\u00edveis gratuitamente, em portugu\u00eas ou outra l\u00edngua, lan\u00e7amentos ou apresenta\u00e7\u00e3o da obra j\u00e1 publicada (desde que tenha no m\u00e1ximo 5 anos de publica\u00e7\u00e3o e n\u00e3o tenha sido apresentada no SBGames antes). As obras ser\u00e3o selecionadas conforme a pertin\u00eancia para o grande p\u00fablico do SBGames. Ser\u00e1 dada prefer\u00eancia para lan\u00e7amentos ou pr\u00e9-lan\u00e7amentos.<\/span><\/p><h2><span style=\"font-weight: 400; color: #e71d73;\">INSCRI\u00c7\u00d5ES<\/span><\/h2><p><span style=\"font-weight: 400;\">As propostas submetidas ser\u00e3o avaliadas quanto a pertin\u00eancia da obra para o p\u00fablico do SBGames. Os autores selecionados ter\u00e3o oportunidade de apresentar sua obra em um per\u00edodo de tempo exclusivo dentro de uma das se\u00e7\u00f5es t\u00e9cnicas do SBGames. A dura\u00e7\u00e3o das apresenta\u00e7\u00f5es depender\u00e1 do n\u00famero de autores selecionados, mas, n\u00e3o ser\u00e1 menos que 10 minutos. Cada autor poder\u00e1 inscrever at\u00e9 3 obras\/livros e a coordena\u00e7\u00e3o poder\u00e1 selecionar uma, duas ou todas as obras de um autor.<\/span><\/p><p><span style=\"font-weight: 400;\">Para o Livro ser apresentado no SBGames, pelo menos um dos autores dos livros selecionados dever\u00e1 se inscrever no evento.<\/span><\/p><p><span style=\"font-weight: 400;\">Os livros selecionados para apresenta\u00e7\u00e3o ser\u00e3o colocados nesta p\u00e1gina e os autores ser\u00e3o notificados por e-mail sobre sua aceita\u00e7\u00e3o, ou n\u00e3o, para apresenta\u00e7\u00e3o no SBGames.<\/span><\/p><p><span style=\"font-weight: 400;\">As propostas de apresenta\u00e7\u00e3o de livros dever\u00e3o ser enviadas para a Coordena\u00e7\u00e3o da Atividade, por email, contendo os seguintes dados:<\/span><\/p><p><span style=\"font-weight: 400;\">T\u00edtulo Original:<\/span><\/p><p><span style=\"font-weight: 400;\">Autores:<\/span><\/p><p><span style=\"font-weight: 400;\">Editora:<\/span><\/p><p><span style=\"font-weight: 400;\">Categoria (lan\u00e7amento, pr\u00e9-lan\u00e7amento, j\u00e1 lan\u00e7ado):<\/span><\/p><p><span style=\"font-weight: 400;\">Ano de Publica\u00e7\u00e3o:<\/span><\/p><p><span style=\"font-weight: 400;\">Tipo de Obra: Comercial, Gratuita<\/span><\/p><p><span style=\"font-weight: 400;\">P\u00fablico-Alvo do SBGames:<\/span><\/p><p><span style=\"font-weight: 400;\">Trilha de Alinhamento do SBGames: Arte &amp; Design, Computa\u00e7\u00e3o, Cultura, Educa\u00e7\u00e3o, Ind\u00fastria ou Sa\u00fade.<\/span><\/p><p><span id=\"selecionados\" style=\"font-weight: 400;\">Apresenta\u00e7\u00e3o do Livro (100 a 250 palavras):<\/span><\/p><h2><span style=\"font-weight: 400; color: #e71d73;\"><span style=\"font-weight: 400;\">Livros Aceitos para Divulga\u00e7\u00f5es<\/span><\/span><\/h2><ul><li style=\"font-weight: 400;\" aria-level=\"1\"><ul><li style=\"font-weight: 400;\" aria-level=\"1\"><span style=\"font-weight: 400;\">T\u00edtulo Original: <\/span><b>Divirta-se com 21 Jogos L\u00f3gicos no Mesmo Tabuleiro (s\u00e9rie de 3 volumes)<\/b><ul><li style=\"font-weight: 400;\" aria-level=\"2\"><span style=\"font-weight: 400;\">Onde ser\u00e1 apresentado: <\/span><b>Trilha Educa\u00e7\u00e3o &#8211; 01\/10\/2025 &#8211; 11:30h (Sess\u00e3o 02)<\/b><\/li><li style=\"font-weight: 400;\" aria-level=\"2\"><span style=\"font-weight: 400;\">Autores: Renato Perez Ribas<\/span><\/li><\/ul><\/li><\/ul><br \/><ul><li style=\"font-weight: 400;\" aria-level=\"1\"><span style=\"font-weight: 400;\">T\u00edtulo Original: <\/span><b>Como Fazer Jogos de Tabuleiro: + 20 Receitas Pr\u00e1ticas<\/b><ul><li style=\"font-weight: 400;\" aria-level=\"2\"><span style=\"font-weight: 400;\">Onde ser\u00e1 apresentado: <\/span><b>Trilha Educa\u00e7\u00e3o &#8211; 03\/10\/2025 &#8211; 11:00h (Sess\u00e3o 16)<\/b><\/li><li style=\"font-weight: 400;\" aria-level=\"2\"><span style=\"font-weight: 400;\">Autores: Marcelo La Carretta<\/span><\/li><\/ul><\/li><\/ul><br \/><ul><li style=\"font-weight: 400;\" aria-level=\"1\"><span style=\"font-weight: 400;\">T\u00edtulo Original: <\/span><b>Atrav\u00e9s das \u00e1guas<\/b><ul><li style=\"font-weight: 400;\" aria-level=\"2\"><span style=\"font-weight: 400;\">Onde ser\u00e1 apresentado: <\/span><b>Trilha Sa\u00fade- 01\/10\/2025 &#8211; 14:30h (Sess\u00e3o 02)<\/b><\/li><li style=\"font-weight: 400;\" aria-level=\"2\"><span style=\"font-weight: 400;\">Autores: Paula Alvarez Abreu, Daiana de Paula Ara\u00fajo, Paula Lohayne Silva<\/span><\/li><\/ul><\/li><\/ul><br \/><ul><li style=\"font-weight: 400;\" aria-level=\"1\"><span style=\"font-weight: 400;\">T\u00edtulo Original: <\/span><b>Engenharia de Jogos Digitais: uma vis\u00e3o apoiada na Engenharia de Software<\/b><ul><li style=\"font-weight: 400;\" aria-level=\"2\"><span style=\"font-weight: 400;\">Onde ser\u00e1 apresentado: <\/span><b>Trilha Computa\u00e7\u00e3o &#8211; 01\/10\/2025 &#8211; 11:30h (Sess\u00e3o 01)<\/b><\/li><li style=\"font-weight: 400;\" aria-level=\"2\"><span style=\"font-weight: 400;\">Autores: Paulo Rezende e Tadeu M. de Classe<\/span><\/li><\/ul><\/li><\/ul><\/li><\/ul>\t\t\t\t\t\t\t\t<\/div>\n\t\t\t\t<\/div>\n\t\t<div class=\"elementor-element elementor-element-d5659f8 e-con-full e-flex e-con e-child\" data-id=\"d5659f8\" data-element_type=\"container\">\n\t\t\t\t<div class=\"elementor-element elementor-element-efe130d elementor-widget elementor-widget-heading\" data-id=\"efe130d\" data-element_type=\"widget\" data-widget_type=\"heading.default\">\n\t\t\t\t<div class=\"elementor-widget-container\">\n\t\t\t\t\t<h2 class=\"elementor-heading-title elementor-size-default\">SBGames 2025<\/br> Co-Coordenadores<\/h2>\t\t\t\t<\/div>\n\t\t\t\t<\/div>\n\t\t<div class=\"elementor-element elementor-element-f847ad8 e-flex e-con-boxed e-con e-child\" data-id=\"f847ad8\" data-element_type=\"container\">\n\t\t\t\t\t<div class=\"e-con-inner\">\n\t\t<div class=\"elementor-element elementor-element-768248c e-flex e-con-boxed e-con e-child\" data-id=\"768248c\" data-element_type=\"container\">\n\t\t\t\t\t<div class=\"e-con-inner\">\n\t\t\t\t<div class=\"elementor-element elementor-element-c7e7ba2 elementor-widget elementor-widget-heading\" data-id=\"c7e7ba2\" data-element_type=\"widget\" data-widget_type=\"heading.default\">\n\t\t\t\t<div class=\"elementor-widget-container\">\n\t\t\t\t\t<h3 class=\"elementor-heading-title elementor-size-default\">Tadeu Moreira de Classe<\/h3>\t\t\t\t<\/div>\n\t\t\t\t<\/div>\n\t\t\t\t<div class=\"elementor-element elementor-element-1d3e94c elementor-widget elementor-widget-heading\" data-id=\"1d3e94c\" data-element_type=\"widget\" data-widget_type=\"heading.default\">\n\t\t\t\t<div class=\"elementor-widget-container\">\n\t\t\t\t\t<h5 class=\"elementor-heading-title elementor-size-default\">UNIRIO<\/h5>\t\t\t\t<\/div>\n\t\t\t\t<\/div>\n\t\t\t\t\t<\/div>\n\t\t\t\t<\/div>\n\t\t\t\t\t<\/div>\n\t\t\t\t<\/div>\n\t\t\t\t<\/div>\n\t\t\t\t\t<\/div>\n\t\t\t\t<\/div>\n\t\t<div class=\"elementor-element elementor-element-b88d3f6 e-con-full e-flex e-con e-child\" data-id=\"b88d3f6\" data-element_type=\"container\">\n\t\t\t\t<div class=\"elementor-element elementor-element-44b5fb9 elementor-align-center elementor-widget__width-inherit elementor-widget elementor-widget-button\" data-id=\"44b5fb9\" data-element_type=\"widget\" data-widget_type=\"button.default\">\n\t\t\t\t<div class=\"elementor-widget-container\">\n\t\t\t\t\t\t\t\t\t<div class=\"elementor-button-wrapper\">\n\t\t\t\t\t<a class=\"elementor-button elementor-button-link elementor-size-sm\" href=\"#selecionados\">\n\t\t\t\t\t\t<span class=\"elementor-button-content-wrapper\">\n\t\t\t\t\t\t\t\t\t<span class=\"elementor-button-text\"> livros selecionados<\/span>\n\t\t\t\t\t<\/span>\n\t\t\t\t\t<\/a>\n\t\t\t\t<\/div>\n\t\t\t\t\t\t\t\t<\/div>\n\t\t\t\t<\/div>\n\t\t\t\t<\/div>\n\t\t\t\t\t<\/div>\n\t\t\t\t<\/div>\n\t\t\t\t<\/div>\n\t\t\t\t<\/div>\n\t\t","protected":false},"excerpt":{"rendered":"<p>Apresentacao de livros 10\/08 &#8211; Prazo de submiss\u00e3o 17\/08 &#8211; Notifica\u00e7\u00e3o prevista 14\/09 &#8211; Prazo para inscri\u00e7\u00e3o de autores LIVROS NO SBGAMES: Venha apresentar o seu Livro no SBGames. O SBGames tem um espa\u00e7o para a apresenta\u00e7\u00e3o Livros durante o evento. Podem ser livros f\u00edsicos ou ebooks, did\u00e1ticos ou de literatura, obras comerciais ou dispon\u00edveis [&hellip;]<\/p>\n","protected":false},"author":3,"featured_media":0,"parent":0,"menu_order":0,"comment_status":"closed","ping_status":"closed","template":"","meta":{"site-sidebar-layout":"no-sidebar","site-content-layout":"page-builder","ast-site-content-layout":"full-width-container","site-content-style":"default","site-sidebar-style":"default","ast-global-header-display":"","ast-banner-title-visibility":"","ast-main-header-display":"","ast-hfb-above-header-display":"","ast-hfb-below-header-display":"","ast-hfb-mobile-header-display":"","site-post-title":"disabled","ast-breadcrumbs-content":"","ast-featured-img":"disabled","footer-sml-layout":"","theme-transparent-header-meta":"","adv-header-id-meta":"","stick-header-meta":"","header-above-stick-meta":"","header-main-stick-meta":"","header-below-stick-meta":"","astra-migrate-meta-layouts":"set","ast-page-background-enabled":"default","ast-page-background-meta":{"desktop":{"background-color":"","background-image":"","background-repeat":"repeat","background-position":"center center","background-size":"auto","background-attachment":"scroll","background-type":"","background-media":"","overlay-type":"","overlay-color":"","overlay-opacity":"","overlay-gradient":""},"tablet":{"background-color":"","background-image":"","background-repeat":"repeat","background-position":"center center","background-size":"auto","background-attachment":"scroll","background-type":"","background-media":"","overlay-type":"","overlay-color":"","overlay-opacity":"","overlay-gradient":""},"mobile":{"background-color":"","background-image":"","background-repeat":"repeat","background-position":"center center","background-size":"auto","background-attachment":"scroll","background-type":"","background-media":"","overlay-type":"","overlay-color":"","overlay-opacity":"","overlay-gradient":""}},"ast-content-background-meta":{"desktop":{"background-color":"var(--ast-global-color-5)","background-image":"","background-repeat":"repeat","background-position":"center center","background-size":"auto","background-attachment":"scroll","background-type":"","background-media":"","overlay-type":"","overlay-color":"","overlay-opacity":"","overlay-gradient":""},"tablet":{"background-color":"var(--ast-global-color-5)","background-image":"","background-repeat":"repeat","background-position":"center center","background-size":"auto","background-attachment":"scroll","background-type":"","background-media":"","overlay-type":"","overlay-color":"","overlay-opacity":"","overlay-gradient":""},"mobile":{"background-color":"var(--ast-global-color-5)","background-image":"","background-repeat":"repeat","background-position":"center center","background-size":"auto","background-attachment":"scroll","background-type":"","background-media":"","overlay-type":"","overlay-color":"","overlay-opacity":"","overlay-gradient":""}},"footnotes":""},"class_list":["post-5271","page","type-page","status-publish","hentry"],"_links":{"self":[{"href":"https:\/\/sbgames.org\/sbgames2025\/wp-json\/wp\/v2\/pages\/5271","targetHints":{"allow":["GET"]}}],"collection":[{"href":"https:\/\/sbgames.org\/sbgames2025\/wp-json\/wp\/v2\/pages"}],"about":[{"href":"https:\/\/sbgames.org\/sbgames2025\/wp-json\/wp\/v2\/types\/page"}],"author":[{"embeddable":true,"href":"https:\/\/sbgames.org\/sbgames2025\/wp-json\/wp\/v2\/users\/3"}],"replies":[{"embeddable":true,"href":"https:\/\/sbgames.org\/sbgames2025\/wp-json\/wp\/v2\/comments?post=5271"}],"version-history":[{"count":19,"href":"https:\/\/sbgames.org\/sbgames2025\/wp-json\/wp\/v2\/pages\/5271\/revisions"}],"predecessor-version":[{"id":5543,"href":"https:\/\/sbgames.org\/sbgames2025\/wp-json\/wp\/v2\/pages\/5271\/revisions\/5543"}],"wp:attachment":[{"href":"https:\/\/sbgames.org\/sbgames2025\/wp-json\/wp\/v2\/media?parent=5271"}],"curies":[{"name":"wp","href":"https:\/\/api.w.org\/{rel}","templated":true}]}}