{"id":4953,"date":"2025-03-10T20:59:05","date_gmt":"2025-03-10T20:59:05","guid":{"rendered":"https:\/\/sbgames.org\/sbgames2025\/?page_id=4953"},"modified":"2025-09-02T01:20:51","modified_gmt":"2025-09-02T01:20:51","slug":"inscricao","status":"publish","type":"page","link":"https:\/\/sbgames.org\/sbgames2025\/inscricao\/","title":{"rendered":"inscricao"},"content":{"rendered":"\t\t<div data-elementor-type=\"wp-page\" data-elementor-id=\"4953\" class=\"elementor elementor-4953\">\n\t\t\t\t<div class=\"elementor-element elementor-element-32c638a e-con-full e-flex e-con e-parent\" data-id=\"32c638a\" data-element_type=\"container\" data-settings=\"{&quot;background_background&quot;:&quot;classic&quot;}\">\n\t\t<div class=\"elementor-element elementor-element-2d3dc94 e-flex e-con-boxed e-con e-child\" data-id=\"2d3dc94\" data-element_type=\"container\" data-settings=\"{&quot;background_background&quot;:&quot;classic&quot;}\">\n\t\t\t\t\t<div class=\"e-con-inner\">\n\t\t\t\t<div class=\"elementor-element elementor-element-13d1ea1 elementor-widget elementor-widget-heading\" data-id=\"13d1ea1\" data-element_type=\"widget\" data-widget_type=\"heading.default\">\n\t\t\t\t<div class=\"elementor-widget-container\">\n\t\t\t\t\t<h3 class=\"elementor-heading-title elementor-size-default\">inscricao<\/h3>\t\t\t\t<\/div>\n\t\t\t\t<\/div>\n\t\t\t\t<div class=\"elementor-element elementor-element-1de8c2e elementor-align-center elementor-widget__width-inherit elementor-widget elementor-widget-button\" data-id=\"1de8c2e\" data-element_type=\"widget\" data-widget_type=\"button.default\">\n\t\t\t\t<div class=\"elementor-widget-container\">\n\t\t\t\t\t\t\t\t\t<div class=\"elementor-button-wrapper\">\n\t\t\t\t\t<a class=\"elementor-button elementor-button-link elementor-size-sm\" href=\"https:\/\/centraldesistemas.sbc.org.br\/ecos\/sbgames_sibgrapi_svr2025\" target=\"_blank\">\n\t\t\t\t\t\t<span class=\"elementor-button-content-wrapper\">\n\t\t\t\t\t\t\t\t\t<span class=\"elementor-button-text\">Inscreva-se<\/span>\n\t\t\t\t\t<\/span>\n\t\t\t\t\t<\/a>\n\t\t\t\t<\/div>\n\t\t\t\t\t\t\t\t<\/div>\n\t\t\t\t<\/div>\n\t\t\t\t\t<\/div>\n\t\t\t\t<\/div>\n\t\t<div class=\"elementor-element elementor-element-68426bf e-flex e-con-boxed e-con e-child\" data-id=\"68426bf\" data-element_type=\"container\">\n\t\t\t\t\t<div class=\"e-con-inner\">\n\t\t\t\t<div class=\"elementor-element elementor-element-9f8ed2e elementor-widget elementor-widget-text-editor\" data-id=\"9f8ed2e\" data-element_type=\"widget\" data-widget_type=\"text-editor.default\">\n\t\t\t\t<div class=\"elementor-widget-container\">\n\t\t\t\t\t\t\t\t\t<p>Este evento \u00e9 organizado pela\u00a0<strong>Sociedade Brasileira de Computa\u00e7\u00e3o \u2013 SBC<\/strong>, que \u00e9 uma associa\u00e7\u00e3o civil, sem fins lucrativos, que incentiva o desenvolvimento tecnol\u00f3gico e cient\u00edfico no Brasil e \u00e9 a maior sociedade de computa\u00e7\u00e3o da Am\u00e9rica do Sul.<\/p><p>As taxas de inscri\u00e7\u00e3o para SBGames est\u00e3o listadas abaixo. Ressaltamos que estudantes e profissionais que n\u00e3o sejam associados da SBC ou ACM poder\u00e3o aderir (ou renovar a ades\u00e3o) \u00e0 SBC no processo de inscri\u00e7\u00e3o, ou \u00e0 ACM previamente \u00e0 inscri\u00e7\u00e3o. Inscrever-se com a ades\u00e3o combinada ao SBC \u00e9 a op\u00e7\u00e3o mais barata para n\u00e3o membros do\u00a0<a href=\"http:\/\/www.sbc.org.br\/associe-se-2\/269-beneficios\">SBC<\/a>\u00a0ou\u00a0<a href=\"https:\/\/www.acm.org\/membership\/membership-benefits\">ACM<\/a>, al\u00e9m de tamb\u00e9m encorajarmos a ades\u00e3o ao ACM, que \u00e9 um pouco mais caro, mas tamb\u00e9m lhe dar\u00e1 desconto. Confira os benef\u00edcios de ingressar na SBC ou ACM. Observe que as inscri\u00e7\u00f5es combinadas (ou \u00fanicas) para participa\u00e7\u00e3o tamb\u00e9m no SIBGRAPI tamb\u00e9m d\u00e3o desconto para associados do IEEE.<\/p>\t\t\t\t\t\t\t\t<\/div>\n\t\t\t\t<\/div>\n\t\t\t\t\t<\/div>\n\t\t\t\t<\/div>\n\t\t<div class=\"elementor-element elementor-element-a3b27c4 e-flex e-con-boxed e-con e-child\" data-id=\"a3b27c4\" data-element_type=\"container\">\n\t\t\t\t\t<div class=\"e-con-inner\">\n\t\t\t\t<div class=\"elementor-element elementor-element-3aa0bd7 elementor-widget elementor-widget-heading\" data-id=\"3aa0bd7\" data-element_type=\"widget\" data-widget_type=\"heading.default\">\n\t\t\t\t<div class=\"elementor-widget-container\">\n\t\t\t\t\t<h5 class=\"elementor-heading-title elementor-size-default\">Benef\u00edcios de Registro\n<\/h5>\t\t\t\t<\/div>\n\t\t\t\t<\/div>\n\t\t\t\t<div class=\"elementor-element elementor-element-b2f29a5 elementor-widget elementor-widget-text-editor\" data-id=\"b2f29a5\" data-element_type=\"widget\" data-widget_type=\"text-editor.default\">\n\t\t\t\t<div class=\"elementor-widget-container\">\n\t\t\t\t\t\t\t\t\t<p style=\"text-align: center;\">Os participantes inscritos receber\u00e3o um certificado e tamb\u00e9m ter\u00e3o acesso a todas as sess\u00f5es do evento e aos anais da confer\u00eancia.<\/p>\t\t\t\t\t\t\t\t<\/div>\n\t\t\t\t<\/div>\n\t\t\t\t\t<\/div>\n\t\t\t\t<\/div>\n\t\t<div class=\"elementor-element elementor-element-debdbc9 e-flex e-con-boxed e-con e-child\" data-id=\"debdbc9\" data-element_type=\"container\">\n\t\t\t\t\t<div class=\"e-con-inner\">\n\t\t\t\t<div class=\"elementor-element elementor-element-50a13d5 elementor-widget elementor-widget-heading\" data-id=\"50a13d5\" data-element_type=\"widget\" data-widget_type=\"heading.default\">\n\t\t\t\t<div class=\"elementor-widget-container\">\n\t\t\t\t\t<h5 class=\"elementor-heading-title elementor-size-default\">Verificando a Categoria Escolhida<\/h5>\t\t\t\t<\/div>\n\t\t\t\t<\/div>\n\t\t\t\t<div class=\"elementor-element elementor-element-63b307d elementor-widget elementor-widget-text-editor\" data-id=\"63b307d\" data-element_type=\"widget\" data-widget_type=\"text-editor.default\">\n\t\t\t\t<div class=\"elementor-widget-container\">\n\t\t\t\t\t\t\t\t\t<p>No momento da inscri\u00e7\u00e3o no sistema ECOS, para categorias que necessitam de algum tipo de comprova\u00e7\u00e3o, ser\u00e1 necess\u00e1rio o upload que atesta a categoria escolhida. A verifica\u00e7\u00e3o deste documento pode levar at\u00e9 2 (dois) dias \u00fateis. Assim, sugerimos que, para evitar qualquer inconveniente, os participantes evitem inscri\u00e7\u00f5es de \u00faltima hora (por exemplo, no \u00faltimo dia do per\u00edodo de inscri\u00e7\u00e3o). Somente ap\u00f3s valida\u00e7\u00e3o pela equipe da SBC as formas de pagamento ser\u00e3o liberadas. O inscrito receber\u00e1 e-mails informativos em todas as etapas do cadastro no SBGames.<\/p><p><strong>Inscri\u00e7\u00f5es sem desconto poder\u00e3o ser feitas at\u00e9 o \u00faltimo dia do evento.<\/strong><\/p>\t\t\t\t\t\t\t\t<\/div>\n\t\t\t\t<\/div>\n\t\t\t\t\t<\/div>\n\t\t\t\t<\/div>\n\t\t<div class=\"elementor-element elementor-element-6af3fab e-flex e-con-boxed e-con e-child\" data-id=\"6af3fab\" data-element_type=\"container\">\n\t\t\t\t\t<div class=\"e-con-inner\">\n\t\t\t\t<div class=\"elementor-element elementor-element-53d6eab elementor-widget elementor-widget-heading\" data-id=\"53d6eab\" data-element_type=\"widget\" data-widget_type=\"heading.default\">\n\t\t\t\t<div class=\"elementor-widget-container\">\n\t\t\t\t\t<h5 class=\"elementor-heading-title elementor-size-default\">Inscri\u00e7\u00f5es para Autores<\/h5>\t\t\t\t<\/div>\n\t\t\t\t<\/div>\n\t\t\t\t<div class=\"elementor-element elementor-element-a3d53b3 elementor-widget elementor-widget-text-editor\" data-id=\"a3d53b3\" data-element_type=\"widget\" data-widget_type=\"text-editor.default\">\n\t\t\t\t<div class=\"elementor-widget-container\">\n\t\t\t\t\t\t\t\t\t<p>Para publica\u00e7\u00f5es aceitas na\u00a0<strong>trilha Computa\u00e7\u00e3o,\u00a0pelo menos 1 (um) autor deve estar inscrito como \u201cProfissional\u201d<\/strong>\u00a0e ter pago a taxa de publica\u00e7\u00e3o do artigo. Para\u00a0<strong>as demais trilhas<\/strong>, \u00e9 necess\u00e1rio\u00a0<strong>que apenas um autor deva estar inscrito, independente da sua categoria<\/strong>, e ter pago a taxa de publica\u00e7\u00e3o do artigo. Al\u00e9m disso, todos os autores que ser\u00e3o\u00a0<strong>apresentadores precisam estar inscritos<\/strong>\u00a0na confer\u00eancia.<\/p><p><strong>A Taxa de Publica\u00e7\u00e3o<\/strong> da T<strong>rilhas<\/strong>\u00a0do SBGames \u00e9 de R$ 120,00 (um \u00fanico pagamento por artigo).<\/p>\t\t\t\t\t\t\t\t<\/div>\n\t\t\t\t<\/div>\n\t\t\t\t\t<\/div>\n\t\t\t\t<\/div>\n\t\t<div class=\"elementor-element elementor-element-9bd7f5f e-flex e-con-boxed e-con e-child\" data-id=\"9bd7f5f\" data-element_type=\"container\">\n\t\t\t\t\t<div class=\"e-con-inner\">\n\t\t\t\t<div class=\"elementor-element elementor-element-a26b85f elementor-widget elementor-widget-heading\" data-id=\"a26b85f\" data-element_type=\"widget\" data-widget_type=\"heading.default\">\n\t\t\t\t<div class=\"elementor-widget-container\">\n\t\t\t\t\t<h5 class=\"elementor-heading-title elementor-size-default\">Formas de Pagamento\n<\/h5>\t\t\t\t<\/div>\n\t\t\t\t<\/div>\n\t\t\t\t<div class=\"elementor-element elementor-element-cdcdc3e elementor-widget elementor-widget-text-editor\" data-id=\"cdcdc3e\" data-element_type=\"widget\" data-widget_type=\"text-editor.default\">\n\t\t\t\t<div class=\"elementor-widget-container\">\n\t\t\t\t\t\t\t\t\t<p style=\"text-align: center;\">O pagamento da inscri\u00e7\u00e3o poder\u00e1 ser feito por boleto banc\u00e1rio, cart\u00e3o de cr\u00e9dito, d\u00e9bito em conta do Banco do Brasil, nota de compromisso e cobran\u00e7a, atrav\u00e9s do sistema de cadastro da SBC, por\u00e9m os pagamentos por d\u00e9bito e boleto banc\u00e1rio ser\u00e3o encerrado A DEFINIR. Ap\u00f3s essa data ser\u00e1 poss\u00edvel pagar apenas com cart\u00e3o de cr\u00e9dito, nota de compromisso e cobran\u00e7a pelo sistema de cadastro.<\/p>\t\t\t\t\t\t\t\t<\/div>\n\t\t\t\t<\/div>\n\t\t\t\t\t<\/div>\n\t\t\t\t<\/div>\n\t\t<div class=\"elementor-element elementor-element-8f6585c e-flex e-con-boxed e-con e-child\" data-id=\"8f6585c\" data-element_type=\"container\">\n\t\t\t\t\t<div class=\"e-con-inner\">\n\t\t\t\t<div class=\"elementor-element elementor-element-f09d9b6 elementor-widget elementor-widget-heading\" data-id=\"f09d9b6\" data-element_type=\"widget\" data-widget_type=\"heading.default\">\n\t\t\t\t<div class=\"elementor-widget-container\">\n\t\t\t\t\t<h5 class=\"elementor-heading-title elementor-size-default\">Inscri\u00e7\u00f5es por Nota de Compromisso e Faturamento<\/h5>\t\t\t\t<\/div>\n\t\t\t\t<\/div>\n\t\t\t\t<div class=\"elementor-element elementor-element-c365c37 elementor-widget elementor-widget-text-editor\" data-id=\"c365c37\" data-element_type=\"widget\" data-widget_type=\"text-editor.default\">\n\t\t\t\t<div class=\"elementor-widget-container\">\n\t\t\t\t\t\t\t\t\t<p style=\"text-align: center;\">O participante dever\u00e1 acessar o sistema ECOS e realizar o cadastro, selecionando a forma de pagamento \u201cnota de compromisso\u201d ou \u201cfaturamento\u201d e clicando em pagar. O sistema fornecer\u00e1 as informa\u00e7\u00f5es necess\u00e1rias que dever\u00e3o constar na nota de compromisso ou solicita\u00e7\u00e3o de faturamento.<\/p>\t\t\t\t\t\t\t\t<\/div>\n\t\t\t\t<\/div>\n\t\t\t\t\t<\/div>\n\t\t\t\t<\/div>\n\t\t<div class=\"elementor-element elementor-element-ca8953f e-flex e-con-boxed e-con e-child\" data-id=\"ca8953f\" data-element_type=\"container\">\n\t\t\t\t\t<div class=\"e-con-inner\">\n\t\t\t\t<div class=\"elementor-element elementor-element-e8bdddc elementor-widget elementor-widget-heading\" data-id=\"e8bdddc\" data-element_type=\"widget\" data-widget_type=\"heading.default\">\n\t\t\t\t<div class=\"elementor-widget-container\">\n\t\t\t\t\t<h5 class=\"elementor-heading-title elementor-size-default\">Pol\u00edtica de Cancelamento<\/h5>\t\t\t\t<\/div>\n\t\t\t\t<\/div>\n\t\t\t\t<div class=\"elementor-element elementor-element-863621b elementor-widget elementor-widget-text-editor\" data-id=\"863621b\" data-element_type=\"widget\" data-widget_type=\"text-editor.default\">\n\t\t\t\t<div class=\"elementor-widget-container\">\n\t\t\t\t\t\t\t\t\t<p style=\"text-align: center;\">At\u00e9 o dia A DEFINIR poder\u00e1 ser feito o reembolso de 80% do valor pago pela inscri\u00e7\u00e3o no SBGames. Ap\u00f3s esta data n\u00e3o haver\u00e1 devolu\u00e7\u00e3o de qualquer valor pago. A pol\u00edtica se aplica tanto ao cancelamento de registro quanto ao cancelamento de qualquer atividade adicional. Para solicitar o cancelamento, envie um e-mail para\u00a0<a href=\"mailto:faturamento@sbc.org.br\">faturamento@sbc.org.br<\/a>.<\/p>\t\t\t\t\t\t\t\t<\/div>\n\t\t\t\t<\/div>\n\t\t\t\t\t<\/div>\n\t\t\t\t<\/div>\n\t\t<div class=\"elementor-element elementor-element-166a7a8 e-flex e-con-boxed e-con e-child\" data-id=\"166a7a8\" data-element_type=\"container\">\n\t\t\t\t\t<div class=\"e-con-inner\">\n\t\t\t\t<div class=\"elementor-element elementor-element-00a39f8 elementor-widget elementor-widget-heading\" data-id=\"00a39f8\" data-element_type=\"widget\" data-widget_type=\"heading.default\">\n\t\t\t\t<div class=\"elementor-widget-container\">\n\t\t\t\t\t<h5 class=\"elementor-heading-title elementor-size-default\">Por que ingressar na SBC, IEEE ou ACM?<\/h5>\t\t\t\t<\/div>\n\t\t\t\t<\/div>\n\t\t\t\t<div class=\"elementor-element elementor-element-91d3870 elementor-widget elementor-widget-text-editor\" data-id=\"91d3870\" data-element_type=\"widget\" data-widget_type=\"text-editor.default\">\n\t\t\t\t<div class=\"elementor-widget-container\">\n\t\t\t\t\t\t\t\t\t<p>A ades\u00e3o a uma Sociedade Cient\u00edfica \u00e9 uma forma de torn\u00e1-la ainda mais forte para representar a nossa \u00e1rea de atua\u00e7\u00e3o nos diversos setores. Que tal se juntar a n\u00f3s? Outras raz\u00f5es para ser membro da Sociedade s\u00e3o:<\/p><ul><li>Acesso \u00e0 rede wireless\u00a0Eduroam\u00a0(apenas para particulares);<\/li><li>Acesso a\u00a0<a href=\"https:\/\/www.rnp.br\/servicos\/filesender\" target=\"_blank\" rel=\"noreferrer noopener\"><strong>RNP\u2019s FileSender<\/strong><\/a>;<\/li><li>Desconto na inscri\u00e7\u00e3o para mais de 40 eventos realizados anualmente pela SBC e mais de 2.000 (IEEE) e 170 (ACM) realizados em todo o mundo;<\/li><li>Desconto de pelo menos 15% na inscri\u00e7\u00e3o nos eventos apoiados;<\/li><li>Taxa de inscri\u00e7\u00e3o diferenciada no POSCOMP;<\/li><li>Acesso a estudos realizados pela SBC, IEEE, ACM, e destinados a \u00f3rg\u00e3os p\u00fablicos ou privados, expressando posicionamentos pol\u00edticos da Sociedade.<\/li><\/ul><p>Confira os benef\u00edcios espec\u00edficos de cada categoria em suas p\u00e1ginas web:\u00a0<a href=\"http:\/\/www.sbc.org.br\/associe-se-2\/269-beneficios\" target=\"_blank\" rel=\"noreferrer noopener\"><strong>SBC<\/strong><\/a>,\u00a0<a href=\"https:\/\/www.ieee.org\/membership\/index.html\" target=\"_blank\" rel=\"noreferrer noopener\"><strong>IEEE<\/strong><\/a>, e\u00a0<a href=\"https:\/\/www.acm.org\/membership\/membership-benefits\" target=\"_blank\" rel=\"noreferrer noopener\"><strong>ACM<\/strong><\/a>.<\/p>\t\t\t\t\t\t\t\t<\/div>\n\t\t\t\t<\/div>\n\t\t\t\t\t<\/div>\n\t\t\t\t<\/div>\n\t\t<div class=\"elementor-element elementor-element-05820d4 e-flex e-con-boxed e-con e-child\" data-id=\"05820d4\" data-element_type=\"container\">\n\t\t\t\t\t<div class=\"e-con-inner\">\n\t\t\t\t<div class=\"elementor-element elementor-element-ed821ce elementor-widget elementor-widget-heading\" data-id=\"ed821ce\" data-element_type=\"widget\" data-widget_type=\"heading.default\">\n\t\t\t\t<div class=\"elementor-widget-container\">\n\t\t\t\t\t<h5 class=\"elementor-heading-title elementor-size-default\">Tabela de Pre\u00e7os<\/h5>\t\t\t\t<\/div>\n\t\t\t\t<\/div>\n\t\t\t\t<div class=\"elementor-element elementor-element-49ebff9 elementor-widget elementor-widget-text-editor\" data-id=\"49ebff9\" data-element_type=\"widget\" data-widget_type=\"text-editor.default\">\n\t\t\t\t<div class=\"elementor-widget-container\">\n\t\t\t\t\t\t\t\t\t<table dir=\"ltr\" border=\"1\" cellspacing=\"0\" cellpadding=\"0\" data-sheets-root=\"1\" data-sheets-baot=\"1\"><colgroup> <col width=\"100\" \/> <col width=\"100\" \/> <col width=\"100\" \/> <col width=\"100\" \/><\/colgroup><tbody><tr><td colspan=\"1\" rowspan=\"2\"><div><span style=\"color: #e71d73;\">Categoria<\/span><\/div><\/td><td colspan=\"3\" rowspan=\"1\">Faixas de Datas<\/td><\/tr><tr><td>1\u00aa Faixa de Inscri\u00e7\u00e3o<br \/>A partir de: <span style=\"color: #e71d73;\">01\/06\/2025<\/span><br \/>at\u00e9: <span style=\"color: #e71d73;\">15\/09\/2025<\/span><\/td><td>2\u00aa Faixa de Inscri\u00e7\u00e3o<br \/>A partir de: <span style=\"color: #e71d73;\">16\/09\/2025<\/span><br \/>at\u00e9: <span style=\"color: #e71d73;\">03\/10\/2025<\/span><\/td><td>Anuidade<\/td><\/tr><tr><td>Estudante associado \u00e0 SBC com anuidade vigente<\/td><td>R$ 136,00<\/td><td>R$ 176,80<\/td><td>&#8211;<\/td><\/tr><tr><td>Estudante associado \u00e0 SBC com anuidade vencendo em at\u00e9 90 dias (COMBO: inscri\u00e7\u00e3o no evento + renova\u00e7\u00e3o da associa\u00e7\u00e3o \u00e0 SBC)<\/td><td>R$ 136,00<\/td><td>R$ 176,80<\/td><td>R$ 33,00<\/td><\/tr><tr><td>Estudante n\u00e3o associado ou com associa\u00e7\u00e3o n\u00e3o vigente \u00e0 SBC (COMBO: inscri\u00e7\u00e3o no evento + associa\u00e7\u00e3o \u00e0 SBC)<\/td><td>R$ 136,00<\/td><td>R$ 176,80<\/td><td>R$ 33,00<\/td><\/tr><tr><td>Estudante n\u00e3o associado \u00e0 SBC (Somente inscri\u00e7\u00e3o no evento)<\/td><td>R$ 183,00<\/td><td>R$ 228,00<\/td><td>&#8211;<\/td><\/tr><tr><td>Estudante de p\u00f3s-gradua\u00e7\u00e3o associado \u00e0 SBC com anuidade vigente<\/td><td>R$ 172,00<\/td><td>R$ 223,60<\/td><td>&#8211;<\/td><\/tr><tr><td>Estudante de p\u00f3s-gradua\u00e7\u00e3o associado \u00e0 SBC com anuidade vencendo em at\u00e9 90 dias (COMBO: inscri\u00e7\u00e3o no evento + renova\u00e7\u00e3o da associa\u00e7\u00e3o \u00e0 SBC)<\/td><td>R$ 172,00<\/td><td>R$ 223,60<\/td><td>R$ 135,00<\/td><\/tr><tr><td>Estudante de p\u00f3s-gradua\u00e7\u00e3o n\u00e3o associado ou com associa\u00e7\u00e3o n\u00e3o vigente \u00e0 SBC (COMBO inscri\u00e7\u00e3o no evento + associa\u00e7\u00e3o \u00e0 SBC)<\/td><td>R$ 172,00<\/td><td>R$ 223,60<\/td><td>R$ 135,00<\/td><\/tr><tr><td>Estudante de p\u00f3s-gradua\u00e7\u00e3o n\u00e3o associado \u00e0 SBC (Somente inscri\u00e7\u00e3o no evento)<\/td><td>R$ 325,00<\/td><td>R$ 381,00<\/td><td>&#8211;<\/td><\/tr><tr><td>Professor de Educa\u00e7\u00e3o B\u00e1sica Municipal\/Estadual associado \u00e0 SBC com anuidade vigente<\/td><td>R$ 136,00<\/td><td>R$ 176,80<\/td><td>&#8211;<\/td><\/tr><tr><td>Professor de Educa\u00e7\u00e3o B\u00e1sica Municipal\/Estadual associado \u00e0 SBC com anuidade vencendo em at\u00e9 90 dias (COMBO: inscri\u00e7\u00e3o no evento + renova\u00e7\u00e3o da associa\u00e7\u00e3o \u00e0 SBC)<\/td><td>R$ 136,00<\/td><td>R$ 176,80<\/td><td>R$ 135,00<\/td><\/tr><tr><td>Professor de Educa\u00e7\u00e3o B\u00e1sica Municipal\/Estadual n\u00e3o associado ou com associa\u00e7\u00e3o n\u00e3o vigente \u00e0 SBC (COMBO: inscri\u00e7\u00e3o no evento + associa\u00e7\u00e3o \u00e0 SBC)<\/td><td>R$ 136,00<\/td><td>R$ 176,80<\/td><td>R$ 135,00<\/td><\/tr><tr><td>Professor de Educa\u00e7\u00e3o B\u00e1sica Municipal\/Estadual n\u00e3o associado \u00e0 SBC (Somente inscri\u00e7\u00e3o no evento)<\/td><td>R$ 285,00<\/td><td>R$ 330,00<\/td><td>&#8211;<\/td><\/tr><tr><td>Professor de Educa\u00e7\u00e3o B\u00e1sica Federal associado \u00e0 SBC com anuidade vigente<\/td><td>R$ 136,00<\/td><td>R$ 136,00<\/td><td>&#8211;<\/td><\/tr><tr><td>Professor de Educa\u00e7\u00e3o B\u00e1sica Federal associado \u00e0 SBC com anuidade vencendo em at\u00e9 90 dias (COMBO: inscri\u00e7\u00e3o no evento + renova\u00e7\u00e3o da associa\u00e7\u00e3o \u00e0 SBC)<\/td><td>R$ 136,00<\/td><td>R$ 136,00<\/td><td>R$ 370,00<\/td><\/tr><tr><td>Professor de Educa\u00e7\u00e3o B\u00e1sica Federal n\u00e3o associado ou com associa\u00e7\u00e3o n\u00e3o vigente \u00e0 SBC (COMBO: inscri\u00e7\u00e3o no evento + associa\u00e7\u00e3o \u00e0 SBC)<\/td><td>R$ 136,00<\/td><td>R$ 136,00<\/td><td>R$ 370,00<\/td><\/tr><tr><td>Professor de Educa\u00e7\u00e3o B\u00e1sica Federal n\u00e3o associado \u00e0 SBC (Somente inscri\u00e7\u00e3o no evento)<\/td><td>R$ 520,00<\/td><td>R$ 520,00<\/td><td>&#8211;<\/td><\/tr><tr><td>Profissional associado \u00e0 SBC com anuidade vigente<\/td><td>R$ 500,00<\/td><td>R$ 650,00<\/td><td>&#8211;<\/td><\/tr><tr><td>Profissional associado \u00e0 SBC com anuidade vencendo em at\u00e9 90 dias (COMBO: inscri\u00e7\u00e3o no evento + renova\u00e7\u00e3o da associa\u00e7\u00e3o \u00e0 SBC)<\/td><td>R$ 500,00<\/td><td>R$ 650,00<\/td><td>R$ 375,00<\/td><\/tr><tr><td>Profissional n\u00e3o associado ou com associa\u00e7\u00e3o n\u00e3o vigente \u00e0 SBC (COMBO: inscri\u00e7\u00e3o no evento + associa\u00e7\u00e3o \u00e0 SBC)<\/td><td>R$ 500,00<\/td><td>R$ 650,00<\/td><td>R$ 375,00<\/td><\/tr><tr><td>Profissional n\u00e3o associado \u00e0 SBC (Somente inscri\u00e7\u00e3o no evento)<\/td><td>R$ 925,00<\/td><td>R$ 1.090,00<\/td><td>&#8211;<\/td><\/tr><tr><td>Professor de Educa\u00e7\u00e3o B\u00e1sica (categoria antiga) associado \u00e0 SBC com anuidade vigente<\/td><td>R$ 136,00<\/td><td>R$ 176,80<\/td><td>&#8211;<\/td><\/tr><\/tbody><\/table>\t\t\t\t\t\t\t\t<\/div>\n\t\t\t\t<\/div>\n\t\t\t\t\t<\/div>\n\t\t\t\t<\/div>\n\t\t\t\t<\/div>\n\t\t\t\t<\/div>\n\t\t","protected":false},"excerpt":{"rendered":"<p>inscricao Inscreva-se Este evento \u00e9 organizado pela\u00a0Sociedade Brasileira de Computa\u00e7\u00e3o \u2013 SBC, que \u00e9 uma associa\u00e7\u00e3o civil, sem fins lucrativos, que incentiva o desenvolvimento tecnol\u00f3gico e cient\u00edfico no Brasil e \u00e9 a maior sociedade de computa\u00e7\u00e3o da Am\u00e9rica do Sul. As taxas de inscri\u00e7\u00e3o para SBGames est\u00e3o listadas abaixo. Ressaltamos que estudantes e profissionais que [&hellip;]<\/p>\n","protected":false},"author":3,"featured_media":0,"parent":0,"menu_order":0,"comment_status":"closed","ping_status":"closed","template":"","meta":{"site-sidebar-layout":"no-sidebar","site-content-layout":"page-builder","ast-site-content-layout":"full-width-container","site-content-style":"default","site-sidebar-style":"default","ast-global-header-display":"","ast-banner-title-visibility":"","ast-main-header-display":"","ast-hfb-above-header-display":"","ast-hfb-below-header-display":"","ast-hfb-mobile-header-display":"","site-post-title":"disabled","ast-breadcrumbs-content":"","ast-featured-img":"disabled","footer-sml-layout":"","theme-transparent-header-meta":"","adv-header-id-meta":"","stick-header-meta":"","header-above-stick-meta":"","header-main-stick-meta":"","header-below-stick-meta":"","astra-migrate-meta-layouts":"set","ast-page-background-enabled":"default","ast-page-background-meta":{"desktop":{"background-color":"","background-image":"","background-repeat":"repeat","background-position":"center center","background-size":"auto","background-attachment":"scroll","background-type":"","background-media":"","overlay-type":"","overlay-color":"","overlay-opacity":"","overlay-gradient":""},"tablet":{"background-color":"","background-image":"","background-repeat":"repeat","background-position":"center center","background-size":"auto","background-attachment":"scroll","background-type":"","background-media":"","overlay-type":"","overlay-color":"","overlay-opacity":"","overlay-gradient":""},"mobile":{"background-color":"","background-image":"","background-repeat":"repeat","background-position":"center center","background-size":"auto","background-attachment":"scroll","background-type":"","background-media":"","overlay-type":"","overlay-color":"","overlay-opacity":"","overlay-gradient":""}},"ast-content-background-meta":{"desktop":{"background-color":"var(--ast-global-color-5)","background-image":"","background-repeat":"repeat","background-position":"center center","background-size":"auto","background-attachment":"scroll","background-type":"","background-media":"","overlay-type":"","overlay-color":"","overlay-opacity":"","overlay-gradient":""},"tablet":{"background-color":"var(--ast-global-color-5)","background-image":"","background-repeat":"repeat","background-position":"center center","background-size":"auto","background-attachment":"scroll","background-type":"","background-media":"","overlay-type":"","overlay-color":"","overlay-opacity":"","overlay-gradient":""},"mobile":{"background-color":"var(--ast-global-color-5)","background-image":"","background-repeat":"repeat","background-position":"center center","background-size":"auto","background-attachment":"scroll","background-type":"","background-media":"","overlay-type":"","overlay-color":"","overlay-opacity":"","overlay-gradient":""}},"footnotes":""},"class_list":["post-4953","page","type-page","status-publish","hentry"],"_links":{"self":[{"href":"https:\/\/sbgames.org\/sbgames2025\/wp-json\/wp\/v2\/pages\/4953","targetHints":{"allow":["GET"]}}],"collection":[{"href":"https:\/\/sbgames.org\/sbgames2025\/wp-json\/wp\/v2\/pages"}],"about":[{"href":"https:\/\/sbgames.org\/sbgames2025\/wp-json\/wp\/v2\/types\/page"}],"author":[{"embeddable":true,"href":"https:\/\/sbgames.org\/sbgames2025\/wp-json\/wp\/v2\/users\/3"}],"replies":[{"embeddable":true,"href":"https:\/\/sbgames.org\/sbgames2025\/wp-json\/wp\/v2\/comments?post=4953"}],"version-history":[{"count":37,"href":"https:\/\/sbgames.org\/sbgames2025\/wp-json\/wp\/v2\/pages\/4953\/revisions"}],"predecessor-version":[{"id":5635,"href":"https:\/\/sbgames.org\/sbgames2025\/wp-json\/wp\/v2\/pages\/4953\/revisions\/5635"}],"wp:attachment":[{"href":"https:\/\/sbgames.org\/sbgames2025\/wp-json\/wp\/v2\/media?parent=4953"}],"curies":[{"name":"wp","href":"https:\/\/api.w.org\/{rel}","templated":true}]}}