{"id":4890,"date":"2025-03-01T00:16:53","date_gmt":"2025-03-01T00:16:53","guid":{"rendered":"https:\/\/sbgames.org\/sbgames2025\/?page_id=4890"},"modified":"2025-03-13T21:23:29","modified_gmt":"2025-03-13T21:23:29","slug":"tutoriais","status":"publish","type":"page","link":"https:\/\/sbgames.org\/sbgames2025\/tutoriais\/","title":{"rendered":"Tutoriais"},"content":{"rendered":"\t\t<div data-elementor-type=\"wp-page\" data-elementor-id=\"4890\" class=\"elementor elementor-4890\">\n\t\t\t\t<div class=\"elementor-element elementor-element-979ad64 e-con-full e-flex e-con e-parent\" data-id=\"979ad64\" data-element_type=\"container\" data-settings=\"{&quot;background_background&quot;:&quot;classic&quot;}\">\n\t\t\t\t<div class=\"elementor-element elementor-element-c97ec4b elementor-widget elementor-widget-heading\" data-id=\"c97ec4b\" data-element_type=\"widget\" data-widget_type=\"heading.default\">\n\t\t\t\t<div class=\"elementor-widget-container\">\n\t\t\t\t\t<h2 class=\"elementor-heading-title elementor-size-default\">Tutoriais <\/h2>\t\t\t\t<\/div>\n\t\t\t\t<\/div>\n\t\t<div class=\"elementor-element elementor-element-76fdb6e e-flex e-con-boxed e-con e-child\" data-id=\"76fdb6e\" data-element_type=\"container\" data-settings=\"{&quot;background_background&quot;:&quot;classic&quot;}\">\n\t\t\t\t\t<div class=\"e-con-inner\">\n\t\t\t\t<div class=\"elementor-element elementor-element-b25938e elementor-widget elementor-widget-heading\" data-id=\"b25938e\" data-element_type=\"widget\" data-widget_type=\"heading.default\">\n\t\t\t\t<div class=\"elementor-widget-container\">\n\t\t\t\t\t<h4 class=\"elementor-heading-title elementor-size-default\">Prazo de submiss\u00e3o de propostas de tutoriais: 07\/07\/2025<\/h4>\t\t\t\t<\/div>\n\t\t\t\t<\/div>\n\t\t\t\t\t<\/div>\n\t\t\t\t<\/div>\n\t\t<div class=\"elementor-element elementor-element-71a14b8 e-flex e-con-boxed e-con e-child\" data-id=\"71a14b8\" data-element_type=\"container\">\n\t\t\t\t\t<div class=\"e-con-inner\">\n\t\t<div class=\"elementor-element elementor-element-41558a6 e-flex e-con-boxed e-con e-child\" data-id=\"41558a6\" data-element_type=\"container\">\n\t\t\t\t\t<div class=\"e-con-inner\">\n\t\t\t\t<div class=\"elementor-element elementor-element-54fdb6c elementor-widget elementor-widget-text-editor\" data-id=\"54fdb6c\" data-element_type=\"widget\" data-widget_type=\"text-editor.default\">\n\t\t\t\t<div class=\"elementor-widget-container\">\n\t\t\t\t\t\t\t\t\t<p><span style=\"font-weight: 400;\">Os Tutoriais representam uma das atividades mais importantes do SBGAMES, o maior e mais importante evento de jogos e entretenimento digital da Am\u00e9rica Latina, realizado pela Sociedade Brasileira de Computa\u00e7\u00e3o (SBC). O SBGAMES conta com a presen\u00e7a de cientistas, artistas, designers, professores e estudantes de faculdades, universidades, centros de pesquisa e da ind\u00fastria de jogos. Os tutoriais representam uma grande oportunidade para se ter um momento de troca de experi\u00eancia entre profissionais, pesquisadores e comunidade.\u00a0<\/span><\/p><p><span style=\"font-weight: 400;\">Neste ano de 2025, a atividade de Tutoriais poder\u00e1 ocorrer nas seguintes modalidades: presencial e online <\/span><span style=\"font-weight: 400;\">s\u00edncrono (live no Youtube ou outra<\/span><span style=\"font-weight: 400;\"> plataforma alternativa).<\/span><\/p><p><span style=\"font-weight: 400;\">Na modalidade presencial, os autores apresentar\u00e3o o seu tutorial na cidade de Salvador (BA) durante o evento. Os autores que optarem pela modalidade online apresentar\u00e3o os tutoriais antes do evento, em dias e hor\u00e1rios a serem combinados com a coordena\u00e7\u00e3o desta atividade.<\/span><\/p><p><b>Submiss\u00e3o das Propostas<\/b><\/p><p><span style=\"font-weight: 400;\">As propostas de tutoriais podem ser escritas em ingl\u00eas ou portugu\u00eas, e devem conter as seguintes informa\u00e7\u00f5es, nesta ordem:<\/span><\/p><ul><li style=\"font-weight: 400;\" aria-level=\"2\"><span style=\"font-weight: 400;\">T\u00edtulo do tutorial;<\/span><\/li><li style=\"font-weight: 400;\" aria-level=\"2\"><span style=\"font-weight: 400;\">Autores \u2013 nome, e-mail, afilia\u00e7\u00e3o atual (empresa ou institui\u00e7\u00e3o de ensino), titula\u00e7\u00e3o acad\u00eamica mais elevada (gradua\u00e7\u00e3o, mestrado, doutorado), breve biografia (m\u00e1ximo 150 de palavras), experi\u00eancia sobre o tema do tutorial, e link do Curr\u00edculo Lattes (opcional);<\/span><\/li><li style=\"font-weight: 400;\" aria-level=\"2\"><span style=\"font-weight: 400;\">N\u00edvel do tutorial \u2013 b\u00e1sico, intermedi\u00e1rio ou avan\u00e7ado;<\/span><\/li><li style=\"font-weight: 400;\" aria-level=\"2\"><span style=\"font-weight: 400;\">Modalidade \u2013 presencial ou online s\u00edncrona;<\/span><\/li><li style=\"font-weight: 400;\" aria-level=\"2\"><span style=\"font-weight: 400;\">Dura\u00e7\u00e3o \u2013 duas ou quatro horas;\u00a0<\/span><\/li><li style=\"font-weight: 400;\" aria-level=\"2\"><span style=\"font-weight: 400;\">Est<\/span><span style=\"font-weight: 400;\">rutura necess\u00e1ria \u2013 sala de aula ou audit\u00f3rio, laborat\u00f3rio (com quantidade de computadores), recursos de proje\u00e7\u00e3o, quantidade m\u00ednima e quantidade m\u00e1xima de participantes do tutorial, se h\u00e1 necessidade de inscri\u00e7\u00e3o via formul\u00e1rio, etc.;<\/span><\/li><li style=\"font-weight: 400;\" aria-level=\"2\"><span style=\"font-weight: 400;\">Descri\u00e7\u00e3o da proposta, contendo o objetivo principal, lista de t\u00f3picos a serem abordados e metodologia; e<\/span><\/li><li style=\"font-weight: 400;\" aria-level=\"2\"><span style=\"font-weight: 400;\">Motiva\u00e7\u00e3o, contendo p\u00fablico-alvo e interesse do p\u00fablico no tutorial.<\/span><\/li><\/ul><p><b>Instru\u00e7\u00f5es aos autores<\/b><\/p><ul><li style=\"font-weight: 400;\" aria-level=\"1\"><span style=\"font-weight: 400;\">As propostas devem ser submetidas atrav\u00e9s do sistema <\/span><a href=\"https:\/\/jems3.sbc.org.br\/sbgames2025_tutoriais\"><span style=\"font-weight: 400;\">JEMS<\/span><\/a><span style=\"font-weight: 400;\"> em arquivo PDF, seguindo o formato indicado no Manual para Autores, com no m\u00ednimo 2 e no m\u00e1ximo 4 p\u00e1ginas.<\/span><\/li><li style=\"font-weight: 400;\" aria-level=\"1\"><span style=\"font-weight: 400;\">\u00c9 obrigat\u00f3rio que ao menos um dos autores dos tutoriais aprovados se inscreva oficialmente no SBGAMES, com prazo de at\u00e9 quinze dias antes da realiza\u00e7\u00e3o do evento.<\/span><\/li><li style=\"font-weight: 400;\" aria-level=\"1\"><span style=\"font-weight: 400;\">Prazo de submiss\u00e3o de propostas de tutoriais: 07\/07\/2025.<\/span><\/li><\/ul>\t\t\t\t\t\t\t\t<\/div>\n\t\t\t\t<\/div>\n\t\t<div class=\"elementor-element elementor-element-d5659f8 e-con-full e-flex e-con e-child\" data-id=\"d5659f8\" data-element_type=\"container\">\n\t\t\t\t<div class=\"elementor-element elementor-element-efe130d elementor-widget elementor-widget-heading\" data-id=\"efe130d\" data-element_type=\"widget\" data-widget_type=\"heading.default\">\n\t\t\t\t<div class=\"elementor-widget-container\">\n\t\t\t\t\t<h2 class=\"elementor-heading-title elementor-size-default\">SBGames 2025<\/br> Co-Coordenadores<\/h2>\t\t\t\t<\/div>\n\t\t\t\t<\/div>\n\t\t<div class=\"elementor-element elementor-element-f847ad8 e-flex e-con-boxed e-con e-child\" data-id=\"f847ad8\" data-element_type=\"container\">\n\t\t\t\t\t<div class=\"e-con-inner\">\n\t\t<div class=\"elementor-element elementor-element-768248c e-flex e-con-boxed e-con e-child\" data-id=\"768248c\" data-element_type=\"container\">\n\t\t\t\t\t<div class=\"e-con-inner\">\n\t\t\t\t<div class=\"elementor-element elementor-element-c7e7ba2 elementor-widget elementor-widget-heading\" data-id=\"c7e7ba2\" data-element_type=\"widget\" data-widget_type=\"heading.default\">\n\t\t\t\t<div class=\"elementor-widget-container\">\n\t\t\t\t\t<h3 class=\"elementor-heading-title elementor-size-default\">Alessandro de Lima Bicho<\/h3>\t\t\t\t<\/div>\n\t\t\t\t<\/div>\n\t\t\t\t<div class=\"elementor-element elementor-element-1d3e94c elementor-widget elementor-widget-heading\" data-id=\"1d3e94c\" data-element_type=\"widget\" data-widget_type=\"heading.default\">\n\t\t\t\t<div class=\"elementor-widget-container\">\n\t\t\t\t\t<h5 class=\"elementor-heading-title elementor-size-default\">FURG<\/h5>\t\t\t\t<\/div>\n\t\t\t\t<\/div>\n\t\t\t\t\t<\/div>\n\t\t\t\t<\/div>\n\t\t<div class=\"elementor-element elementor-element-5e1e5f9 e-con-full e-flex e-con e-child\" data-id=\"5e1e5f9\" data-element_type=\"container\">\n\t\t\t\t<div class=\"elementor-element elementor-element-7d16016 elementor-widget elementor-widget-heading\" data-id=\"7d16016\" data-element_type=\"widget\" data-widget_type=\"heading.default\">\n\t\t\t\t<div class=\"elementor-widget-container\">\n\t\t\t\t\t<h3 class=\"elementor-heading-title elementor-size-default\">Sergio Teixeira de Carvalho<\/h3>\t\t\t\t<\/div>\n\t\t\t\t<\/div>\n\t\t\t\t<div class=\"elementor-element elementor-element-1cbe1a2 elementor-widget elementor-widget-heading\" data-id=\"1cbe1a2\" data-element_type=\"widget\" data-widget_type=\"heading.default\">\n\t\t\t\t<div class=\"elementor-widget-container\">\n\t\t\t\t\t<h5 class=\"elementor-heading-title elementor-size-default\">UFG<\/h5>\t\t\t\t<\/div>\n\t\t\t\t<\/div>\n\t\t\t\t<\/div>\n\t\t\t\t\t<\/div>\n\t\t\t\t<\/div>\n\t\t\t\t<\/div>\n\t\t\t\t\t<\/div>\n\t\t\t\t<\/div>\n\t\t<div class=\"elementor-element elementor-element-b88d3f6 e-con-full e-flex e-con e-child\" data-id=\"b88d3f6\" data-element_type=\"container\">\n\t\t\t\t<\/div>\n\t\t\t\t\t<\/div>\n\t\t\t\t<\/div>\n\t\t\t\t<\/div>\n\t\t\t\t<\/div>\n\t\t","protected":false},"excerpt":{"rendered":"<p>Tutoriais Prazo de submiss\u00e3o de propostas de tutoriais: 07\/07\/2025 Os Tutoriais representam uma das atividades mais importantes do SBGAMES, o maior e mais importante evento de jogos e entretenimento digital da Am\u00e9rica Latina, realizado pela Sociedade Brasileira de Computa\u00e7\u00e3o (SBC). O SBGAMES conta com a presen\u00e7a de cientistas, artistas, designers, professores e estudantes de faculdades, [&hellip;]<\/p>\n","protected":false},"author":3,"featured_media":0,"parent":0,"menu_order":0,"comment_status":"closed","ping_status":"closed","template":"","meta":{"site-sidebar-layout":"no-sidebar","site-content-layout":"page-builder","ast-site-content-layout":"full-width-container","site-content-style":"default","site-sidebar-style":"default","ast-global-header-display":"","ast-banner-title-visibility":"","ast-main-header-display":"","ast-hfb-above-header-display":"","ast-hfb-below-header-display":"","ast-hfb-mobile-header-display":"","site-post-title":"disabled","ast-breadcrumbs-content":"","ast-featured-img":"disabled","footer-sml-layout":"","theme-transparent-header-meta":"","adv-header-id-meta":"","stick-header-meta":"","header-above-stick-meta":"","header-main-stick-meta":"","header-below-stick-meta":"","astra-migrate-meta-layouts":"set","ast-page-background-enabled":"default","ast-page-background-meta":{"desktop":{"background-color":"","background-image":"","background-repeat":"repeat","background-position":"center center","background-size":"auto","background-attachment":"scroll","background-type":"","background-media":"","overlay-type":"","overlay-color":"","overlay-opacity":"","overlay-gradient":""},"tablet":{"background-color":"","background-image":"","background-repeat":"repeat","background-position":"center center","background-size":"auto","background-attachment":"scroll","background-type":"","background-media":"","overlay-type":"","overlay-color":"","overlay-opacity":"","overlay-gradient":""},"mobile":{"background-color":"","background-image":"","background-repeat":"repeat","background-position":"center center","background-size":"auto","background-attachment":"scroll","background-type":"","background-media":"","overlay-type":"","overlay-color":"","overlay-opacity":"","overlay-gradient":""}},"ast-content-background-meta":{"desktop":{"background-color":"var(--ast-global-color-5)","background-image":"","background-repeat":"repeat","background-position":"center center","background-size":"auto","background-attachment":"scroll","background-type":"","background-media":"","overlay-type":"","overlay-color":"","overlay-opacity":"","overlay-gradient":""},"tablet":{"background-color":"var(--ast-global-color-5)","background-image":"","background-repeat":"repeat","background-position":"center center","background-size":"auto","background-attachment":"scroll","background-type":"","background-media":"","overlay-type":"","overlay-color":"","overlay-opacity":"","overlay-gradient":""},"mobile":{"background-color":"var(--ast-global-color-5)","background-image":"","background-repeat":"repeat","background-position":"center center","background-size":"auto","background-attachment":"scroll","background-type":"","background-media":"","overlay-type":"","overlay-color":"","overlay-opacity":"","overlay-gradient":""}},"footnotes":""},"class_list":["post-4890","page","type-page","status-publish","hentry"],"_links":{"self":[{"href":"https:\/\/sbgames.org\/sbgames2025\/wp-json\/wp\/v2\/pages\/4890","targetHints":{"allow":["GET"]}}],"collection":[{"href":"https:\/\/sbgames.org\/sbgames2025\/wp-json\/wp\/v2\/pages"}],"about":[{"href":"https:\/\/sbgames.org\/sbgames2025\/wp-json\/wp\/v2\/types\/page"}],"author":[{"embeddable":true,"href":"https:\/\/sbgames.org\/sbgames2025\/wp-json\/wp\/v2\/users\/3"}],"replies":[{"embeddable":true,"href":"https:\/\/sbgames.org\/sbgames2025\/wp-json\/wp\/v2\/comments?post=4890"}],"version-history":[{"count":5,"href":"https:\/\/sbgames.org\/sbgames2025\/wp-json\/wp\/v2\/pages\/4890\/revisions"}],"predecessor-version":[{"id":5001,"href":"https:\/\/sbgames.org\/sbgames2025\/wp-json\/wp\/v2\/pages\/4890\/revisions\/5001"}],"wp:attachment":[{"href":"https:\/\/sbgames.org\/sbgames2025\/wp-json\/wp\/v2\/media?parent=4890"}],"curies":[{"name":"wp","href":"https:\/\/api.w.org\/{rel}","templated":true}]}}