{"id":4874,"date":"2025-02-28T23:47:00","date_gmt":"2025-02-28T23:47:00","guid":{"rendered":"https:\/\/sbgames.org\/sbgames2025\/?page_id=4874"},"modified":"2025-08-25T22:15:36","modified_gmt":"2025-08-25T22:15:36","slug":"magica-2","status":"publish","type":"page","link":"https:\/\/sbgames.org\/sbgames2025\/magica-2\/","title":{"rendered":"MaGICA"},"content":{"rendered":"\t\t<div data-elementor-type=\"wp-page\" data-elementor-id=\"4874\" class=\"elementor elementor-4874\">\n\t\t\t\t<div class=\"elementor-element elementor-element-979ad64 e-con-full e-flex e-con e-parent\" data-id=\"979ad64\" data-element_type=\"container\" data-settings=\"{&quot;background_background&quot;:&quot;classic&quot;}\">\n\t\t\t\t<div class=\"elementor-element elementor-element-c97ec4b elementor-widget elementor-widget-heading\" data-id=\"c97ec4b\" data-element_type=\"widget\" data-widget_type=\"heading.default\">\n\t\t\t\t<div class=\"elementor-widget-container\">\n\t\t\t\t\t<h2 class=\"elementor-heading-title elementor-size-default\">MaGICA <\/h2>\t\t\t\t<\/div>\n\t\t\t\t<\/div>\n\t\t<div class=\"elementor-element elementor-element-96b5e13 e-flex e-con-boxed e-con e-child\" data-id=\"96b5e13\" data-element_type=\"container\" data-settings=\"{&quot;background_background&quot;:&quot;classic&quot;}\">\n\t\t\t\t\t<div class=\"e-con-inner\">\n\t\t\t\t<div class=\"elementor-element elementor-element-d7670df elementor-widget elementor-widget-text-editor\" data-id=\"d7670df\" data-element_type=\"widget\" data-widget_type=\"text-editor.default\">\n\t\t\t\t<div class=\"elementor-widget-container\">\n\t\t\t\t\t\t\t\t\t<p><strong>Submiss\u00e3o at\u00e9 <del>07<\/del> 13 de julho 2025<\/strong><\/p>\t\t\t\t\t\t\t\t<\/div>\n\t\t\t\t<\/div>\n\t\t\t\t<div class=\"elementor-element elementor-element-cb24c51 elementor-widget elementor-widget-heading\" data-id=\"cb24c51\" data-element_type=\"widget\" data-widget_type=\"heading.default\">\n\t\t\t\t<div class=\"elementor-widget-container\">\n\t\t\t\t\t<h4 class=\"elementor-heading-title elementor-size-default\">Notifica\u00e7\u00e3o prevista para 29 de julho 2025 <\/h4>\t\t\t\t<\/div>\n\t\t\t\t<\/div>\n\t\t\t\t<div class=\"elementor-element elementor-element-986fe41 elementor-widget elementor-widget-text-editor\" data-id=\"986fe41\" data-element_type=\"widget\" data-widget_type=\"text-editor.default\">\n\t\t\t\t<div class=\"elementor-widget-container\">\n\t\t\t\t\t\t\t\t\t<p><strong>Submiss\u00e3o do camera-ready: <del>05<\/del> 10 de agosto 2025<\/strong><\/p>\t\t\t\t\t\t\t\t<\/div>\n\t\t\t\t<\/div>\n\t\t\t\t<div class=\"elementor-element elementor-element-4dc2bf0 elementor-widget elementor-widget-heading\" data-id=\"4dc2bf0\" data-element_type=\"widget\" data-widget_type=\"heading.default\">\n\t\t\t\t<div class=\"elementor-widget-container\">\n\t\t\t\t\t<h4 class=\"elementor-heading-title elementor-size-default\">Apresenta\u00e7\u00e3o ser\u00e1 durante o evento 30\/09 - 03\/10\/2025<\/h4>\t\t\t\t<\/div>\n\t\t\t\t<\/div>\n\t\t\t\t\t<\/div>\n\t\t\t\t<\/div>\n\t\t<div class=\"elementor-element elementor-element-71a14b8 e-flex e-con-boxed e-con e-child\" data-id=\"71a14b8\" data-element_type=\"container\">\n\t\t\t\t\t<div class=\"e-con-inner\">\n\t\t<div class=\"elementor-element elementor-element-41558a6 e-flex e-con-boxed e-con e-child\" data-id=\"41558a6\" data-element_type=\"container\">\n\t\t\t\t\t<div class=\"e-con-inner\">\n\t\t\t\t<div class=\"elementor-element elementor-element-54fdb6c elementor-widget elementor-widget-text-editor\" data-id=\"54fdb6c\" data-element_type=\"widget\" data-widget_type=\"text-editor.default\">\n\t\t\t\t<div class=\"elementor-widget-container\">\n\t\t\t\t\t\t\t\t\t<p><span style=\"font-weight: 400;\">O M\u00c1GICA \u2013 Workshop de Games na Gradua\u00e7\u00e3o e na Educa\u00e7\u00e3o B\u00e1sica, busca promover um contato inicial, bem como a aproxima\u00e7\u00e3o, de estudantes com especialistas na \u00e1rea de jogos e entretenimento digital. Trata-se de uma iniciativa do SBGames voltada para o incentivo de projetos de jogos inicialmente desenvolvidos por estudantes tanto do Ensino Superior quanto da Educa\u00e7\u00e3o B\u00e1sica.\u00a0<\/span><\/p><p><span style=\"font-weight: 400;\">Na Educa\u00e7\u00e3o Superior, o foco \u00e9 em alunos de Gradua\u00e7\u00e3o (Bacharelado, Licenciatura, Tecnol\u00f3gico) que tenham realizado trabalhos relacionados a jogos digitais, como prot\u00f3tipos iniciais, ideias inovadoras, Trabalhos de Conclus\u00e3o de Curso (TCC), Projetos Integrados, Inicia\u00e7\u00e3o Cient\u00edfica (IC), ou trabalhos completos de disciplinas que resultem em prot\u00f3tipos jog\u00e1veis ao final.\u00a0<\/span><\/p><p><span style=\"font-weight: 400;\">Na Educa\u00e7\u00e3o B\u00e1sica (Ensino Fundamental I, Ensino Fundamental II e Ensino M\u00e9dio), a iniciativa abrange alunos que, sob a orienta\u00e7\u00e3o de professores, tenham participado de projetos ou disciplinas voltadas ao desenvolvimento de jogos digitais, culminando tamb\u00e9m em prot\u00f3tipos de games jog\u00e1veis.<\/span><br \/><b><\/b><\/p><p><b>\u00a0Instru\u00e7\u00f5es para os autores:<\/b><\/p><p><span style=\"font-weight: 400;\">Os trabalhos devem ser submetidos atrav\u00e9s do sistema JEMS em arquivo PDF e podem ser realizadas em portugu\u00eas, ingl\u00eas ou espanhol, seguindo as diretrizes conforme o <a href=\"https:\/\/docs.google.com\/document\/d\/1CZ2nW3jqefNGzrpYxkekZ5L9Q1Bu4gHw\/edit?usp=sharing&amp;ouid=112922919468338148128&amp;rtpof=true&amp;sd=true\" target=\"_blank\" rel=\"noopener\">Manual de Submiss\u00e3o do SBGames<\/a><\/span><span style=\"font-weight: 400;\">.\u00a0<\/span><\/p><p><span style=\"font-weight: 400;\">Os nomes dos autores, bem como do orientador e do coorientador, ou mesmo colaboradores, devem ser inclu\u00eddos nos artigos submetidos. Destaca-se que o(s) estudante(s) deve(m) figurar como o(s) primeiro(s) autor(es), sendo o orientador\/professor o \u00faltimo autor.\u00a0<\/span><\/p><p><span style=\"font-weight: 400;\">O arquivo deve conter de 3 (tr\u00eas) a 5 (cinco) p\u00e1ginas, e pode ter uma p\u00e1gina extra com refer\u00eancias (conforme o modelo de short papers do <\/span><a href=\"https:\/\/docs.google.com\/document\/d\/1CZ2nW3jqefNGzrpYxkekZ5L9Q1Bu4gHw\/edit\"><span style=\"font-weight: 400;\">Manual de Autores<\/span><\/a><span style=\"font-weight: 400;\">). Recomenda-se que o texto contenha os seguintes t\u00f3picos:\u00a0<\/span><\/p><ul><li style=\"font-weight: 400;\" aria-level=\"1\"><i><span style=\"font-weight: 400;\">Resumo<\/span><\/i><span style=\"font-weight: 400;\">: Texto curto que deve apresentar um contexto, o que \u00e9 o trabalho em si e sua finalidade, metodologia ou processo e resultados existentes\/conclus\u00f5es;<\/span><\/li><li style=\"font-weight: 400;\" aria-level=\"1\"><i><span style=\"font-weight: 400;\">Introdu\u00e7\u00e3o e Justificativa<\/span><\/i><span style=\"font-weight: 400;\">: Texto que descreve o contexto e o objetivo a que o trabalho se destina (Ex: p\u00fablico alvo, \u00e1reas de conhecimento, conte\u00fado conceitual, procedimental e\/ou social abordado, etc);\u00a0<\/span><\/li><li style=\"font-weight: 400;\" aria-level=\"1\"><i><span style=\"font-weight: 400;\">Fundamenta\u00e7\u00e3o<\/span><\/i><span style=\"font-weight: 400;\">: Descri\u00e7\u00e3o de poss\u00edveis trabalhos correlatos ou de artigos que tragam uma fundamenta\u00e7\u00e3o te\u00f3rica ao trabalho proposto. Sugere-se que os autores busquem analisar trabalhos correlatos nos Anais (Proceedings) das edi\u00e7\u00f5es anteriores do SBGames;\u00a0<\/span><\/li><li style=\"font-weight: 400;\" aria-level=\"1\"><i><span style=\"font-weight: 400;\">Metodologia<\/span><\/i><span style=\"font-weight: 400;\">: Indica\u00e7\u00e3o de diferenciais e potenciais inova\u00e7\u00f5es que o trabalho apresenta, descri\u00e7\u00e3o de aspectos tecnol\u00f3gicos (arquitetura, linguagens, frameworks, tipo de licen\u00e7a etc.) aplicados, e apresenta\u00e7\u00e3o do sistema em si produzido (capturas de tela, fluxos de utiliza\u00e7\u00e3o etc.);<\/span><\/li><li style=\"font-weight: 400;\" aria-level=\"1\"><i><span style=\"font-weight: 400;\">Considera\u00e7\u00f5es finais<\/span><\/i><span style=\"font-weight: 400;\">: conclus\u00f5es, trabalhos futuros e outras informa\u00e7\u00f5es que os autores acham pertinentes.<\/span><\/li><\/ul><p><b>Apresenta\u00e7\u00e3o e Premia\u00e7\u00f5es:<\/b><\/p><p><span style=\"font-weight: 400;\">Os trabalhos ser\u00e3o apresentados no formato p\u00f4ster (os autores devem providenciar seus posters), onde os autores ter\u00e3o mesas ou bancadas de apoio para a apresenta\u00e7\u00e3o dos prot\u00f3tipos desenvolvidos (os autores devem providenciar todo o material para apresentar seus prot\u00f3tipos). Para este ano, teremos premia\u00e7\u00f5es para os melhores trabalhos de Educa\u00e7\u00e3o B\u00e1sica e de Educa\u00e7\u00e3o Superior apresentados, bem como premia\u00e7\u00e3o para os melhores prot\u00f3tipos de jogos produzidos. Artigos selecionados e apresentados no evento receber\u00e3o DOI individual e ficar\u00e3o dispon\u00edveis no reposit\u00f3rio da SOL-SBC.<\/span><b><\/b><\/p><p><b>\u00a0Pol\u00edtica de Submiss\u00e3o:<\/b><b><\/b><\/p><p><span style=\"font-weight: 400;\">N\u00e3o \u00e9 permitida a submiss\u00e3o simult\u00e2nea de trabalhos, ou seja, submeter o mesmo artigo para as trilhas principais e demais atividades do evento e para o M\u00c1GICA. Isso implica na rejei\u00e7\u00e3o autom\u00e1tica do artigo.\u00a0<\/span><\/p><p><span style=\"font-weight: 400;\">N\u00e3o ser\u00e3o aceitos trabalhos da Educa\u00e7\u00e3o B\u00e1sica submetidos sem um professor como respons\u00e1vel e coautor.\u00a0<\/span><\/p><p><span style=\"font-weight: 400;\">\u00c9 obrigat\u00f3rio que ao menos um dos autores dos tutoriais aprovados se inscreva oficialmente no SBGAMES, com prazo de at\u00e9 quinze dias antes da realiza\u00e7\u00e3o do evento.<\/span><\/p><p><span style=\"font-weight: 400;\">Verifique mais detalhes no <\/span><a href=\"https:\/\/docs.google.com\/document\/d\/1CZ2nW3jqefNGzrpYxkekZ5L9Q1Bu4gHw\/edit\"><span style=\"font-weight: 400;\">Manual de Autores<\/span><\/a><span style=\"font-weight: 400;\">.<\/span><\/p><h3><span id=\"melhores-trabalhos\" style=\"color: #e71d73;\"><b>Candidatos a Melhores Trabalhos<\/b><\/span><\/h3><p><strong>OptimaCorporation<\/strong>: reduzindo a percep\u00e7\u00e3o de complexidade em problemas de otimiza\u00e7\u00e3o por meio de um jogo educacional<br \/>Waldecir da Silva Martins (Uea), Fabrizio Honda (IComp\/ UFAM), Fernanda Pires (Uea), Marcela Pessoa (Uea)<\/p><p><strong>Rock Hero<\/strong>: Uma Abordagem L\u00fadica e Progressiva para Jogos de Ritmo com Integra\u00e7\u00e3o Narrativa<br \/>Jer\u00f4nimo Barbosa Rossi, Jo\u00e3o Pedro Aguiar Morais, Natacha Targino (CESAR School)<\/p><p><strong>Serious game Byciclus<\/strong>: a simula\u00e7\u00e3o como recurso pedag\u00f3gico<br \/>Adriele Colossi (UFPEL), Raquel de Miranda Barbosa (Instituto Federal de Educa\u00e7\u00e3o, Ci\u00eancia e Tecnologia do Rio Grande do Sul &#8211; Campus Rio Grande), Cleiton Ferreira (Instituto Federal de Educa\u00e7\u00e3o, Ci\u00eancia e Tecnologia do Rio Grande do Sul &#8211; Campus Rio Grande), Fernanda Antoniolo<\/p><p><strong>A Jornada dos Guardi\u00f5es do Folclore<\/strong>: uma atividade gamificada para engajar a aprendizagem no ensino b\u00e1sico<br \/>Amanda Marinho Duarte (IF Baiano), Maria Eduarda Da Silva Lino (IFbaiano), Tain\u00e1 dos Santos Costa Machado, Guilherme Teles Ribeiro (Instituto Federal Bahiano), Joneffe de Jesus Silva (IF Baiano), Jesse Nery Filho (Instituto Federal de Ensino Baiano)<\/p><p><em>Aten\u00e7\u00e3o: a ordem dos trabalhos acima N\u00c3O REPRESENTA a classifica\u00e7\u00e3o final e\/ou a ordem de premia\u00e7\u00e3o. Verificar dias e hor\u00e1rios de apresenta\u00e7\u00e3o na p\u00e1gina de programa\u00e7\u00e3o.<\/em><\/p>\t\t\t\t\t\t\t\t<\/div>\n\t\t\t\t<\/div>\n\t\t<div class=\"elementor-element elementor-element-9c753db e-con-full e-flex e-con e-child\" data-id=\"9c753db\" data-element_type=\"container\">\n\t\t\t\t<div class=\"elementor-element elementor-element-b13bec9 elementor-align-justify elementor-widget__width-inherit elementor-widget elementor-widget-button\" data-id=\"b13bec9\" data-element_type=\"widget\" data-widget_type=\"button.default\">\n\t\t\t\t<div class=\"elementor-widget-container\">\n\t\t\t\t\t\t\t\t\t<div class=\"elementor-button-wrapper\">\n\t\t\t\t\t<a class=\"elementor-button elementor-button-link elementor-size-sm\" href=\"https:\/\/sbgames.org\/sbgames2025\/wp-content\/uploads\/2025\/08\/template-banner-magica.ppt\">\n\t\t\t\t\t\t<span class=\"elementor-button-content-wrapper\">\n\t\t\t\t\t\t\t\t\t<span class=\"elementor-button-text\">Template do banner<\/span>\n\t\t\t\t\t<\/span>\n\t\t\t\t\t<\/a>\n\t\t\t\t<\/div>\n\t\t\t\t\t\t\t\t<\/div>\n\t\t\t\t<\/div>\n\t\t\t\t<\/div>\n\t\t<div class=\"elementor-element elementor-element-d5659f8 e-con-full e-flex e-con e-child\" data-id=\"d5659f8\" data-element_type=\"container\">\n\t\t\t\t<div class=\"elementor-element elementor-element-efe130d elementor-widget elementor-widget-heading\" data-id=\"efe130d\" data-element_type=\"widget\" data-widget_type=\"heading.default\">\n\t\t\t\t<div class=\"elementor-widget-container\">\n\t\t\t\t\t<h2 class=\"elementor-heading-title elementor-size-default\">SBGames 2025<\/br> Co-Coordenadores<\/h2>\t\t\t\t<\/div>\n\t\t\t\t<\/div>\n\t\t<div class=\"elementor-element elementor-element-f847ad8 e-flex e-con-boxed e-con e-child\" data-id=\"f847ad8\" data-element_type=\"container\">\n\t\t\t\t\t<div class=\"e-con-inner\">\n\t\t<div class=\"elementor-element elementor-element-768248c e-flex e-con-boxed e-con e-child\" data-id=\"768248c\" data-element_type=\"container\">\n\t\t\t\t\t<div class=\"e-con-inner\">\n\t\t\t\t<div class=\"elementor-element elementor-element-c7e7ba2 elementor-widget elementor-widget-heading\" data-id=\"c7e7ba2\" data-element_type=\"widget\" data-widget_type=\"heading.default\">\n\t\t\t\t<div class=\"elementor-widget-container\">\n\t\t\t\t\t<h3 class=\"elementor-heading-title elementor-size-default\">Jesse Nery<\/h3>\t\t\t\t<\/div>\n\t\t\t\t<\/div>\n\t\t\t\t<div class=\"elementor-element elementor-element-1d3e94c elementor-widget elementor-widget-heading\" data-id=\"1d3e94c\" data-element_type=\"widget\" data-widget_type=\"heading.default\">\n\t\t\t\t<div class=\"elementor-widget-container\">\n\t\t\t\t\t<h5 class=\"elementor-heading-title elementor-size-default\">IF Baiano<\/h5>\t\t\t\t<\/div>\n\t\t\t\t<\/div>\n\t\t\t\t\t<\/div>\n\t\t\t\t<\/div>\n\t\t<div class=\"elementor-element elementor-element-5e1e5f9 e-con-full e-flex e-con e-child\" data-id=\"5e1e5f9\" data-element_type=\"container\">\n\t\t\t\t<div class=\"elementor-element elementor-element-7d16016 elementor-widget elementor-widget-heading\" data-id=\"7d16016\" data-element_type=\"widget\" data-widget_type=\"heading.default\">\n\t\t\t\t<div class=\"elementor-widget-container\">\n\t\t\t\t\t<h3 class=\"elementor-heading-title elementor-size-default\">Victor Travassos Sarinho<\/h3>\t\t\t\t<\/div>\n\t\t\t\t<\/div>\n\t\t\t\t<div class=\"elementor-element elementor-element-1cbe1a2 elementor-widget elementor-widget-heading\" data-id=\"1cbe1a2\" data-element_type=\"widget\" data-widget_type=\"heading.default\">\n\t\t\t\t<div class=\"elementor-widget-container\">\n\t\t\t\t\t<h5 class=\"elementor-heading-title elementor-size-default\">UEFS<\/h5>\t\t\t\t<\/div>\n\t\t\t\t<\/div>\n\t\t\t\t<\/div>\n\t\t\t\t\t<\/div>\n\t\t\t\t<\/div>\n\t\t\t\t<\/div>\n\t\t\t\t\t<\/div>\n\t\t\t\t<\/div>\n\t\t<div class=\"elementor-element elementor-element-b88d3f6 e-con-full e-flex e-con e-child\" data-id=\"b88d3f6\" data-element_type=\"container\">\n\t\t<div class=\"elementor-element elementor-element-a7c87e5 e-con-full e-flex e-con e-child\" data-id=\"a7c87e5\" data-element_type=\"container\">\n\t\t\t\t<div class=\"elementor-element elementor-element-26dd990 elementor-align-justify elementor-widget__width-inherit elementor-widget elementor-widget-button\" data-id=\"26dd990\" data-element_type=\"widget\" data-widget_type=\"button.default\">\n\t\t\t\t<div class=\"elementor-widget-container\">\n\t\t\t\t\t\t\t\t\t<div class=\"elementor-button-wrapper\">\n\t\t\t\t\t<a class=\"elementor-button elementor-button-link elementor-size-sm\" href=\"#melhores-trabalhos\">\n\t\t\t\t\t\t<span class=\"elementor-button-content-wrapper\">\n\t\t\t\t\t\t\t\t\t<span class=\"elementor-button-text\">Candidatos a Melhores Trabalhos<\/span>\n\t\t\t\t\t<\/span>\n\t\t\t\t\t<\/a>\n\t\t\t\t<\/div>\n\t\t\t\t\t\t\t\t<\/div>\n\t\t\t\t<\/div>\n\t\t\t\t<\/div>\n\t\t\t\t<\/div>\n\t\t\t\t\t<\/div>\n\t\t\t\t<\/div>\n\t\t\t\t<\/div>\n\t\t\t\t<\/div>\n\t\t","protected":false},"excerpt":{"rendered":"<p>MaGICA Submiss\u00e3o at\u00e9 07 13 de julho 2025 Notifica\u00e7\u00e3o prevista para 29 de julho 2025 Submiss\u00e3o do camera-ready: 05 10 de agosto 2025 Apresenta\u00e7\u00e3o ser\u00e1 durante o evento 30\/09 &#8211; 03\/10\/2025 O M\u00c1GICA \u2013 Workshop de Games na Gradua\u00e7\u00e3o e na Educa\u00e7\u00e3o B\u00e1sica, busca promover um contato inicial, bem como a aproxima\u00e7\u00e3o, de estudantes com [&hellip;]<\/p>\n","protected":false},"author":3,"featured_media":0,"parent":0,"menu_order":0,"comment_status":"closed","ping_status":"closed","template":"","meta":{"site-sidebar-layout":"no-sidebar","site-content-layout":"page-builder","ast-site-content-layout":"full-width-container","site-content-style":"default","site-sidebar-style":"default","ast-global-header-display":"","ast-banner-title-visibility":"","ast-main-header-display":"","ast-hfb-above-header-display":"","ast-hfb-below-header-display":"","ast-hfb-mobile-header-display":"","site-post-title":"disabled","ast-breadcrumbs-content":"","ast-featured-img":"disabled","footer-sml-layout":"","theme-transparent-header-meta":"","adv-header-id-meta":"","stick-header-meta":"","header-above-stick-meta":"","header-main-stick-meta":"","header-below-stick-meta":"","astra-migrate-meta-layouts":"set","ast-page-background-enabled":"default","ast-page-background-meta":{"desktop":{"background-color":"","background-image":"","background-repeat":"repeat","background-position":"center center","background-size":"auto","background-attachment":"scroll","background-type":"","background-media":"","overlay-type":"","overlay-color":"","overlay-opacity":"","overlay-gradient":""},"tablet":{"background-color":"","background-image":"","background-repeat":"repeat","background-position":"center center","background-size":"auto","background-attachment":"scroll","background-type":"","background-media":"","overlay-type":"","overlay-color":"","overlay-opacity":"","overlay-gradient":""},"mobile":{"background-color":"","background-image":"","background-repeat":"repeat","background-position":"center center","background-size":"auto","background-attachment":"scroll","background-type":"","background-media":"","overlay-type":"","overlay-color":"","overlay-opacity":"","overlay-gradient":""}},"ast-content-background-meta":{"desktop":{"background-color":"var(--ast-global-color-5)","background-image":"","background-repeat":"repeat","background-position":"center center","background-size":"auto","background-attachment":"scroll","background-type":"","background-media":"","overlay-type":"","overlay-color":"","overlay-opacity":"","overlay-gradient":""},"tablet":{"background-color":"var(--ast-global-color-5)","background-image":"","background-repeat":"repeat","background-position":"center center","background-size":"auto","background-attachment":"scroll","background-type":"","background-media":"","overlay-type":"","overlay-color":"","overlay-opacity":"","overlay-gradient":""},"mobile":{"background-color":"var(--ast-global-color-5)","background-image":"","background-repeat":"repeat","background-position":"center center","background-size":"auto","background-attachment":"scroll","background-type":"","background-media":"","overlay-type":"","overlay-color":"","overlay-opacity":"","overlay-gradient":""}},"footnotes":""},"class_list":["post-4874","page","type-page","status-publish","hentry"],"_links":{"self":[{"href":"https:\/\/sbgames.org\/sbgames2025\/wp-json\/wp\/v2\/pages\/4874","targetHints":{"allow":["GET"]}}],"collection":[{"href":"https:\/\/sbgames.org\/sbgames2025\/wp-json\/wp\/v2\/pages"}],"about":[{"href":"https:\/\/sbgames.org\/sbgames2025\/wp-json\/wp\/v2\/types\/page"}],"author":[{"embeddable":true,"href":"https:\/\/sbgames.org\/sbgames2025\/wp-json\/wp\/v2\/users\/3"}],"replies":[{"embeddable":true,"href":"https:\/\/sbgames.org\/sbgames2025\/wp-json\/wp\/v2\/comments?post=4874"}],"version-history":[{"count":14,"href":"https:\/\/sbgames.org\/sbgames2025\/wp-json\/wp\/v2\/pages\/4874\/revisions"}],"predecessor-version":[{"id":5599,"href":"https:\/\/sbgames.org\/sbgames2025\/wp-json\/wp\/v2\/pages\/4874\/revisions\/5599"}],"wp:attachment":[{"href":"https:\/\/sbgames.org\/sbgames2025\/wp-json\/wp\/v2\/media?parent=4874"}],"curies":[{"name":"wp","href":"https:\/\/api.w.org\/{rel}","templated":true}]}}