{"id":4870,"date":"2025-02-28T23:44:31","date_gmt":"2025-02-28T23:44:31","guid":{"rendered":"https:\/\/sbgames.org\/sbgames2025\/?page_id=4870"},"modified":"2025-03-13T21:23:02","modified_gmt":"2025-03-13T21:23:02","slug":"forum-de-esportes-eletronicos","status":"publish","type":"page","link":"https:\/\/sbgames.org\/sbgames2025\/forum-de-esportes-eletronicos\/","title":{"rendered":"F\u00f3rum de Esportes Eletr\u00f4nicos"},"content":{"rendered":"\t\t<div data-elementor-type=\"wp-page\" data-elementor-id=\"4870\" class=\"elementor elementor-4870\">\n\t\t\t\t<div class=\"elementor-element elementor-element-979ad64 e-con-full e-flex e-con e-parent\" data-id=\"979ad64\" data-element_type=\"container\" data-settings=\"{&quot;background_background&quot;:&quot;classic&quot;}\">\n\t\t\t\t<div class=\"elementor-element elementor-element-c97ec4b elementor-widget elementor-widget-heading\" data-id=\"c97ec4b\" data-element_type=\"widget\" data-widget_type=\"heading.default\">\n\t\t\t\t<div class=\"elementor-widget-container\">\n\t\t\t\t\t<h2 class=\"elementor-heading-title elementor-size-default\">Forum de Esportes Eletronicos<\/h2>\t\t\t\t<\/div>\n\t\t\t\t<\/div>\n\t\t<div class=\"elementor-element elementor-element-71a14b8 e-flex e-con-boxed e-con e-child\" data-id=\"71a14b8\" data-element_type=\"container\">\n\t\t\t\t\t<div class=\"e-con-inner\">\n\t\t<div class=\"elementor-element elementor-element-41558a6 e-flex e-con-boxed e-con e-child\" data-id=\"41558a6\" data-element_type=\"container\">\n\t\t\t\t\t<div class=\"e-con-inner\">\n\t\t\t\t<div class=\"elementor-element elementor-element-54fdb6c elementor-widget elementor-widget-text-editor\" data-id=\"54fdb6c\" data-element_type=\"widget\" data-widget_type=\"text-editor.default\">\n\t\t\t\t<div class=\"elementor-widget-container\">\n\t\t\t\t\t\t\t\t\t<p><span style=\"font-weight: 400;\">O 4\u00ba F\u00f3rum de Esportes Eletr\u00f4nicos tem como objetivo consolidar o espa\u00e7o dedicado, em edi\u00e7\u00f5es anteriores, para a discuss\u00e3o dos esportes eletr\u00f4nicos e todo o ecossistema que o cerca. O f\u00f3rum \u00e9 um espa\u00e7o de discuss\u00e3o que ocorre dentro das atividades do SBGames 2025 e visa reunir professores, estudantes e pesquisadores da \u00e1rea de E-Sports para trocar experi\u00eancias e compartilhar pesquisas que visam contribuir para o avan\u00e7o desta \u00e1rea.<\/span><\/p><p><span style=\"font-weight: 400;\">O f\u00f3rum n\u00e3o se restringe a discutir apenas os jogos considerados como esportes eletr\u00f4nicos, sendo assuntos de interesse todos os elementos que circundam a pr\u00e1tica dos esportes eletr\u00f4nicos. Sendo assim, s\u00e3o assuntos de interesse do f\u00f3rum:<\/span><\/p><ul><li style=\"font-weight: 400;\" aria-level=\"1\"><span style=\"font-weight: 400;\">Pesquisas relacionadas aos esportes eletr\u00f4nicos e seu ecossistema, incluindo jogadores, equipe t\u00e9cnica, times, organiza\u00e7\u00f5es, organizadores de torneios, criadores de conte\u00fado, transmiss\u00e3o e espectadores;<\/span><\/li><li style=\"font-weight: 400;\" aria-level=\"1\"><span style=\"font-weight: 400;\">Desenvolvimento de Jogos Digitais que s\u00e3o considerados esportes eletr\u00f4nicos, seus elementos, princ\u00edpios de desenvolvimento e inova\u00e7\u00f5es no jogo ou no processo.<\/span><\/li><li style=\"font-weight: 400;\" aria-level=\"1\"><span style=\"font-weight: 400;\">Organiza\u00e7\u00e3o de eventos voltados aos esportes eletr\u00f4nicos, incluindo competi\u00e7\u00f5es, watch parties e feiras relacionadas ao tema;<\/span><\/li><li style=\"font-weight: 400;\" aria-level=\"1\"><span style=\"font-weight: 400;\">Cria\u00e7\u00e3o de conte\u00fado relacionados aos esportes eletr\u00f4nicos, sejam eles educacionais, art\u00edsticos ou de entretenimento;<\/span><\/li><li style=\"font-weight: 400;\" aria-level=\"1\"><span style=\"font-weight: 400;\">Gerenciamento de Talentos na \u00e1rea dos esportes eletr\u00f4nicos;<\/span><\/li><li style=\"font-weight: 400;\" aria-level=\"1\"><span style=\"font-weight: 400;\">Treinamento, prepara\u00e7\u00e3o e atua\u00e7\u00e3o como jogador nos esportes eletr\u00f4nicos;<\/span><\/li><li style=\"font-weight: 400;\" aria-level=\"1\"><span style=\"font-weight: 400;\">Gerenciamento de equipes, organiza\u00e7\u00f5es ou empresas que estejam diretamente ligadas aos esportes eletr\u00f4nicos, em qualquer parte do ecossistema;<\/span><\/li><li style=\"font-weight: 400;\" aria-level=\"1\"><span style=\"font-weight: 400;\">Uso de Intelig\u00eancia Artificial no processo de desenvolvimento ou para apoio do treinamento ou pr\u00e1tica dos esportes eletr\u00f4nicos.\u00a0<\/span><\/li><\/ul><p><span style=\"font-weight: 400;\">Outros t\u00f3picos relacionados diretamente aos esportes eletr\u00f4nicos.<\/span><\/p><p><span style=\"color: #e71d73;\"><b>Programa\u00e7\u00e3o da Atividade<\/b><\/span><\/p><p><span style=\"font-weight: 400;\">A programa\u00e7\u00e3o do F\u00f3rum de Esportes Eletr\u00f4nicos ser\u00e1 composta por palestra mesa redonda entre os palestrantes convidados do cen\u00e1rio nacional.<\/span><span style=\"font-weight: 400;\"><br \/><\/span><\/p>\t\t\t\t\t\t\t\t<\/div>\n\t\t\t\t<\/div>\n\t\t<div class=\"elementor-element elementor-element-d5659f8 e-con-full e-flex e-con e-child\" data-id=\"d5659f8\" data-element_type=\"container\">\n\t\t\t\t<div class=\"elementor-element elementor-element-efe130d elementor-widget elementor-widget-heading\" data-id=\"efe130d\" data-element_type=\"widget\" data-widget_type=\"heading.default\">\n\t\t\t\t<div class=\"elementor-widget-container\">\n\t\t\t\t\t<h2 class=\"elementor-heading-title elementor-size-default\">SBGames 2025<\/br> Co-Coordenadores<\/h2>\t\t\t\t<\/div>\n\t\t\t\t<\/div>\n\t\t<div class=\"elementor-element elementor-element-f847ad8 e-flex e-con-boxed e-con e-child\" data-id=\"f847ad8\" data-element_type=\"container\">\n\t\t\t\t\t<div class=\"e-con-inner\">\n\t\t<div class=\"elementor-element elementor-element-768248c e-flex e-con-boxed e-con e-child\" data-id=\"768248c\" data-element_type=\"container\">\n\t\t\t\t\t<div class=\"e-con-inner\">\n\t\t\t\t<div class=\"elementor-element elementor-element-c7e7ba2 elementor-widget elementor-widget-heading\" data-id=\"c7e7ba2\" data-element_type=\"widget\" data-widget_type=\"heading.default\">\n\t\t\t\t<div class=\"elementor-widget-container\">\n\t\t\t\t\t<h3 class=\"elementor-heading-title elementor-size-default\">Marcelo Diniz<\/h3>\t\t\t\t<\/div>\n\t\t\t\t<\/div>\n\t\t\t\t<div class=\"elementor-element elementor-element-1d3e94c elementor-widget elementor-widget-heading\" data-id=\"1d3e94c\" data-element_type=\"widget\" data-widget_type=\"heading.default\">\n\t\t\t\t<div class=\"elementor-widget-container\">\n\t\t\t\t\t<h5 class=\"elementor-heading-title elementor-size-default\">IFBA<\/h5>\t\t\t\t<\/div>\n\t\t\t\t<\/div>\n\t\t\t\t\t<\/div>\n\t\t\t\t<\/div>\n\t\t<div class=\"elementor-element elementor-element-5e1e5f9 e-con-full e-flex e-con e-child\" data-id=\"5e1e5f9\" data-element_type=\"container\">\n\t\t\t\t<div class=\"elementor-element elementor-element-7d16016 elementor-widget elementor-widget-heading\" data-id=\"7d16016\" data-element_type=\"widget\" data-widget_type=\"heading.default\">\n\t\t\t\t<div class=\"elementor-widget-container\">\n\t\t\t\t\t<h3 class=\"elementor-heading-title elementor-size-default\">Luis Araujo<\/h3>\t\t\t\t<\/div>\n\t\t\t\t<\/div>\n\t\t\t\t<div class=\"elementor-element elementor-element-1cbe1a2 elementor-widget elementor-widget-heading\" data-id=\"1cbe1a2\" data-element_type=\"widget\" data-widget_type=\"heading.default\">\n\t\t\t\t<div class=\"elementor-widget-container\">\n\t\t\t\t\t<h5 class=\"elementor-heading-title elementor-size-default\">IFBA<\/h5>\t\t\t\t<\/div>\n\t\t\t\t<\/div>\n\t\t\t\t<\/div>\n\t\t\t\t\t<\/div>\n\t\t\t\t<\/div>\n\t\t\t\t<\/div>\n\t\t\t\t\t<\/div>\n\t\t\t\t<\/div>\n\t\t<div class=\"elementor-element elementor-element-b88d3f6 e-con-full e-flex e-con e-child\" data-id=\"b88d3f6\" data-element_type=\"container\">\n\t\t\t\t<\/div>\n\t\t\t\t\t<\/div>\n\t\t\t\t<\/div>\n\t\t\t\t<\/div>\n\t\t\t\t<\/div>\n\t\t","protected":false},"excerpt":{"rendered":"<p>Forum de Esportes Eletronicos O 4\u00ba F\u00f3rum de Esportes Eletr\u00f4nicos tem como objetivo consolidar o espa\u00e7o dedicado, em edi\u00e7\u00f5es anteriores, para a discuss\u00e3o dos esportes eletr\u00f4nicos e todo o ecossistema que o cerca. O f\u00f3rum \u00e9 um espa\u00e7o de discuss\u00e3o que ocorre dentro das atividades do SBGames 2025 e visa reunir professores, estudantes e pesquisadores [&hellip;]<\/p>\n","protected":false},"author":3,"featured_media":0,"parent":0,"menu_order":0,"comment_status":"closed","ping_status":"closed","template":"","meta":{"site-sidebar-layout":"no-sidebar","site-content-layout":"page-builder","ast-site-content-layout":"full-width-container","site-content-style":"default","site-sidebar-style":"default","ast-global-header-display":"","ast-banner-title-visibility":"","ast-main-header-display":"","ast-hfb-above-header-display":"","ast-hfb-below-header-display":"","ast-hfb-mobile-header-display":"","site-post-title":"disabled","ast-breadcrumbs-content":"","ast-featured-img":"disabled","footer-sml-layout":"","theme-transparent-header-meta":"","adv-header-id-meta":"","stick-header-meta":"","header-above-stick-meta":"","header-main-stick-meta":"","header-below-stick-meta":"","astra-migrate-meta-layouts":"set","ast-page-background-enabled":"default","ast-page-background-meta":{"desktop":{"background-color":"","background-image":"","background-repeat":"repeat","background-position":"center center","background-size":"auto","background-attachment":"scroll","background-type":"","background-media":"","overlay-type":"","overlay-color":"","overlay-opacity":"","overlay-gradient":""},"tablet":{"background-color":"","background-image":"","background-repeat":"repeat","background-position":"center center","background-size":"auto","background-attachment":"scroll","background-type":"","background-media":"","overlay-type":"","overlay-color":"","overlay-opacity":"","overlay-gradient":""},"mobile":{"background-color":"","background-image":"","background-repeat":"repeat","background-position":"center center","background-size":"auto","background-attachment":"scroll","background-type":"","background-media":"","overlay-type":"","overlay-color":"","overlay-opacity":"","overlay-gradient":""}},"ast-content-background-meta":{"desktop":{"background-color":"var(--ast-global-color-5)","background-image":"","background-repeat":"repeat","background-position":"center center","background-size":"auto","background-attachment":"scroll","background-type":"","background-media":"","overlay-type":"","overlay-color":"","overlay-opacity":"","overlay-gradient":""},"tablet":{"background-color":"var(--ast-global-color-5)","background-image":"","background-repeat":"repeat","background-position":"center center","background-size":"auto","background-attachment":"scroll","background-type":"","background-media":"","overlay-type":"","overlay-color":"","overlay-opacity":"","overlay-gradient":""},"mobile":{"background-color":"var(--ast-global-color-5)","background-image":"","background-repeat":"repeat","background-position":"center center","background-size":"auto","background-attachment":"scroll","background-type":"","background-media":"","overlay-type":"","overlay-color":"","overlay-opacity":"","overlay-gradient":""}},"footnotes":""},"class_list":["post-4870","page","type-page","status-publish","hentry"],"_links":{"self":[{"href":"https:\/\/sbgames.org\/sbgames2025\/wp-json\/wp\/v2\/pages\/4870","targetHints":{"allow":["GET"]}}],"collection":[{"href":"https:\/\/sbgames.org\/sbgames2025\/wp-json\/wp\/v2\/pages"}],"about":[{"href":"https:\/\/sbgames.org\/sbgames2025\/wp-json\/wp\/v2\/types\/page"}],"author":[{"embeddable":true,"href":"https:\/\/sbgames.org\/sbgames2025\/wp-json\/wp\/v2\/users\/3"}],"replies":[{"embeddable":true,"href":"https:\/\/sbgames.org\/sbgames2025\/wp-json\/wp\/v2\/comments?post=4870"}],"version-history":[{"count":5,"href":"https:\/\/sbgames.org\/sbgames2025\/wp-json\/wp\/v2\/pages\/4870\/revisions"}],"predecessor-version":[{"id":4999,"href":"https:\/\/sbgames.org\/sbgames2025\/wp-json\/wp\/v2\/pages\/4870\/revisions\/4999"}],"wp:attachment":[{"href":"https:\/\/sbgames.org\/sbgames2025\/wp-json\/wp\/v2\/media?parent=4870"}],"curies":[{"name":"wp","href":"https:\/\/api.w.org\/{rel}","templated":true}]}}