{"id":4583,"date":"2025-02-13T21:56:52","date_gmt":"2025-02-13T21:56:52","guid":{"rendered":"https:\/\/sbgames.org\/sbgames2025\/?page_id=4583"},"modified":"2025-02-22T20:02:00","modified_gmt":"2025-02-22T20:02:00","slug":"elementor-4583","status":"publish","type":"page","link":"https:\/\/sbgames.org\/sbgames2025\/elementor-4583\/","title":{"rendered":"Sede"},"content":{"rendered":"\t\t<div data-elementor-type=\"wp-page\" data-elementor-id=\"4583\" class=\"elementor elementor-4583\">\n\t\t\t\t<div class=\"elementor-element elementor-element-a3f0e1d e-flex e-con-boxed e-con e-child\" data-id=\"a3f0e1d\" data-element_type=\"container\" data-settings=\"{&quot;background_background&quot;:&quot;classic&quot;}\">\n\t\t\t\t\t<div class=\"e-con-inner\">\n\t\t\t\t<div class=\"elementor-element elementor-element-a408244 elementor-widget elementor-widget-heading\" data-id=\"a408244\" data-element_type=\"widget\" data-widget_type=\"heading.default\">\n\t\t\t\t<div class=\"elementor-widget-container\">\n\t\t\t\t\t<h2 class=\"elementor-heading-title elementor-size-default\">SENAI CIMATEC<\/h2>\t\t\t\t<\/div>\n\t\t\t\t<\/div>\n\t\t\t\t<div class=\"elementor-element elementor-element-f969f3f elementor-widget elementor-widget-text-editor\" data-id=\"f969f3f\" data-element_type=\"widget\" data-widget_type=\"text-editor.default\">\n\t\t\t\t<div class=\"elementor-widget-container\">\n\t\t\t\t\t\t\t\t\t<p><span style=\"font-weight: 400;\">O <strong>SENAI CIMATEC<\/strong> \u00e9 um centro de inova\u00e7\u00e3o, pesquisa e educa\u00e7\u00e3o. Reconhecida como uma das melhores universidades no pa\u00eds, a institui\u00e7\u00e3o visa conectar meio ambiente, tecnologia, inova\u00e7\u00e3o e sustentabilidade atrav\u00e9s de laborat\u00f3rios e centros de desenvolvimento e pesquisa. O\u00a0 centro de supercomputa\u00e7\u00e3o e o QuINN (Centro de tecnologias qu\u00e2nticas) s\u00e3o exemplos de poder computacional e desenvolvimento de tecnologias que a organiza\u00e7\u00e3o possui, tornando-o pe\u00e7a chave na constru\u00e7\u00e3o do futuro industrial do Brasil.\u00a0<\/span><\/p><p><span style=\"font-weight: 400;\">A universidade possui parceiros nacionais e internacionais (como a Embraer, Shell, Ford) permitindo interc\u00e2mbios e a troca de conhecimento entre pesquisadores e estudantes ao redor do mundo. Os la\u00e7os da institui\u00e7\u00e3o com universidades e corpora\u00e7\u00f5es l\u00edderes ampliam sua capacidade de cria\u00e7\u00e3o de projetos inovadores, estabelecendo um ambiente empreendedor e criativo.<\/span><\/p><p><span style=\"font-weight: 400;\">O reconhecimento do <strong>SENAI CIMATEC<\/strong> como centro de compet\u00eancias abriu portas para que a Universidade seja sede de confer\u00eancias, simp\u00f3sios e eventos acad\u00eamicos e tecnol\u00f3gicos, garantindo a discuss\u00e3o de tend\u00eancias de mercado e inova\u00e7\u00f5es em diversos \u00e2mbitos em seu campus.<\/span><\/p>\t\t\t\t\t\t\t\t<\/div>\n\t\t\t\t<\/div>\n\t\t\t\t<div class=\"elementor-element elementor-element-5678521 elementor-widget elementor-widget-google_maps\" data-id=\"5678521\" data-element_type=\"widget\" data-widget_type=\"google_maps.default\">\n\t\t\t\t<div class=\"elementor-widget-container\">\n\t\t\t\t\t\t\t<div class=\"elementor-custom-embed\">\n\t\t\t<iframe loading=\"lazy\"\n\t\t\t\t\tsrc=\"https:\/\/maps.google.com\/maps?q=Av.%20Orlando%20Gomes%2C%201845%20-%20Piat%C3%A3%2C%20Salvador%20-%20BA%2C%2041650-010&#038;t=m&#038;z=17&#038;output=embed&#038;iwloc=near\"\n\t\t\t\t\ttitle=\"Av. Orlando Gomes, 1845 - Piat\u00e3, Salvador - BA, 41650-010\"\n\t\t\t\t\taria-label=\"Av. Orlando Gomes, 1845 - Piat\u00e3, Salvador - BA, 41650-010\"\n\t\t\t><\/iframe>\n\t\t<\/div>\n\t\t\t\t\t\t<\/div>\n\t\t\t\t<\/div>\n\t\t\t\t\t<\/div>\n\t\t\t\t<\/div>\n\t\t\t\t<\/div>\n\t\t","protected":false},"excerpt":{"rendered":"<p>SENAI CIMATEC O SENAI CIMATEC \u00e9 um centro de inova\u00e7\u00e3o, pesquisa e educa\u00e7\u00e3o. Reconhecida como uma das melhores universidades no pa\u00eds, a institui\u00e7\u00e3o visa conectar meio ambiente, tecnologia, inova\u00e7\u00e3o e sustentabilidade atrav\u00e9s de laborat\u00f3rios e centros de desenvolvimento e pesquisa. O\u00a0 centro de supercomputa\u00e7\u00e3o e o QuINN (Centro de tecnologias qu\u00e2nticas) s\u00e3o exemplos de poder [&hellip;]<\/p>\n","protected":false},"author":3,"featured_media":0,"parent":0,"menu_order":0,"comment_status":"closed","ping_status":"closed","template":"","meta":{"site-sidebar-layout":"no-sidebar","site-content-layout":"page-builder","ast-site-content-layout":"full-width-container","site-content-style":"default","site-sidebar-style":"default","ast-global-header-display":"","ast-banner-title-visibility":"","ast-main-header-display":"","ast-hfb-above-header-display":"","ast-hfb-below-header-display":"","ast-hfb-mobile-header-display":"","site-post-title":"disabled","ast-breadcrumbs-content":"","ast-featured-img":"disabled","footer-sml-layout":"","theme-transparent-header-meta":"","adv-header-id-meta":"","stick-header-meta":"","header-above-stick-meta":"","header-main-stick-meta":"","header-below-stick-meta":"","astra-migrate-meta-layouts":"set","ast-page-background-enabled":"default","ast-page-background-meta":{"desktop":{"background-color":"","background-image":"","background-repeat":"repeat","background-position":"center center","background-size":"auto","background-attachment":"scroll","background-type":"","background-media":"","overlay-type":"","overlay-color":"","overlay-opacity":"","overlay-gradient":""},"tablet":{"background-color":"","background-image":"","background-repeat":"repeat","background-position":"center center","background-size":"auto","background-attachment":"scroll","background-type":"","background-media":"","overlay-type":"","overlay-color":"","overlay-opacity":"","overlay-gradient":""},"mobile":{"background-color":"","background-image":"","background-repeat":"repeat","background-position":"center center","background-size":"auto","background-attachment":"scroll","background-type":"","background-media":"","overlay-type":"","overlay-color":"","overlay-opacity":"","overlay-gradient":""}},"ast-content-background-meta":{"desktop":{"background-color":"var(--ast-global-color-5)","background-image":"","background-repeat":"repeat","background-position":"center center","background-size":"auto","background-attachment":"scroll","background-type":"","background-media":"","overlay-type":"","overlay-color":"","overlay-opacity":"","overlay-gradient":""},"tablet":{"background-color":"var(--ast-global-color-5)","background-image":"","background-repeat":"repeat","background-position":"center center","background-size":"auto","background-attachment":"scroll","background-type":"","background-media":"","overlay-type":"","overlay-color":"","overlay-opacity":"","overlay-gradient":""},"mobile":{"background-color":"var(--ast-global-color-5)","background-image":"","background-repeat":"repeat","background-position":"center center","background-size":"auto","background-attachment":"scroll","background-type":"","background-media":"","overlay-type":"","overlay-color":"","overlay-opacity":"","overlay-gradient":""}},"footnotes":""},"class_list":["post-4583","page","type-page","status-publish","hentry"],"_links":{"self":[{"href":"https:\/\/sbgames.org\/sbgames2025\/wp-json\/wp\/v2\/pages\/4583","targetHints":{"allow":["GET"]}}],"collection":[{"href":"https:\/\/sbgames.org\/sbgames2025\/wp-json\/wp\/v2\/pages"}],"about":[{"href":"https:\/\/sbgames.org\/sbgames2025\/wp-json\/wp\/v2\/types\/page"}],"author":[{"embeddable":true,"href":"https:\/\/sbgames.org\/sbgames2025\/wp-json\/wp\/v2\/users\/3"}],"replies":[{"embeddable":true,"href":"https:\/\/sbgames.org\/sbgames2025\/wp-json\/wp\/v2\/comments?post=4583"}],"version-history":[{"count":19,"href":"https:\/\/sbgames.org\/sbgames2025\/wp-json\/wp\/v2\/pages\/4583\/revisions"}],"predecessor-version":[{"id":4807,"href":"https:\/\/sbgames.org\/sbgames2025\/wp-json\/wp\/v2\/pages\/4583\/revisions\/4807"}],"wp:attachment":[{"href":"https:\/\/sbgames.org\/sbgames2025\/wp-json\/wp\/v2\/media?parent=4583"}],"curies":[{"name":"wp","href":"https:\/\/api.w.org\/{rel}","templated":true}]}}