{"id":1830,"date":"2024-02-02T15:34:07","date_gmt":"2024-02-02T15:34:07","guid":{"rendered":"https:\/\/sbgames.org\/sbgames2025\/?page_id=1830"},"modified":"2025-08-19T22:08:07","modified_gmt":"2025-08-19T22:08:07","slug":"industria","status":"publish","type":"page","link":"https:\/\/sbgames.org\/sbgames2025\/industria\/","title":{"rendered":"Ind\u00fastria"},"content":{"rendered":"\t\t<div data-elementor-type=\"wp-page\" data-elementor-id=\"1830\" class=\"elementor elementor-1830\">\n\t\t\t\t<div class=\"elementor-element elementor-element-1c96dfc e-con-full e-flex e-con e-parent\" data-id=\"1c96dfc\" data-element_type=\"container\" data-settings=\"{&quot;background_background&quot;:&quot;classic&quot;}\">\n\t\t\t\t<div class=\"elementor-element elementor-element-a3616e0 elementor-widget elementor-widget-heading\" data-id=\"a3616e0\" data-element_type=\"widget\" data-widget_type=\"heading.default\">\n\t\t\t\t<div class=\"elementor-widget-container\">\n\t\t\t\t\t<h2 class=\"elementor-heading-title elementor-size-default\">industria<\/h2>\t\t\t\t<\/div>\n\t\t\t\t<\/div>\n\t\t<div class=\"elementor-element elementor-element-da2974c e-flex e-con-boxed e-con e-child\" data-id=\"da2974c\" data-element_type=\"container\" data-settings=\"{&quot;background_background&quot;:&quot;classic&quot;}\">\n\t\t\t\t\t<div class=\"e-con-inner\">\n\t\t\t\t<div class=\"elementor-element elementor-element-1d69dfb elementor-widget elementor-widget-text-editor\" data-id=\"1d69dfb\" data-element_type=\"widget\" data-widget_type=\"text-editor.default\">\n\t\t\t\t<div class=\"elementor-widget-container\">\n\t\t\t\t\t\t\t\t\t<p>Submiss\u00e3o dos trabalhos: <del>30\/03\/2025<\/del> <del>12\/04\/2025<\/del> Hard deadline 21\/04\/2025<\/p>\t\t\t\t\t\t\t\t<\/div>\n\t\t\t\t<\/div>\n\t\t\t\t<div class=\"elementor-element elementor-element-63dbc70 elementor-widget elementor-widget-heading\" data-id=\"63dbc70\" data-element_type=\"widget\" data-widget_type=\"heading.default\">\n\t\t\t\t<div class=\"elementor-widget-container\">\n\t\t\t\t\t<h4 class=\"elementor-heading-title elementor-size-default\">Notifica\u00e7\u00e3o dos autores: 16\/06\/2025<\/h4>\t\t\t\t<\/div>\n\t\t\t\t<\/div>\n\t\t\t\t<div class=\"elementor-element elementor-element-73c69e5 elementor-widget elementor-widget-heading\" data-id=\"73c69e5\" data-element_type=\"widget\" data-widget_type=\"heading.default\">\n\t\t\t\t<div class=\"elementor-widget-container\">\n\t\t\t\t\t<h4 class=\"elementor-heading-title elementor-size-default\">Envio da vers\u00e3o final dos trabalhos: 06\/07\/2025<\/h4>\t\t\t\t<\/div>\n\t\t\t\t<\/div>\n\t\t\t\t\t<\/div>\n\t\t\t\t<\/div>\n\t\t<div class=\"elementor-element elementor-element-5cc9649 e-flex e-con-boxed e-con e-child\" data-id=\"5cc9649\" data-element_type=\"container\">\n\t\t\t\t\t<div class=\"e-con-inner\">\n\t\t<div class=\"elementor-element elementor-element-1ec1986 e-flex e-con-boxed e-con e-child\" data-id=\"1ec1986\" data-element_type=\"container\">\n\t\t\t\t\t<div class=\"e-con-inner\">\n\t\t\t\t<div class=\"elementor-element elementor-element-772f906 elementor-widget elementor-widget-text-editor\" data-id=\"772f906\" data-element_type=\"widget\" data-widget_type=\"text-editor.default\">\n\t\t\t\t<div class=\"elementor-widget-container\">\n\t\t\t\t\t\t\t\t\t<h3><span style=\"color: #e71d73;\"><strong>Cara comunidade de Jogos e Ind\u00fastria,<\/strong><\/span><\/h3><p><span style=\"font-weight: 400;\">A Trilha de Ind\u00fastria do SBGames 2025 est\u00e1 com submiss\u00f5es abertas para artigos sobre pesquisas originais e aplica\u00e7\u00f5es inovadoras no campo de Jogos e Ind\u00fastria.<\/span><\/p><p><span style=\"font-weight: 400;\">Nas \u00faltimas d\u00e9cadas, a ind\u00fastria de jogos sofreu grandes impactos no modelo de neg\u00f3cios, m\u00e9todos de <\/span><i><span style=\"font-weight: 400;\">marketing<\/span><\/i><span style=\"font-weight: 400;\">, processos de desenvolvimento e um novo olhar para a opera\u00e7\u00e3o dos jogos ap\u00f3s o lan\u00e7amento.\u00a0<\/span><\/p><p><span style=\"font-weight: 400;\">Convidamos pesquisadores, profissionais e entusiastas a propor trabalhos que revisem essas mudan\u00e7as sob um olhar cr\u00edtico, que possam contribuir com trabalhos originais para reflex\u00f5es e melhorias sobre a ind\u00fastria como um todo.<\/span><\/p><h3><span style=\"color: #e71d73;\"><strong>A lista de t\u00f3picos de interesse inclui:<\/strong><\/span><\/h3><ul><li style=\"font-weight: 400;\" aria-level=\"1\"><span style=\"font-weight: 400;\">Aspectos Regulat\u00f3rios e Jur\u00eddicos;<\/span><\/li><li style=\"font-weight: 400;\" aria-level=\"1\"><span style=\"font-weight: 400;\">Associa\u00e7\u00f5es Setoriais;<\/span><\/li><li style=\"font-weight: 400;\" aria-level=\"1\"><span style=\"font-weight: 400;\">Aquisi\u00e7\u00e3o de Usu\u00e1rios;<\/span><\/li><li style=\"font-weight: 400;\" aria-level=\"1\"><span style=\"font-weight: 400;\">Cadeia produtiva de Jogos Digitais;<\/span><\/li><li style=\"font-weight: 400;\" aria-level=\"1\"><span style=\"font-weight: 400;\">Empreendedorismo;<\/span><\/li><li style=\"font-weight: 400;\" aria-level=\"1\"><span style=\"font-weight: 400;\">eSports: modelos, times, casos, competi\u00e7\u00f5es, entre outros;<\/span><\/li><li style=\"font-weight: 400;\" aria-level=\"1\"><span style=\"font-weight: 400;\">Estrat\u00e9gias de produ\u00e7\u00e3o de jogos digitais;<\/span><\/li><li style=\"font-weight: 400;\" aria-level=\"1\"><span style=\"font-weight: 400;\">Estrat\u00e9gia Organizacional na Ind\u00fastria de Jogos Digitais;<\/span><\/li><li style=\"font-weight: 400;\" aria-level=\"1\"><span style=\"font-weight: 400;\">Financiamento de jogos e empresas;<\/span><\/li><li style=\"font-weight: 400;\" aria-level=\"1\"><span style=\"font-weight: 400;\">Games e Ind\u00fastrias Criativas;<\/span><\/li><li style=\"font-weight: 400;\" aria-level=\"1\"><span style=\"font-weight: 400;\">Games em Produ\u00e7\u00e3o Transm\u00eddia e\/ou Multiplataforma;<\/span><\/li><li style=\"font-weight: 400;\" aria-level=\"1\"><span style=\"font-weight: 400;\">Gest\u00e3o de comunidades;<\/span><\/li><li style=\"font-weight: 400;\" aria-level=\"1\"><span style=\"font-weight: 400;\">Gest\u00e3o de Talentos e Forma\u00e7\u00e3o de Profissionais.<\/span><\/li><li style=\"font-weight: 400;\" aria-level=\"1\"><span style=\"font-weight: 400;\">Governan\u00e7a\/Lideran\u00e7a na Ind\u00fastria de Jogos Digitais;<\/span><\/li><li style=\"font-weight: 400;\" aria-level=\"1\"><span style=\"font-weight: 400;\">Inova\u00e7\u00e3o na Ind\u00fastria de Jogos Digitais;<\/span><\/li><li style=\"font-weight: 400;\" aria-level=\"1\"><span style=\"font-weight: 400;\">Mapeamento da Ind\u00fastria de Jogos Digitais;<\/span><\/li><li style=\"font-weight: 400;\" aria-level=\"1\"><span style=\"font-weight: 400;\">Marketing e Publishing;<\/span><\/li><li style=\"font-weight: 400;\" aria-level=\"1\"><span style=\"font-weight: 400;\">M&amp;A na ind\u00fastria de jogos digitais;<\/span><\/li><li style=\"font-weight: 400;\" aria-level=\"1\"><span style=\"font-weight: 400;\">Metodologias de Gest\u00e3o de Projetos;<\/span><\/li><li style=\"font-weight: 400;\" aria-level=\"1\"><span style=\"font-weight: 400;\">M\u00e9tricas na Ind\u00fastria de Jogos Digitais;<\/span><\/li><li style=\"font-weight: 400;\" aria-level=\"1\"><span style=\"font-weight: 400;\">Modelos de Neg\u00f3cio;<\/span><\/li><li style=\"font-weight: 400;\" aria-level=\"1\"><span style=\"font-weight: 400;\">Monetiza\u00e7\u00e3o;<\/span><\/li><li style=\"font-weight: 400;\" aria-level=\"1\"><span style=\"font-weight: 400;\">Opera\u00e7\u00e3o de jogos digitais;<\/span><\/li><li style=\"font-weight: 400;\" aria-level=\"1\"><span style=\"font-weight: 400;\">Pol\u00edticas P\u00fablicas e Editais de Fomento;<\/span><\/li><li style=\"font-weight: 400;\" aria-level=\"1\"><span style=\"font-weight: 400;\">Produ\u00e7\u00e3o Independente;<\/span><\/li><\/ul><p><span style=\"font-weight: 400;\">Em caso de d\u00favida sobre a classifica\u00e7\u00e3o do seu trabalho em alguma trilha, consulte os respons\u00e1veis pela trilha (<\/span><a href=\"mailto:industria@sbgames.org\"><span style=\"font-weight: 400;\">industria@sbgames.org<\/span><\/a><span style=\"font-weight: 400;\">). De qualquer forma, a adequa\u00e7\u00e3o do seu trabalho \u00e0s trilhas ser\u00e1 avaliada pelos <\/span><i><span style=\"font-weight: 400;\">chairs<\/span><\/i><span style=\"font-weight: 400;\">, que poder\u00e3o sugerir uma nova classifica\u00e7\u00e3o para sua submiss\u00e3o.<\/span><\/p><h3><span style=\"color: #e71d73;\"><b>Publica\u00e7\u00e3o:<\/b><\/span><\/h3><ul><li style=\"font-weight: 400;\" aria-level=\"1\"><span style=\"font-weight: 400;\">Artigos selecionados e apresentados no evento (<\/span><i><span style=\"font-weight: 400;\">Full<\/span><\/i><span style=\"font-weight: 400;\"> e <\/span><i><span style=\"font-weight: 400;\">Short Papers<\/span><\/i><span style=\"font-weight: 400;\">) receber\u00e3o DOI individual, ser\u00e3o publicados nos Anais Estendidos, dispon\u00edveis no reposit\u00f3rio da SOL-SBC.\u00a0<\/span><\/li><li style=\"font-weight: 400;\" aria-level=\"1\"><span style=\"font-weight: 400;\">Os tr\u00eas melhores Artigos Completos e os tr\u00eas melhores Artigos Curtos receber\u00e3o distin\u00e7\u00e3o especial no evento.\u00a0<\/span><\/li><li style=\"font-weight: 400;\" aria-level=\"1\"><span style=\"font-weight: 400;\">Os autores dos melhores Artigos Completos poder\u00e3o ser convidados a submeter uma vers\u00e3o estendida para uma publica\u00e7\u00e3o especial da revista <\/span><a href=\"https:\/\/sol.sbc.org.br\/journals\/index.php\/jis\"><i><span style=\"font-weight: 400;\">Journal on Interactive Systems<\/span><\/i><\/a><span style=\"font-weight: 400;\"> (JIS), a ser publicada em 2025. Os manuscritos submetidos a essas publica\u00e7\u00f5es dever\u00e3o se adequar \u00e0s normas exigidas pelas mesmas e passar\u00e3o por um novo processo de avalia\u00e7\u00e3o por pares antes de serem aceitos.<\/span><\/li><\/ul><h3>\u00a0<\/h3><p><span style=\"font-weight: 400;\">Verifique mais detalhes no <\/span><a href=\"https:\/\/docs.google.com\/document\/d\/1CZ2nW3jqefNGzrpYxkekZ5L9Q1Bu4gHw\/edit?usp=sharing&amp;ouid=112922919468338148128&amp;rtpof=true&amp;sd=true\"><span style=\"font-weight: 400;\">Manual de Autores<\/span><\/a><span style=\"font-weight: 400;\"> e acompanhe o evento tamb\u00e9m pelo <\/span><a href=\"https:\/\/www.facebook.com\/SBGames\"><span style=\"font-weight: 400;\">Facebook<\/span><\/a><span style=\"font-weight: 400;\"> e pelo <\/span><a href=\"https:\/\/www.instagram.com\/sbgames_oficial\"><span style=\"font-weight: 400;\">Instagram<\/span><\/a><span style=\"font-weight: 400;\">.<\/span><\/p><h3><span id=\"melhores-trabalhos\" style=\"color: #e71d73;\"><b>Candidatos a Melhores Trabalhos<\/b><\/span><\/h3><p>\u00a0<\/p><p><span style=\"font-weight: 400;\">Candidatos aos melhores <\/span><b>Trabalhos Completos:<\/b><\/p><ul><li style=\"font-weight: 400;\" aria-level=\"2\"><i><span style=\"font-weight: 400;\">\u201cProjeto Novos Talentos SC Games: Uma Iniciativa de Forma\u00e7\u00e3o e Fomento \u00e0 Ind\u00fastria Criativa em Santa Catarina\u201d \u2013 <\/span><\/i><span style=\"font-weight: 400;\">Autores: Marcia Battistella (SC Games), Tania Minsky (Secretaria de Estado da Educa\u00e7\u00e3o de Santa Catarina)<\/span><\/li><\/ul><ul><li style=\"font-weight: 400;\" aria-level=\"2\"><i><span style=\"font-weight: 400;\">\u201cO Papel das Ferramentas de Brainstorming e Psicologia no Processo Criativo do Game Design: Survey com Profissionais da Ind\u00fastria de Jogos: A Rapid Review\u201d \u2013 <\/span><\/i><span style=\"font-weight: 400;\">Autores: Diego Angellus Duarte D\u2019Andrea (UNIRIO), Tadeu Moreira de Classe (UNIRIO), Sean W. M. Siqueira (UNIRIO)<\/span><\/li><\/ul><ul><li style=\"font-weight: 400;\" aria-level=\"2\"><i><span style=\"font-weight: 400;\">\u201cStorytelling e Narrativas Interativas para Treinamento de Risco na Ind\u00fastria &#8211; Uma Revis\u00e3o R\u00e1pida da Literatura\u201d \u2013 <\/span><\/i><span style=\"font-weight: 400;\">Autores: Roberto Rufino J\u00fanior (UNIRIO), Tadeu Moreira de Classe (UNIRIO)<br \/><br \/><\/span><\/li><li style=\"font-weight: 400;\" aria-level=\"2\"><i><span style=\"font-weight: 400;\">\u201cGamifica\u00e7\u00e3o em Aplicativos de Organiza\u00e7\u00e3o Pessoal: Uma An\u00e1lise de Mercado\u201d \u2013 <\/span><\/i><span style=\"font-weight: 400;\">Autores: Milena Batalha Pereira (UNIRIO), Herick Henrique Cardouzo (UNIRIO), Tadeu Moreira de Classe (UNIRIO)<\/span><\/li><\/ul><p><span style=\"font-weight: 400;\">Candidatos aos melhores <\/span><b>Trabalhos Curtos<\/b><span style=\"font-weight: 400;\">:\u00a0<\/span><\/p><ul><li style=\"list-style-type: none;\"><ul><li style=\"font-weight: 400;\" aria-level=\"2\"><i><span style=\"font-weight: 400;\">\u201cComportamento de cocria\u00e7\u00e3o de valor em servi\u00e7os de marketing em um cluster da ind\u00fastria de jogos digitais\u201d<\/span><\/i><span style=\"font-weight: 400;\"> \u2013\u00a0 Autores: Thom\u00e1s Czrnhak (PUCRS), Fernanda Klauck (PUCRS), Cristiano Max Pereira Pinheiro (PUCRS), Milena Cherutti (PUCRS), Francisco Marianoff de Castro (PUCRS), Felipe Zanini (PUCRS)<\/span><\/li><\/ul><\/li><\/ul><p><b>Aten\u00e7\u00e3o:<\/b><span style=\"font-weight: 400;\"> a ordem dos trabalhos acima <\/span><b>N\u00c3O REPRESENTA<\/b><span style=\"font-weight: 400;\"> a classifica\u00e7\u00e3o final e\/ou a ordem de premia\u00e7\u00e3o.<\/span><\/p>\t\t\t\t\t\t\t\t<\/div>\n\t\t\t\t<\/div>\n\t\t<div class=\"elementor-element elementor-element-29580e8 e-con-full e-flex e-con e-child\" data-id=\"29580e8\" data-element_type=\"container\">\n\t\t\t\t<div class=\"elementor-element elementor-element-f652f95 elementor-widget elementor-widget-heading\" data-id=\"f652f95\" data-element_type=\"widget\" data-widget_type=\"heading.default\">\n\t\t\t\t<div class=\"elementor-widget-container\">\n\t\t\t\t\t<h2 class=\"elementor-heading-title elementor-size-default\">SBGames 2025<\/br> Co-Coordenadores<\/h2>\t\t\t\t<\/div>\n\t\t\t\t<\/div>\n\t\t<div class=\"elementor-element elementor-element-357867d e-con-full e-flex e-con e-child\" data-id=\"357867d\" data-element_type=\"container\">\n\t\t<div class=\"elementor-element elementor-element-3a0243f e-flex e-con-boxed e-con e-child\" data-id=\"3a0243f\" data-element_type=\"container\">\n\t\t\t\t\t<div class=\"e-con-inner\">\n\t\t\t\t<div class=\"elementor-element elementor-element-f7944df elementor-widget elementor-widget-heading\" data-id=\"f7944df\" data-element_type=\"widget\" data-widget_type=\"heading.default\">\n\t\t\t\t<div class=\"elementor-widget-container\">\n\t\t\t\t\t<h3 class=\"elementor-heading-title elementor-size-default\">Ronney  Moreira de Castro<\/h3>\t\t\t\t<\/div>\n\t\t\t\t<\/div>\n\t\t\t\t<div class=\"elementor-element elementor-element-86af0e9 elementor-widget elementor-widget-heading\" data-id=\"86af0e9\" data-element_type=\"widget\" data-widget_type=\"heading.default\">\n\t\t\t\t<div class=\"elementor-widget-container\">\n\t\t\t\t\t<h5 class=\"elementor-heading-title elementor-size-default\">Universidade Federal de Juiz de Fora - UFJF<\/h5>\t\t\t\t<\/div>\n\t\t\t\t<\/div>\n\t\t\t\t\t<\/div>\n\t\t\t\t<\/div>\n\t\t<div class=\"elementor-element elementor-element-016c24e e-con-full e-flex e-con e-child\" data-id=\"016c24e\" data-element_type=\"container\">\n\t\t\t\t<div class=\"elementor-element elementor-element-483a319 elementor-widget elementor-widget-heading\" data-id=\"483a319\" data-element_type=\"widget\" data-widget_type=\"heading.default\">\n\t\t\t\t<div class=\"elementor-widget-container\">\n\t\t\t\t\t<h3 class=\"elementor-heading-title elementor-size-default\">Cristhyane Ribeiro Martins da Silva<\/h3>\t\t\t\t<\/div>\n\t\t\t\t<\/div>\n\t\t\t\t<div class=\"elementor-element elementor-element-e32bc15 elementor-widget elementor-widget-heading\" data-id=\"e32bc15\" data-element_type=\"widget\" data-widget_type=\"heading.default\">\n\t\t\t\t<div class=\"elementor-widget-container\">\n\t\t\t\t\t<h5 class=\"elementor-heading-title elementor-size-default\">SINERGIA GAMES<\/h5>\t\t\t\t<\/div>\n\t\t\t\t<\/div>\n\t\t\t\t<\/div>\n\t\t\t\t<\/div>\n\t\t\t\t<\/div>\n\t\t<div class=\"elementor-element elementor-element-2975feb e-con-full e-flex e-con e-child\" data-id=\"2975feb\" data-element_type=\"container\">\n\t\t\t\t<div class=\"elementor-element elementor-element-248c781 elementor-widget elementor-widget-heading\" data-id=\"248c781\" data-element_type=\"widget\" data-widget_type=\"heading.default\">\n\t\t\t\t<div class=\"elementor-widget-container\">\n\t\t\t\t\t<h2 class=\"elementor-heading-title elementor-size-default\">SBGames 2025<br>Comite de Programa<\/h2>\t\t\t\t<\/div>\n\t\t\t\t<\/div>\n\t\t<div class=\"elementor-element elementor-element-dd0419a e-flex e-con-boxed e-con e-child\" data-id=\"dd0419a\" data-element_type=\"container\">\n\t\t\t\t\t<div class=\"e-con-inner\">\n\t\t<div class=\"elementor-element elementor-element-a57b6cb e-flex e-con-boxed e-con e-child\" data-id=\"a57b6cb\" data-element_type=\"container\">\n\t\t\t\t\t<div class=\"e-con-inner\">\n\t\t\t\t<div class=\"elementor-element elementor-element-ee7d0f2 elementor-widget elementor-widget-text-editor\" data-id=\"ee7d0f2\" data-element_type=\"widget\" data-widget_type=\"text-editor.default\">\n\t\t\t\t<div class=\"elementor-widget-container\">\n\t\t\t\t\t\t\t\t\t<table dir=\"ltr\" border=\"1\" cellspacing=\"0\" cellpadding=\"0\" data-sheets-root=\"1\" data-sheets-baot=\"1\"><colgroup><col width=\"205\" \/><col width=\"461\" \/><\/colgroup><tbody><tr><td>Aecio Jorge Macedo Braga<\/td><td>Universidade Estadual do Amazonas<\/td><\/tr><tr><td>Agust\u00edn Alejandro Ortiz D\u00edaz<\/td><td>Sidia Instituto de Ci\u00eancia e Tecnologia<\/td><\/tr><tr><td>Bruno Lopes Xavier<\/td><td>FIRJAN SENAI<\/td><\/tr><tr><td>Cristiano Serra<\/td><td>UNIVERSIDADE FEDERAL DO ESTADO DO RIO DE JANEIRO<\/td><\/tr><tr><td>Giovanni Guizzo Da Rocha<\/td><td>PONTIF\u00cdCIA UNIVERSIDADE CAT\u00d3LICA DO RIO GRANDE DO SUL<\/td><\/tr><tr><td>Igor Knop<\/td><td>UNIVERSIDADE FEDERAL DE JUIZ DE FORA<\/td><\/tr><tr><td>Liamara Scortegagna<\/td><td>UNIVERSIDADE FEDERAL DE JUIZ DE FORA<\/td><\/tr><tr><td>Marcele Elisa Fontana<\/td><td>UNIVERSIDADE FEDERAL DE PERNAMBUCO<\/td><\/tr><tr><td>Marco Ant\u00f4nio Pereira Ara\u00fajo<\/td><td>UFJF \/ IF Sudeste MG<\/td><\/tr><tr><td>Paulo Alceu Almeida Rezende<\/td><td>UNIVERSIDADE FEDERAL DE JUIZ DE FORA<\/td><\/tr><tr><td>Rafaela Melo<\/td><td>UNIVERSIDADE FEDERAL DO AMAZONAS<\/td><\/tr><tr><td>Roberto Tietzmann<\/td><td>PONTIF\u00cdCIA UNIVERSIDADE CAT\u00d3LICA DO RIO GRANDE DO SUL<\/td><\/tr><tr><td>Ronney Moreira de Castro<\/td><td>UNIVERSIDADE FEDERAL DE JUIZ DE FORA<\/td><\/tr><tr><td>Sergio Cleger<\/td><td>Amazon State University UEA<\/td><\/tr><tr><td>Tadeu Moreira de Classe<\/td><td>UNIVERSIDADE FEDERAL DO ESTADO DO RIO DE JANEIRO<\/td><\/tr><\/tbody><\/table><p>\u00a0<\/p>\t\t\t\t\t\t\t\t<\/div>\n\t\t\t\t<\/div>\n\t\t\t\t\t<\/div>\n\t\t\t\t<\/div>\n\t\t\t\t\t<\/div>\n\t\t\t\t<\/div>\n\t\t\t\t<\/div>\n\t\t\t\t\t<\/div>\n\t\t\t\t<\/div>\n\t\t<div class=\"elementor-element elementor-element-347836a e-con-full e-flex e-con e-child\" data-id=\"347836a\" data-element_type=\"container\">\n\t\t<div class=\"elementor-element elementor-element-e85e240 e-con-full e-flex e-con e-child\" data-id=\"e85e240\" data-element_type=\"container\">\n\t\t\t\t<div class=\"elementor-element elementor-element-9f628e8 elementor-widget__width-inherit elementor-widget elementor-widget-button\" data-id=\"9f628e8\" data-element_type=\"widget\" data-widget_type=\"button.default\">\n\t\t\t\t<div class=\"elementor-widget-container\">\n\t\t\t\t\t\t\t\t\t<div class=\"elementor-button-wrapper\">\n\t\t\t\t\t<a class=\"elementor-button elementor-button-link elementor-size-sm\" href=\"https:\/\/docs.google.com\/document\/d\/1CZ2nW3jqefNGzrpYxkekZ5L9Q1Bu4gHw\/edit?usp=sharing&#038;ouid=112922919468338148128&#038;rtpof=true&#038;sd=true%20\" target=\"_blank\">\n\t\t\t\t\t\t<span class=\"elementor-button-content-wrapper\">\n\t\t\t\t\t\t\t\t\t<span class=\"elementor-button-text\">Manual de Submiss\u00e3o<\/span>\n\t\t\t\t\t<\/span>\n\t\t\t\t\t<\/a>\n\t\t\t\t<\/div>\n\t\t\t\t\t\t\t\t<\/div>\n\t\t\t\t<\/div>\n\t\t\t\t<\/div>\n\t\t<div class=\"elementor-element elementor-element-eaba613 e-con-full e-flex e-con e-child\" data-id=\"eaba613\" data-element_type=\"container\">\n\t\t\t\t<div class=\"elementor-element elementor-element-b8f3019 elementor-widget__width-inherit elementor-widget elementor-widget-button\" data-id=\"b8f3019\" data-element_type=\"widget\" data-widget_type=\"button.default\">\n\t\t\t\t<div class=\"elementor-widget-container\">\n\t\t\t\t\t\t\t\t\t<div class=\"elementor-button-wrapper\">\n\t\t\t\t\t<a class=\"elementor-button elementor-button-link elementor-size-sm\" href=\"https:\/\/jems3.sbc.org.br\/sbgames2025_industria%20%20\" target=\"_blank\">\n\t\t\t\t\t\t<span class=\"elementor-button-content-wrapper\">\n\t\t\t\t\t\t\t\t\t<span class=\"elementor-button-text\">Submiss\u00e3o no JEMS<\/span>\n\t\t\t\t\t<\/span>\n\t\t\t\t\t<\/a>\n\t\t\t\t<\/div>\n\t\t\t\t\t\t\t\t<\/div>\n\t\t\t\t<\/div>\n\t\t\t\t<\/div>\n\t\t<div class=\"elementor-element elementor-element-c7373f6 e-con-full e-flex e-con e-child\" data-id=\"c7373f6\" data-element_type=\"container\">\n\t\t\t\t<div class=\"elementor-element elementor-element-530629e elementor-align-justify elementor-widget__width-inherit elementor-widget elementor-widget-button\" data-id=\"530629e\" data-element_type=\"widget\" data-widget_type=\"button.default\">\n\t\t\t\t<div class=\"elementor-widget-container\">\n\t\t\t\t\t\t\t\t\t<div class=\"elementor-button-wrapper\">\n\t\t\t\t\t<a class=\"elementor-button elementor-button-link elementor-size-sm\" href=\"#melhores-trabalhos\">\n\t\t\t\t\t\t<span class=\"elementor-button-content-wrapper\">\n\t\t\t\t\t\t\t\t\t<span class=\"elementor-button-text\">Candidatos a Melhores Trabalhos<\/span>\n\t\t\t\t\t<\/span>\n\t\t\t\t\t<\/a>\n\t\t\t\t<\/div>\n\t\t\t\t\t\t\t\t<\/div>\n\t\t\t\t<\/div>\n\t\t\t\t<\/div>\n\t\t\t\t<\/div>\n\t\t\t\t\t<\/div>\n\t\t\t\t<\/div>\n\t\t\t\t<\/div>\n\t\t\t\t<\/div>\n\t\t","protected":false},"excerpt":{"rendered":"<p>industria Submiss\u00e3o dos trabalhos: 30\/03\/2025 12\/04\/2025 Hard deadline 21\/04\/2025 Notifica\u00e7\u00e3o dos autores: 16\/06\/2025 Envio da vers\u00e3o final dos trabalhos: 06\/07\/2025 Cara comunidade de Jogos e Ind\u00fastria, A Trilha de Ind\u00fastria do SBGames 2025 est\u00e1 com submiss\u00f5es abertas para artigos sobre pesquisas originais e aplica\u00e7\u00f5es inovadoras no campo de Jogos e Ind\u00fastria. Nas \u00faltimas d\u00e9cadas, a [&hellip;]<\/p>\n","protected":false},"author":3,"featured_media":0,"parent":0,"menu_order":0,"comment_status":"closed","ping_status":"closed","template":"","meta":{"site-sidebar-layout":"no-sidebar","site-content-layout":"page-builder","ast-site-content-layout":"full-width-container","site-content-style":"default","site-sidebar-style":"default","ast-global-header-display":"","ast-banner-title-visibility":"","ast-main-header-display":"","ast-hfb-above-header-display":"","ast-hfb-below-header-display":"","ast-hfb-mobile-header-display":"","site-post-title":"disabled","ast-breadcrumbs-content":"","ast-featured-img":"disabled","footer-sml-layout":"","theme-transparent-header-meta":"","adv-header-id-meta":"","stick-header-meta":"","header-above-stick-meta":"","header-main-stick-meta":"","header-below-stick-meta":"","astra-migrate-meta-layouts":"set","ast-page-background-enabled":"default","ast-page-background-meta":{"desktop":{"background-color":"","background-image":"","background-repeat":"repeat","background-position":"center center","background-size":"auto","background-attachment":"scroll","background-type":"","background-media":"","overlay-type":"","overlay-color":"","overlay-opacity":"","overlay-gradient":""},"tablet":{"background-color":"","background-image":"","background-repeat":"repeat","background-position":"center center","background-size":"auto","background-attachment":"scroll","background-type":"","background-media":"","overlay-type":"","overlay-color":"","overlay-opacity":"","overlay-gradient":""},"mobile":{"background-color":"","background-image":"","background-repeat":"repeat","background-position":"center center","background-size":"auto","background-attachment":"scroll","background-type":"","background-media":"","overlay-type":"","overlay-color":"","overlay-opacity":"","overlay-gradient":""}},"ast-content-background-meta":{"desktop":{"background-color":"var(--ast-global-color-5)","background-image":"","background-repeat":"repeat","background-position":"center center","background-size":"auto","background-attachment":"scroll","background-type":"","background-media":"","overlay-type":"","overlay-color":"","overlay-opacity":"","overlay-gradient":""},"tablet":{"background-color":"var(--ast-global-color-5)","background-image":"","background-repeat":"repeat","background-position":"center center","background-size":"auto","background-attachment":"scroll","background-type":"","background-media":"","overlay-type":"","overlay-color":"","overlay-opacity":"","overlay-gradient":""},"mobile":{"background-color":"var(--ast-global-color-5)","background-image":"","background-repeat":"repeat","background-position":"center center","background-size":"auto","background-attachment":"scroll","background-type":"","background-media":"","overlay-type":"","overlay-color":"","overlay-opacity":"","overlay-gradient":""}},"footnotes":""},"class_list":["post-1830","page","type-page","status-publish","hentry"],"_links":{"self":[{"href":"https:\/\/sbgames.org\/sbgames2025\/wp-json\/wp\/v2\/pages\/1830","targetHints":{"allow":["GET"]}}],"collection":[{"href":"https:\/\/sbgames.org\/sbgames2025\/wp-json\/wp\/v2\/pages"}],"about":[{"href":"https:\/\/sbgames.org\/sbgames2025\/wp-json\/wp\/v2\/types\/page"}],"author":[{"embeddable":true,"href":"https:\/\/sbgames.org\/sbgames2025\/wp-json\/wp\/v2\/users\/3"}],"replies":[{"embeddable":true,"href":"https:\/\/sbgames.org\/sbgames2025\/wp-json\/wp\/v2\/comments?post=1830"}],"version-history":[{"count":115,"href":"https:\/\/sbgames.org\/sbgames2025\/wp-json\/wp\/v2\/pages\/1830\/revisions"}],"predecessor-version":[{"id":5580,"href":"https:\/\/sbgames.org\/sbgames2025\/wp-json\/wp\/v2\/pages\/1830\/revisions\/5580"}],"wp:attachment":[{"href":"https:\/\/sbgames.org\/sbgames2025\/wp-json\/wp\/v2\/media?parent=1830"}],"curies":[{"name":"wp","href":"https:\/\/api.w.org\/{rel}","templated":true}]}}