{"id":3870,"date":"2024-09-15T21:43:38","date_gmt":"2024-09-15T21:43:38","guid":{"rendered":"https:\/\/sbgames.org\/sbgames2024\/?page_id=3870"},"modified":"2024-09-28T21:20:12","modified_gmt":"2024-09-28T21:20:12","slug":"sobre-nos","status":"publish","type":"page","link":"https:\/\/sbgames.org\/sbgames2024\/sobre-nos\/","title":{"rendered":"Sobre N\u00f3s"},"content":{"rendered":"\t\t<div data-elementor-type=\"wp-page\" data-elementor-id=\"3870\" class=\"elementor elementor-3870\">\n\t\t\t\t<div class=\"elementor-element elementor-element-4304fe7 e-con-full e-flex e-con e-parent\" data-id=\"4304fe7\" data-element_type=\"container\" data-settings=\"{&quot;background_background&quot;:&quot;classic&quot;}\">\n\t\t\t\t<div class=\"elementor-element elementor-element-532ce24 elementor-widget__width-inherit elementor-widget elementor-widget-heading\" data-id=\"532ce24\" data-element_type=\"widget\" data-widget_type=\"heading.default\">\n\t\t\t\t<div class=\"elementor-widget-container\">\n\t\t\t\t\t<h2 class=\"elementor-heading-title elementor-size-default\">Sobre o site<\/h2>\t\t\t\t<\/div>\n\t\t\t\t<\/div>\n\t\t\t\t<\/div>\n\t\t<div class=\"elementor-element elementor-element-b5f9fba e-flex e-con-boxed e-con e-parent\" data-id=\"b5f9fba\" data-element_type=\"container\">\n\t\t\t\t\t<div class=\"e-con-inner\">\n\t\t\t\t<div class=\"elementor-element elementor-element-fd8c0e0 elementor-widget elementor-widget-heading\" data-id=\"fd8c0e0\" data-element_type=\"widget\" data-widget_type=\"heading.default\">\n\t\t\t\t<div class=\"elementor-widget-container\">\n\t\t\t\t\t<h2 class=\"elementor-heading-title elementor-size-default\">Conhe\u00e7a a equipe por tr\u00e1s de toda<br><b> \nmagia e desenvolvimento<br><\/b>\nde sites e interfaces para nossos eventos<\/h2>\t\t\t\t<\/div>\n\t\t\t\t<\/div>\n\t\t\t\t<div class=\"elementor-element elementor-element-a24ba31 elementor-widget elementor-widget-image\" data-id=\"a24ba31\" data-element_type=\"widget\" data-widget_type=\"image.default\">\n\t\t\t\t<div class=\"elementor-widget-container\">\n\t\t\t\t\t\t\t\t\t\t\t\t\t\t\t<img fetchpriority=\"high\" decoding=\"async\" width=\"2560\" height=\"1275\" src=\"https:\/\/sbgames.org\/sbgames2024\/wp-content\/uploads\/2024\/09\/business-hands-joined-together-teamwork-1-scaled-e1727191422791.jpg\" class=\"attachment-full size-full wp-image-3968\" alt=\"\" srcset=\"https:\/\/sbgames.org\/sbgames2024\/wp-content\/uploads\/2024\/09\/business-hands-joined-together-teamwork-1-scaled-e1727191422791.jpg 2560w, https:\/\/sbgames.org\/sbgames2024\/wp-content\/uploads\/2024\/09\/business-hands-joined-together-teamwork-1-scaled-e1727191422791-300x149.jpg 300w, https:\/\/sbgames.org\/sbgames2024\/wp-content\/uploads\/2024\/09\/business-hands-joined-together-teamwork-1-scaled-e1727191422791-1024x510.jpg 1024w, https:\/\/sbgames.org\/sbgames2024\/wp-content\/uploads\/2024\/09\/business-hands-joined-together-teamwork-1-scaled-e1727191422791-768x383.jpg 768w, https:\/\/sbgames.org\/sbgames2024\/wp-content\/uploads\/2024\/09\/business-hands-joined-together-teamwork-1-scaled-e1727191422791-1536x765.jpg 1536w, https:\/\/sbgames.org\/sbgames2024\/wp-content\/uploads\/2024\/09\/business-hands-joined-together-teamwork-1-scaled-e1727191422791-2048x1020.jpg 2048w\" sizes=\"(max-width: 2560px) 100vw, 2560px\" \/>\t\t\t\t\t\t\t\t\t\t\t\t\t\t\t<\/div>\n\t\t\t\t<\/div>\n\t\t\t\t\t<\/div>\n\t\t\t\t<\/div>\n\t\t<div class=\"elementor-element elementor-element-fdbcdf8 e-flex e-con-boxed e-con e-parent\" data-id=\"fdbcdf8\" data-element_type=\"container\">\n\t\t\t\t\t<div class=\"e-con-inner\">\n\t\t\t\t<div class=\"elementor-element elementor-element-71e0a63 elementor-widget elementor-widget-heading\" data-id=\"71e0a63\" data-element_type=\"widget\" data-widget_type=\"heading.default\">\n\t\t\t\t<div class=\"elementor-widget-container\">\n\t\t\t\t\t<h2 class=\"elementor-heading-title elementor-size-default\">Equipe de Comunica\u00e7\u00e3o e Desenvolvimento<\/h2>\t\t\t\t<\/div>\n\t\t\t\t<\/div>\n\t\t<div class=\"elementor-element elementor-element-e0de4c2 e-con-full e-flex e-con e-child\" data-id=\"e0de4c2\" data-element_type=\"container\">\n\t\t<div class=\"elementor-element elementor-element-2cc9889 e-con-full e-flex e-con e-child\" data-id=\"2cc9889\" data-element_type=\"container\">\n\t\t\t\t<div class=\"elementor-element elementor-element-f37a3a0 elementor-widget elementor-widget-image\" data-id=\"f37a3a0\" data-element_type=\"widget\" data-widget_type=\"image.default\">\n\t\t\t\t<div class=\"elementor-widget-container\">\n\t\t\t\t\t\t\t\t\t\t\t\t\t\t\t\t<a href=\"https:\/\/buscatextual.cnpq.br\/buscatextual\/visualizacv.do?id=K4770457T9&#038;tokenCaptchar=03AFcWeA7sPrqVKWV1sfI00bQVLYw6ROs6JShpcnjdENlWcAkedMqUr-PxHdTQ2MzrsiAto_J0yqTyfpA9jzAoCS4DypwsVE8YfTx9m7_lQgXflAKXWCQxUL80ECRfW5gBOca_im-PUoWUFRFMW42JoqKYaXYEGFCPENmmr_IrBEEYccyLd0NGGDnzoLDoIkC6sTWK-ffqVWZ1eCbE4npF_Dtz7hC5AyzpLKaWbI7fvTFuAbe2eRlJefRFc8_3tS7CvwQqnOgCSOZWcLi_dzf0UNnmqJoCN6fwU1s9dXCW6YuIvv5snH4IYvVK8ZQoTsJaYJd8nkeGRJiYBnlZlkkt9gn3GXrSBsvioAwPgO20YYEYkOTrRaBglvSSu-5dQo7gjqxdNamCl4qpWAaOj3yxGBaxIWuhzl1oJFT1ol5S1WhUnQtj-mrkfIkIDMNtjW8VnSbBnoowuLMLYzkLHGF6ncCmevxzJPjQ3f3RP1jNMaDscBpYGb909-iw7CAMRYz6ehVdhaCHYY7bebWc-5pSh19qpQB_ks1DWZzT3B2MkwhNIpAVGGKGp36-vl_EDWxT7yyf7pg8r7k70gbwqO2iv-Y35KSr-nfOgS7nMgZva_vZTlBqwhcyZd3OyfAaPnd8YB6N98oMttr_oMidRI1GqtHSvunH3xUeCi_pbHXFulTljl4THi-qLjIePqrc6aKegbXsu0TOlEbCFAYfVFeLIHBlfgdkfM1jMgnDdxZBp4vigy6-1EIM8A6ceFKisvDLhrDIlgxTOJY3Cjbx_xsyvh-gt1NMBPd5-aE1_nGkm1lUQAT5XOUC1WmeXISzceKocTrAZglVJZd-qUkt0eZyDfIKXEl5kR4Amg\">\n\t\t\t\t\t\t\t<img decoding=\"async\" width=\"960\" height=\"960\" src=\"https:\/\/sbgames.org\/sbgames2024\/wp-content\/uploads\/2024\/09\/prof-ricardo-e1727133086259.jpg\" class=\"attachment-full size-full wp-image-3969\" alt=\"\" srcset=\"https:\/\/sbgames.org\/sbgames2024\/wp-content\/uploads\/2024\/09\/prof-ricardo-e1727133086259.jpg 960w, https:\/\/sbgames.org\/sbgames2024\/wp-content\/uploads\/2024\/09\/prof-ricardo-e1727133086259-300x300.jpg 300w, https:\/\/sbgames.org\/sbgames2024\/wp-content\/uploads\/2024\/09\/prof-ricardo-e1727133086259-150x150.jpg 150w, https:\/\/sbgames.org\/sbgames2024\/wp-content\/uploads\/2024\/09\/prof-ricardo-e1727133086259-768x768.jpg 768w\" sizes=\"(max-width: 960px) 100vw, 960px\" \/>\t\t\t\t\t\t\t\t<\/a>\n\t\t\t\t\t\t\t\t\t\t\t\t\t\t\t<\/div>\n\t\t\t\t<\/div>\n\t\t\t\t<div class=\"elementor-element elementor-element-f3a2915 elementor-widget elementor-widget-heading\" data-id=\"f3a2915\" data-element_type=\"widget\" data-widget_type=\"heading.default\">\n\t\t\t\t<div class=\"elementor-widget-container\">\n\t\t\t\t\t<h2 class=\"elementor-heading-title elementor-size-default\"><a href=\"https:\/\/buscatextual.cnpq.br\/buscatextual\/visualizacv.do?id=K4770457T9&#038;tokenCaptchar=03AFcWeA7sPrqVKWV1sfI00bQVLYw6ROs6JShpcnjdENlWcAkedMqUr-PxHdTQ2MzrsiAto_J0yqTyfpA9jzAoCS4DypwsVE8YfTx9m7_lQgXflAKXWCQxUL80ECRfW5gBOca_im-PUoWUFRFMW42JoqKYaXYEGFCPENmmr_IrBEEYccyLd0NGGDnzoLDoIkC6sTWK-ffqVWZ1eCbE4npF_Dtz7hC5AyzpLKaWbI7fvTFuAbe2eRlJefRFc8_3tS7CvwQqnOgCSOZWcLi_dzf0UNnmqJoCN6fwU1s9dXCW6YuIvv5snH4IYvVK8ZQoTsJaYJd8nkeGRJiYBnlZlkkt9gn3GXrSBsvioAwPgO20YYEYkOTrRaBglvSSu-5dQo7gjqxdNamCl4qpWAaOj3yxGBaxIWuhzl1oJFT1ol5S1WhUnQtj-mrkfIkIDMNtjW8VnSbBnoowuLMLYzkLHGF6ncCmevxzJPjQ3f3RP1jNMaDscBpYGb909-iw7CAMRYz6ehVdhaCHYY7bebWc-5pSh19qpQB_ks1DWZzT3B2MkwhNIpAVGGKGp36-vl_EDWxT7yyf7pg8r7k70gbwqO2iv-Y35KSr-nfOgS7nMgZva_vZTlBqwhcyZd3OyfAaPnd8YB6N98oMttr_oMidRI1GqtHSvunH3xUeCi_pbHXFulTljl4THi-qLjIePqrc6aKegbXsu0TOlEbCFAYfVFeLIHBlfgdkfM1jMgnDdxZBp4vigy6-1EIM8A6ceFKisvDLhrDIlgxTOJY3Cjbx_xsyvh-gt1NMBPd5-aE1_nGkm1lUQAT5XOUC1WmeXISzceKocTrAZglVJZd-qUkt0eZyDfIKXEl5kR4Amg\">Ricardo Barboza<\/a><\/h2>\t\t\t\t<\/div>\n\t\t\t\t<\/div>\n\t\t\t\t<div class=\"elementor-element elementor-element-eeeabc2 elementor-widget elementor-widget-heading\" data-id=\"eeeabc2\" data-element_type=\"widget\" data-widget_type=\"heading.default\">\n\t\t\t\t<div class=\"elementor-widget-container\">\n\t\t\t\t\t<h2 class=\"elementor-heading-title elementor-size-default\">Coordenador<\/h2>\t\t\t\t<\/div>\n\t\t\t\t<\/div>\n\t\t\t\t<\/div>\n\t\t<div class=\"elementor-element elementor-element-9accfc3 e-con-full e-flex e-con e-child\" data-id=\"9accfc3\" data-element_type=\"container\">\n\t\t\t\t<div class=\"elementor-element elementor-element-c6efa05 elementor-widget elementor-widget-image\" data-id=\"c6efa05\" data-element_type=\"widget\" data-widget_type=\"image.default\">\n\t\t\t\t<div class=\"elementor-widget-container\">\n\t\t\t\t\t\t\t\t\t\t\t\t\t\t\t\t<a href=\"https:\/\/www.linkedin.com\/in\/evandro-garrido-4ba8a7197\/\">\n\t\t\t\t\t\t\t<img decoding=\"async\" width=\"900\" height=\"901\" src=\"https:\/\/sbgames.org\/sbgames2024\/wp-content\/uploads\/2024\/09\/carlos-e1727133202949.jpeg\" class=\"attachment-full size-full wp-image-3970\" alt=\"\" srcset=\"https:\/\/sbgames.org\/sbgames2024\/wp-content\/uploads\/2024\/09\/carlos-e1727133202949.jpeg 900w, https:\/\/sbgames.org\/sbgames2024\/wp-content\/uploads\/2024\/09\/carlos-e1727133202949-300x300.jpeg 300w, https:\/\/sbgames.org\/sbgames2024\/wp-content\/uploads\/2024\/09\/carlos-e1727133202949-150x150.jpeg 150w, https:\/\/sbgames.org\/sbgames2024\/wp-content\/uploads\/2024\/09\/carlos-e1727133202949-768x769.jpeg 768w\" sizes=\"(max-width: 900px) 100vw, 900px\" \/>\t\t\t\t\t\t\t\t<\/a>\n\t\t\t\t\t\t\t\t\t\t\t\t\t\t\t<\/div>\n\t\t\t\t<\/div>\n\t\t\t\t<div class=\"elementor-element elementor-element-6e7cc46 elementor-widget elementor-widget-heading\" data-id=\"6e7cc46\" data-element_type=\"widget\" data-widget_type=\"heading.default\">\n\t\t\t\t<div class=\"elementor-widget-container\">\n\t\t\t\t\t<h2 class=\"elementor-heading-title elementor-size-default\"><a href=\"https:\/\/www.linkedin.com\/in\/evandro-garrido-4ba8a7197\/\">Carlos Evandro<\/a><\/h2>\t\t\t\t<\/div>\n\t\t\t\t<\/div>\n\t\t\t\t<div class=\"elementor-element elementor-element-cc45cac elementor-widget elementor-widget-heading\" data-id=\"cc45cac\" data-element_type=\"widget\" data-widget_type=\"heading.default\">\n\t\t\t\t<div class=\"elementor-widget-container\">\n\t\t\t\t\t<h2 class=\"elementor-heading-title elementor-size-default\">Design<\/h2>\t\t\t\t<\/div>\n\t\t\t\t<\/div>\n\t\t\t\t<\/div>\n\t\t<div class=\"elementor-element elementor-element-cd1207b e-con-full e-flex e-con e-child\" data-id=\"cd1207b\" data-element_type=\"container\">\n\t\t\t\t<div class=\"elementor-element elementor-element-f5b349c elementor-widget elementor-widget-image\" data-id=\"f5b349c\" data-element_type=\"widget\" data-widget_type=\"image.default\">\n\t\t\t\t<div class=\"elementor-widget-container\">\n\t\t\t\t\t\t\t\t\t\t\t\t\t\t\t\t<a href=\"https:\/\/buscatextual.cnpq.br\/buscatextual\/visualizacv.do?id=K1586019Z7&#038;tokenCaptchar=03AFcWeA6MPpEg8d8dtO7P1db30yYDCoiH5_RT2GoOkpKTzdGlWLhrgrlU2unOUaeaa5JGMxKGo0sk7Ow91FbPaTylh1lMCJ4SIMCLayZdWpdi5ZpZc-QHI_JlHNFnLEoINnm5fUPGIIl4HGW7x29uLA2OFwJJdkU6XKNvYkmmgrBpa2ONBrYAAU-HJnYFqLi61mKYay2RwjzhnQT0Px1ont_ucwz6oFYMElsBSmecp0NQ7McbBzZkPBfuGQyV9vPpptFFN2gHc0jvRdqtxfLwyr7VzwW8dS4H-DH7pCpxFENwFR3TLNj9poIeMqSYppuR1KAibY6xx7y_F9sxOZwXmp5k-Qt4e_VjubClN22ckgPg1voKJvCa7JdnGE1zVNh4Wh8pLt6WAbALqOPdOYRLL8fa-zBDdaOE-EB7uvUegd3-lnWcWFB7QuB5l6F4xlqXx9TRjM9nQSIVxmxBdMwI7MRYte-T_2n0W8Ff8rl7GG8_JgAk9RphfBMpyM2lKc9E5aI2cHZwsLxX_3xxM2cDMc7n7cNeE9cHUzSXMTBWDs49ZVnDmgX4DPAHUxhCwR3K_qs2gp3u5N0_c3EJqWnZPiI40M_arVUvZ9QrsYyK7lNkkD6FWo0XWrr51J25drhU0yFsSO19dTkH36GW5baaeLCKH1DLh2tko3qDUCJq5n8M5maoa244AWNCiK6VCTXqSWRzVCglZT8cLhvtVJarpnmUl-uG8Xmh659Swtg6mg8Ej5ElDDv9s3OubGB-dEsrn7q0u8OOs73eRhIvHYd3Z9jDDdg4LWOHUHEw0L-vWpLdsnnnLJAPaZsOiqU9xINk9zJU79KaABjuiG1MmldS2OxIF6y4AzJNNA\">\n\t\t\t\t\t\t\t<img loading=\"lazy\" decoding=\"async\" width=\"1920\" height=\"1920\" src=\"https:\/\/sbgames.org\/sbgames2024\/wp-content\/uploads\/2024\/09\/fernando-1-scaled-e1727191237658.jpeg\" class=\"attachment-full size-full wp-image-3974\" alt=\"\" srcset=\"https:\/\/sbgames.org\/sbgames2024\/wp-content\/uploads\/2024\/09\/fernando-1-scaled-e1727191237658.jpeg 1920w, https:\/\/sbgames.org\/sbgames2024\/wp-content\/uploads\/2024\/09\/fernando-1-scaled-e1727191237658-300x300.jpeg 300w, https:\/\/sbgames.org\/sbgames2024\/wp-content\/uploads\/2024\/09\/fernando-1-scaled-e1727191237658-1024x1024.jpeg 1024w, https:\/\/sbgames.org\/sbgames2024\/wp-content\/uploads\/2024\/09\/fernando-1-scaled-e1727191237658-150x150.jpeg 150w, https:\/\/sbgames.org\/sbgames2024\/wp-content\/uploads\/2024\/09\/fernando-1-scaled-e1727191237658-768x768.jpeg 768w, https:\/\/sbgames.org\/sbgames2024\/wp-content\/uploads\/2024\/09\/fernando-1-scaled-e1727191237658-1536x1536.jpeg 1536w\" sizes=\"(max-width: 1920px) 100vw, 1920px\" \/>\t\t\t\t\t\t\t\t<\/a>\n\t\t\t\t\t\t\t\t\t\t\t\t\t\t\t<\/div>\n\t\t\t\t<\/div>\n\t\t\t\t<div class=\"elementor-element elementor-element-b8d4ff0 elementor-widget elementor-widget-heading\" data-id=\"b8d4ff0\" data-element_type=\"widget\" data-widget_type=\"heading.default\">\n\t\t\t\t<div class=\"elementor-widget-container\">\n\t\t\t\t\t<h2 class=\"elementor-heading-title elementor-size-default\"><a href=\"https:\/\/buscatextual.cnpq.br\/buscatextual\/visualizacv.do?id=K1586019Z7&#038;tokenCaptchar=03AFcWeA6MPpEg8d8dtO7P1db30yYDCoiH5_RT2GoOkpKTzdGlWLhrgrlU2unOUaeaa5JGMxKGo0sk7Ow91FbPaTylh1lMCJ4SIMCLayZdWpdi5ZpZc-QHI_JlHNFnLEoINnm5fUPGIIl4HGW7x29uLA2OFwJJdkU6XKNvYkmmgrBpa2ONBrYAAU-HJnYFqLi61mKYay2RwjzhnQT0Px1ont_ucwz6oFYMElsBSmecp0NQ7McbBzZkPBfuGQyV9vPpptFFN2gHc0jvRdqtxfLwyr7VzwW8dS4H-DH7pCpxFENwFR3TLNj9poIeMqSYppuR1KAibY6xx7y_F9sxOZwXmp5k-Qt4e_VjubClN22ckgPg1voKJvCa7JdnGE1zVNh4Wh8pLt6WAbALqOPdOYRLL8fa-zBDdaOE-EB7uvUegd3-lnWcWFB7QuB5l6F4xlqXx9TRjM9nQSIVxmxBdMwI7MRYte-T_2n0W8Ff8rl7GG8_JgAk9RphfBMpyM2lKc9E5aI2cHZwsLxX_3xxM2cDMc7n7cNeE9cHUzSXMTBWDs49ZVnDmgX4DPAHUxhCwR3K_qs2gp3u5N0_c3EJqWnZPiI40M_arVUvZ9QrsYyK7lNkkD6FWo0XWrr51J25drhU0yFsSO19dTkH36GW5baaeLCKH1DLh2tko3qDUCJq5n8M5maoa244AWNCiK6VCTXqSWRzVCglZT8cLhvtVJarpnmUl-uG8Xmh659Swtg6mg8Ej5ElDDv9s3OubGB-dEsrn7q0u8OOs73eRhIvHYd3Z9jDDdg4LWOHUHEw0L-vWpLdsnnnLJAPaZsOiqU9xINk9zJU79KaABjuiG1MmldS2OxIF6y4AzJNNA\">Fenando Negreiros<\/a><\/h2>\t\t\t\t<\/div>\n\t\t\t\t<\/div>\n\t\t\t\t<div class=\"elementor-element elementor-element-8854bb8 elementor-widget elementor-widget-heading\" data-id=\"8854bb8\" data-element_type=\"widget\" data-widget_type=\"heading.default\">\n\t\t\t\t<div class=\"elementor-widget-container\">\n\t\t\t\t\t<h2 class=\"elementor-heading-title elementor-size-default\">Desenvolvedor Front-End<\/h2>\t\t\t\t<\/div>\n\t\t\t\t<\/div>\n\t\t\t\t<\/div>\n\t\t\t\t<\/div>\n\t\t<div class=\"elementor-element elementor-element-3b8a353 e-con-full e-flex e-con e-child\" data-id=\"3b8a353\" data-element_type=\"container\">\n\t\t<div class=\"elementor-element elementor-element-95f8957 e-con-full e-flex e-con e-child\" data-id=\"95f8957\" data-element_type=\"container\">\n\t\t\t\t<div class=\"elementor-element elementor-element-d1fad2f elementor-widget elementor-widget-image\" data-id=\"d1fad2f\" data-element_type=\"widget\" data-widget_type=\"image.default\">\n\t\t\t\t<div class=\"elementor-widget-container\">\n\t\t\t\t\t\t\t\t\t\t\t\t\t\t\t\t<a href=\"https:\/\/www.linkedin.com\/authwall?trk=bf&#038;trkInfo=AQGdtqh_LfWPygAAAZIkpFc43y3Xl6d8PCGrBBBJJLNh0KRAE9ao__IDUrb7dDcHqOxBVsAhv6O-BWyU1_mDucnlRqQB8el9AGCoyRheZgyf6GowoO-Yrw3kJC2mO9fg000acYI=&#038;original_referer=&#038;sessionRedirect=https%3A%2F%2Fwww.linkedin.com%2Fin%2Fgeovani-sampaio\">\n\t\t\t\t\t\t\t<img loading=\"lazy\" decoding=\"async\" width=\"960\" height=\"960\" src=\"https:\/\/sbgames.org\/sbgames2024\/wp-content\/uploads\/2024\/09\/geovani-e1727191269502.jpeg\" class=\"attachment-full size-full wp-image-3972\" alt=\"\" srcset=\"https:\/\/sbgames.org\/sbgames2024\/wp-content\/uploads\/2024\/09\/geovani-e1727191269502.jpeg 960w, https:\/\/sbgames.org\/sbgames2024\/wp-content\/uploads\/2024\/09\/geovani-e1727191269502-300x300.jpeg 300w, https:\/\/sbgames.org\/sbgames2024\/wp-content\/uploads\/2024\/09\/geovani-e1727191269502-150x150.jpeg 150w, https:\/\/sbgames.org\/sbgames2024\/wp-content\/uploads\/2024\/09\/geovani-e1727191269502-768x768.jpeg 768w\" sizes=\"(max-width: 960px) 100vw, 960px\" \/>\t\t\t\t\t\t\t\t<\/a>\n\t\t\t\t\t\t\t\t\t\t\t\t\t\t\t<\/div>\n\t\t\t\t<\/div>\n\t\t\t\t<div class=\"elementor-element elementor-element-46c30c0 elementor-widget elementor-widget-heading\" data-id=\"46c30c0\" data-element_type=\"widget\" data-widget_type=\"heading.default\">\n\t\t\t\t<div class=\"elementor-widget-container\">\n\t\t\t\t\t<h2 class=\"elementor-heading-title elementor-size-default\"><a href=\"https:\/\/www.linkedin.com\/authwall?trk=bf&#038;trkInfo=AQGdtqh_LfWPygAAAZIkpFc43y3Xl6d8PCGrBBBJJLNh0KRAE9ao__IDUrb7dDcHqOxBVsAhv6O-BWyU1_mDucnlRqQB8el9AGCoyRheZgyf6GowoO-Yrw3kJC2mO9fg000acYI=&#038;original_referer=&#038;sessionRedirect=https%3A%2F%2Fwww.linkedin.com%2Fin%2Fgeovani-sampaio\">Geovani Sampaio <\/a><\/h2>\t\t\t\t<\/div>\n\t\t\t\t<\/div>\n\t\t\t\t<div class=\"elementor-element elementor-element-1b3d651 elementor-widget elementor-widget-heading\" data-id=\"1b3d651\" data-element_type=\"widget\" data-widget_type=\"heading.default\">\n\t\t\t\t<div class=\"elementor-widget-container\">\n\t\t\t\t\t<h2 class=\"elementor-heading-title elementor-size-default\">Desenvolvedor<\/h2>\t\t\t\t<\/div>\n\t\t\t\t<\/div>\n\t\t\t\t<\/div>\n\t\t<div class=\"elementor-element elementor-element-99658b8 e-con-full e-flex e-con e-child\" data-id=\"99658b8\" data-element_type=\"container\">\n\t\t\t\t<div class=\"elementor-element elementor-element-9011c42 elementor-widget elementor-widget-image\" data-id=\"9011c42\" data-element_type=\"widget\" data-widget_type=\"image.default\">\n\t\t\t\t<div class=\"elementor-widget-container\">\n\t\t\t\t\t\t\t\t\t\t\t\t\t\t\t\t<a href=\"https:\/\/buscatextual.cnpq.br\/buscatextual\/visualizacv.do?id=K1114160J3&#038;tokenCaptchar=03AFcWeA7kyyQQj77fT_ma2-j5z9n0HrS6lzFFWzkiaTHahpVspN23IpDrJV1UnS7gKW4RoR0PSXHptPIGeYyQfs0s2Z0tox5eMCgrZvJKX-7GstpwzgVBvApOgVKeXmoJyQRh8BgEwso5153Nu0WfxMdL7yMJ1FD9NRZaxjp2cFDyAwvLDmiP4GKeMwlAp30pfgKvajYmNeIQ5uMKaBOvDGJXc0AaFqXiw7U-9IeLrMovm7IzMcIM0N51_qPaQ6fE5bHprY0oMmJIPDYrIfi0DGsSvfpjBAj3DAxmNZfJ_d5AU3DXpdQmo--7tSPfuhZBqu2vt7X5RNdOyYCUH6Q3pZ1qtQyHZJwLO9xg2nOpVmwD4E7W8J3UQkNm4Sd3HGvt8UfnDJNwGhNNRVlsffi0CLMLEbwYwmFp9jq0_8t_LkHm98Pxy7LODkneNVAAYFoQ8kNwCj4Fj4oVIWtzD0FdCZUn3AyFo0aYrYfF7VfVssKqR5YF6p0Q1P2QloUEcQhY5-45_Vgw1HxDWMD3M2qx7Iwzbz-gaOpuAyoKNx8n6YcBRPRt4GRVTRNXyFWbl86ETM_6X7sUOge1n8gdZDnJI6wXrmWZ751cT9CH_cUgP2jyFXAamoNYlRzLaElcqCZu6uOMqA6MtN2n52XJ4ltVy3CENWr3CKVCbUAWZtm1KP-NTS4RrJ0MfD7nloZDCo72R-Zyd-vlM0jNalQYAemk5vY5WaPHB9eH9drcSF-3B2yqB-FkdrC2Hu0RiULaUBfb2Vl8CvflLk5A7wxjHis8lzVoLoKU2hPn_BGcMi3q1D-qsgnxkE9_cin3330-W5INLLg2MyqqXDPy6k8n_8NG6nxp1AZ7lC00GHtXWDQLuMrDNOIGitwubb8ep-dQyu03Aasxq1CbdY8QpNrNMQuF-mYJSXYpGpfTyw\">\n\t\t\t\t\t\t\t<img loading=\"lazy\" decoding=\"async\" width=\"1200\" height=\"1205\" src=\"https:\/\/sbgames.org\/sbgames2024\/wp-content\/uploads\/2024\/09\/rafa-e1727191309790.jpeg\" class=\"attachment-full size-full wp-image-3973\" alt=\"\" srcset=\"https:\/\/sbgames.org\/sbgames2024\/wp-content\/uploads\/2024\/09\/rafa-e1727191309790.jpeg 1200w, https:\/\/sbgames.org\/sbgames2024\/wp-content\/uploads\/2024\/09\/rafa-e1727191309790-300x300.jpeg 300w, https:\/\/sbgames.org\/sbgames2024\/wp-content\/uploads\/2024\/09\/rafa-e1727191309790-1020x1024.jpeg 1020w, https:\/\/sbgames.org\/sbgames2024\/wp-content\/uploads\/2024\/09\/rafa-e1727191309790-150x150.jpeg 150w, https:\/\/sbgames.org\/sbgames2024\/wp-content\/uploads\/2024\/09\/rafa-e1727191309790-768x771.jpeg 768w\" sizes=\"(max-width: 1200px) 100vw, 1200px\" \/>\t\t\t\t\t\t\t\t<\/a>\n\t\t\t\t\t\t\t\t\t\t\t\t\t\t\t<\/div>\n\t\t\t\t<\/div>\n\t\t\t\t<div class=\"elementor-element elementor-element-4b12d88 elementor-widget elementor-widget-heading\" data-id=\"4b12d88\" data-element_type=\"widget\" data-widget_type=\"heading.default\">\n\t\t\t\t<div class=\"elementor-widget-container\">\n\t\t\t\t\t<h2 class=\"elementor-heading-title elementor-size-default\"><a href=\"https:\/\/buscatextual.cnpq.br\/buscatextual\/visualizacv.do?id=K1114160J3&#038;tokenCaptchar=03AFcWeA7kyyQQj77fT_ma2-j5z9n0HrS6lzFFWzkiaTHahpVspN23IpDrJV1UnS7gKW4RoR0PSXHptPIGeYyQfs0s2Z0tox5eMCgrZvJKX-7GstpwzgVBvApOgVKeXmoJyQRh8BgEwso5153Nu0WfxMdL7yMJ1FD9NRZaxjp2cFDyAwvLDmiP4GKeMwlAp30pfgKvajYmNeIQ5uMKaBOvDGJXc0AaFqXiw7U-9IeLrMovm7IzMcIM0N51_qPaQ6fE5bHprY0oMmJIPDYrIfi0DGsSvfpjBAj3DAxmNZfJ_d5AU3DXpdQmo--7tSPfuhZBqu2vt7X5RNdOyYCUH6Q3pZ1qtQyHZJwLO9xg2nOpVmwD4E7W8J3UQkNm4Sd3HGvt8UfnDJNwGhNNRVlsffi0CLMLEbwYwmFp9jq0_8t_LkHm98Pxy7LODkneNVAAYFoQ8kNwCj4Fj4oVIWtzD0FdCZUn3AyFo0aYrYfF7VfVssKqR5YF6p0Q1P2QloUEcQhY5-45_Vgw1HxDWMD3M2qx7Iwzbz-gaOpuAyoKNx8n6YcBRPRt4GRVTRNXyFWbl86ETM_6X7sUOge1n8gdZDnJI6wXrmWZ751cT9CH_cUgP2jyFXAamoNYlRzLaElcqCZu6uOMqA6MtN2n52XJ4ltVy3CENWr3CKVCbUAWZtm1KP-NTS4RrJ0MfD7nloZDCo72R-Zyd-vlM0jNalQYAemk5vY5WaPHB9eH9drcSF-3B2yqB-FkdrC2Hu0RiULaUBfb2Vl8CvflLk5A7wxjHis8lzVoLoKU2hPn_BGcMi3q1D-qsgnxkE9_cin3330-W5INLLg2MyqqXDPy6k8n_8NG6nxp1AZ7lC00GHtXWDQLuMrDNOIGitwubb8ep-dQyu03Aasxq1CbdY8QpNrNMQuF-mYJSXYpGpfTyw\">Rafael Barboza<\/a><\/h2>\t\t\t\t<\/div>\n\t\t\t\t<\/div>\n\t\t\t\t<div class=\"elementor-element elementor-element-aad05ee elementor-widget elementor-widget-heading\" data-id=\"aad05ee\" data-element_type=\"widget\" data-widget_type=\"heading.default\">\n\t\t\t\t<div class=\"elementor-widget-container\">\n\t\t\t\t\t<h2 class=\"elementor-heading-title elementor-size-default\">Desenvolvedor<\/h2>\t\t\t\t<\/div>\n\t\t\t\t<\/div>\n\t\t\t\t<\/div>\n\t\t\t\t<\/div>\n\t\t\t\t\t<\/div>\n\t\t\t\t<\/div>\n\t\t\t\t<\/div>\n\t\t","protected":false},"excerpt":{"rendered":"<p>Sobre o site Conhe\u00e7a a equipe por tr\u00e1s de toda magia e desenvolvimento de sites e interfaces para nossos eventos Equipe de Comunica\u00e7\u00e3o e Desenvolvimento Ricardo Barboza Coordenador Carlos Evandro Design Fenando Negreiros Desenvolvedor Front-End Geovani Sampaio Desenvolvedor Rafael Barboza Desenvolvedor<\/p>\n","protected":false},"author":1,"featured_media":0,"parent":0,"menu_order":0,"comment_status":"closed","ping_status":"closed","template":"","meta":{"site-sidebar-layout":"no-sidebar","site-content-layout":"page-builder","ast-site-content-layout":"full-width-container","site-content-style":"default","site-sidebar-style":"default","ast-global-header-display":"","ast-banner-title-visibility":"","ast-main-header-display":"","ast-hfb-above-header-display":"","ast-hfb-below-header-display":"","ast-hfb-mobile-header-display":"","site-post-title":"disabled","ast-breadcrumbs-content":"","ast-featured-img":"disabled","footer-sml-layout":"","theme-transparent-header-meta":"","adv-header-id-meta":"","stick-header-meta":"","header-above-stick-meta":"","header-main-stick-meta":"","header-below-stick-meta":"","astra-migrate-meta-layouts":"set","ast-page-background-enabled":"default","ast-page-background-meta":{"desktop":{"background-color":"","background-image":"","background-repeat":"repeat","background-position":"center center","background-size":"auto","background-attachment":"scroll","background-type":"","background-media":"","overlay-type":"","overlay-color":"","overlay-gradient":""},"tablet":{"background-color":"","background-image":"","background-repeat":"repeat","background-position":"center center","background-size":"auto","background-attachment":"scroll","background-type":"","background-media":"","overlay-type":"","overlay-color":"","overlay-gradient":""},"mobile":{"background-color":"","background-image":"","background-repeat":"repeat","background-position":"center center","background-size":"auto","background-attachment":"scroll","background-type":"","background-media":"","overlay-type":"","overlay-color":"","overlay-gradient":""}},"ast-content-background-meta":{"desktop":{"background-color":"var(--ast-global-color-5)","background-image":"","background-repeat":"repeat","background-position":"center center","background-size":"auto","background-attachment":"scroll","background-type":"","background-media":"","overlay-type":"","overlay-color":"","overlay-gradient":""},"tablet":{"background-color":"var(--ast-global-color-5)","background-image":"","background-repeat":"repeat","background-position":"center center","background-size":"auto","background-attachment":"scroll","background-type":"","background-media":"","overlay-type":"","overlay-color":"","overlay-gradient":""},"mobile":{"background-color":"var(--ast-global-color-5)","background-image":"","background-repeat":"repeat","background-position":"center center","background-size":"auto","background-attachment":"scroll","background-type":"","background-media":"","overlay-type":"","overlay-color":"","overlay-gradient":""}},"footnotes":""},"class_list":["post-3870","page","type-page","status-publish","hentry"],"_links":{"self":[{"href":"https:\/\/sbgames.org\/sbgames2024\/wp-json\/wp\/v2\/pages\/3870","targetHints":{"allow":["GET"]}}],"collection":[{"href":"https:\/\/sbgames.org\/sbgames2024\/wp-json\/wp\/v2\/pages"}],"about":[{"href":"https:\/\/sbgames.org\/sbgames2024\/wp-json\/wp\/v2\/types\/page"}],"author":[{"embeddable":true,"href":"https:\/\/sbgames.org\/sbgames2024\/wp-json\/wp\/v2\/users\/1"}],"replies":[{"embeddable":true,"href":"https:\/\/sbgames.org\/sbgames2024\/wp-json\/wp\/v2\/comments?post=3870"}],"version-history":[{"count":26,"href":"https:\/\/sbgames.org\/sbgames2024\/wp-json\/wp\/v2\/pages\/3870\/revisions"}],"predecessor-version":[{"id":4175,"href":"https:\/\/sbgames.org\/sbgames2024\/wp-json\/wp\/v2\/pages\/3870\/revisions\/4175"}],"wp:attachment":[{"href":"https:\/\/sbgames.org\/sbgames2024\/wp-json\/wp\/v2\/media?parent=3870"}],"curies":[{"name":"wp","href":"https:\/\/api.w.org\/{rel}","templated":true}]}}