{"id":3455,"date":"2024-07-30T18:33:58","date_gmt":"2024-07-30T18:33:58","guid":{"rendered":"https:\/\/sbgames.org\/sbgames2024\/?page_id=3455"},"modified":"2024-09-23T19:46:15","modified_gmt":"2024-09-23T19:46:15","slug":"apresentacao-de-livros","status":"publish","type":"page","link":"https:\/\/sbgames.org\/sbgames2024\/apresentacao-de-livros\/","title":{"rendered":"Apresenta\u00e7\u00e3o de Livros"},"content":{"rendered":"\t\t<div data-elementor-type=\"wp-page\" data-elementor-id=\"3455\" class=\"elementor elementor-3455\">\n\t\t\t\t<div class=\"elementor-element elementor-element-8dbda00 e-flex e-con-boxed e-con e-parent\" data-id=\"8dbda00\" data-element_type=\"container\" data-settings=\"{&quot;background_background&quot;:&quot;classic&quot;}\">\n\t\t\t\t\t<div class=\"e-con-inner\">\n\t\t\t\t<div class=\"elementor-element elementor-element-3c28dc2 elementor-widget elementor-widget-heading\" data-id=\"3c28dc2\" data-element_type=\"widget\" data-widget_type=\"heading.default\">\n\t\t\t\t<div class=\"elementor-widget-container\">\n\t\t\t\t\t<h2 class=\"elementor-heading-title elementor-size-default\">apresenta\u00e7\u00e3o de livros<\/h2>\t\t\t\t<\/div>\n\t\t\t\t<\/div>\n\t\t\t\t\t<\/div>\n\t\t\t\t<\/div>\n\t\t<div class=\"elementor-element elementor-element-e7e1a6c e-flex e-con-boxed e-con e-parent\" data-id=\"e7e1a6c\" data-element_type=\"container\" data-settings=\"{&quot;background_background&quot;:&quot;classic&quot;}\">\n\t\t\t\t\t<div class=\"e-con-inner\">\n\t\t\t\t<div class=\"elementor-element elementor-element-8414a43 elementor-widget elementor-widget-text-editor\" data-id=\"8414a43\" data-element_type=\"widget\" data-widget_type=\"text-editor.default\">\n\t\t\t\t<div class=\"elementor-widget-container\">\n\t\t\t\t\t\t\t\t\t<ul><li><del>Submiss\u00e3o: at\u00e9 15 de agosto<\/del><\/li><li><del>Notifica\u00e7\u00e3o: at\u00e9 30 de agosto<\/del><\/li><li><del>Prazo para comprova\u00e7\u00e3o de inscri\u00e7\u00e3o: 15 de setembro<\/del><\/li><\/ul>\t\t\t\t\t\t\t\t<\/div>\n\t\t\t\t<\/div>\n\t\t\t\t\t<\/div>\n\t\t\t\t<\/div>\n\t\t<div class=\"elementor-element elementor-element-aa7ddda e-flex e-con-boxed e-con e-parent\" data-id=\"aa7ddda\" data-element_type=\"container\">\n\t\t\t\t\t<div class=\"e-con-inner\">\n\t\t<div class=\"elementor-element elementor-element-950108b e-flex e-con-boxed e-con e-child\" data-id=\"950108b\" data-element_type=\"container\">\n\t\t\t\t\t<div class=\"e-con-inner\">\n\t\t\t\t<div class=\"elementor-element elementor-element-96622e8 elementor-widget elementor-widget-text-editor\" data-id=\"96622e8\" data-element_type=\"widget\" data-widget_type=\"text-editor.default\">\n\t\t\t\t<div class=\"elementor-widget-container\">\n\t\t\t\t\t\t\t\t\t<p><strong>LIVROS NO SBGAMES<\/strong><\/p><p>Venha apresentar o seu Livro no SBGames.<\/p><p>O SBGames tem um espa\u00e7o para a apresenta\u00e7\u00e3o Livros durante o evento. Podem ser livros f\u00edsicos ou\u00a0<em>ebooks<\/em>, did\u00e1ticos ou de literatura, obras comerciais ou dispon\u00edveis gratuitamente, em portugu\u00eas ou outra l\u00edngua, lan\u00e7amentos ou apresenta\u00e7\u00e3o da obra j\u00e1 publicada (desde que tenha no m\u00e1ximo 5 anos de publica\u00e7\u00e3o e n\u00e3o tenha sido apresentada no SBGames antes). As obras ser\u00e3o selecionadas conforme a pertin\u00eancia para o grande p\u00fablico do SBGames. Ser\u00e1 dada prefer\u00eancia para lan\u00e7amentos ou pr\u00e9-lan\u00e7amentos.<\/p><p><strong>INSCRI\u00c7\u00d5ES<\/strong><\/p><p>As propostas submetidas ser\u00e3o avaliadas quanto a pertin\u00eancia da obra para o p\u00fablico do SBGames. Os autores selecionados ter\u00e3o oportunidade de apresentar sua obra em um per\u00edodo de tempo exclusivo em uma sess\u00e3o exclusiva durante o evento. A dura\u00e7\u00e3o das apresenta\u00e7\u00f5es depender\u00e1 do n\u00famero de autores selecionados mas, n\u00e3o ser\u00e1 menos que 10 minutos. Cada autor poder\u00e1 inscrever at\u00e9 3 obras\/livros e a coordena\u00e7\u00e3o poder\u00e1 selecionar uma, duas ou todas as obras de um autor.<\/p><p>Para o Livro ser apresentado no SBGames, pelo menos um dos autores dos livros selecionados dever\u00e1 se inscrever no evento.<\/p><p>As propostas de apresenta\u00e7\u00e3o de livros dever\u00e3o ser enviadas para a Coordena\u00e7\u00e3o da Atividade, por email, contendo os seguintes dados:<\/p><ul class=\"wp-block-list\"><li>T\u00edtulo Original:<\/li><li>Autores:<\/li><li>Editora:<\/li><li>Categoria (lan\u00e7amento, pr\u00e9-lan\u00e7amento, j\u00e1 lan\u00e7ado):<\/li><li>Ano de Publica\u00e7\u00e3o:<\/li><li>Tipo de Obra: Comercial, Gratuita<\/li><li>P\u00fablico-Alvo do SBGames:<\/li><li>Apresenta\u00e7\u00e3o do Livro (100 a 250 palavras):<\/li><\/ul><p>Coordena\u00e7\u00e3o da Atividade: Marcelo da Silva Hounsell (UDESC-Joinville)<\/p>\t\t\t\t\t\t\t\t<\/div>\n\t\t\t\t<\/div>\n\t\t<div class=\"elementor-element elementor-element-a2e5de2 e-con-full e-flex e-con e-child\" data-id=\"a2e5de2\" data-element_type=\"container\" id=\"livrosaceitos-id\">\n\t\t\t\t<div class=\"elementor-element elementor-element-c00af5d elementor-widget elementor-widget-text-editor\" data-id=\"c00af5d\" data-element_type=\"widget\" data-widget_type=\"text-editor.default\">\n\t\t\t\t<div class=\"elementor-widget-container\">\n\t\t\t\t\t\t\t\t\t<h3 class=\"wp-block-heading\">Livros Aceitos para Divulga\u00e7\u00f5es:<\/h3><p><strong>T\u00edtulo Original<\/strong>: Blueprints Visual Scripting for Unreal Engine 5<br \/><strong>Que horas<\/strong>: 13:30h <br \/><strong>Autores<\/strong>: Marcos Romero Gonzaga de Almeida e, Brenden Sewell<\/p><p><strong>T\u00edtulo Original<\/strong>: Estrutura\u00e7\u00e3o e Aplica\u00e7\u00e3o de um Padr\u00e3o de Game Design Document<br \/><strong>Que horas<\/strong>:\u00a013:55h <br \/><strong>Autores<\/strong>:\u00a0Ian Campos Bezerra R\u00eago, Sandro Ronaldo Bezerra Oliveira e, Carlos dos Santos Portela<\/p>\t\t\t\t\t\t\t\t<\/div>\n\t\t\t\t<\/div>\n\t\t\t\t<\/div>\n\t\t<div class=\"elementor-element elementor-element-7ee564d e-con-full e-flex e-con e-child\" data-id=\"7ee564d\" data-element_type=\"container\" data-settings=\"{&quot;background_background&quot;:&quot;classic&quot;}\">\n\t\t\t\t<div class=\"elementor-element elementor-element-822357d elementor-widget elementor-widget-heading\" data-id=\"822357d\" data-element_type=\"widget\" data-widget_type=\"heading.default\">\n\t\t\t\t<div class=\"elementor-widget-container\">\n\t\t\t\t\t<h2 class=\"elementor-heading-title elementor-size-default\">SBGames 2024 <span style=\"font-weight: normal\">Coordenador<\/span><\/h2>\t\t\t\t<\/div>\n\t\t\t\t<\/div>\n\t\t<div class=\"elementor-element elementor-element-4c8d8d0 e-con-full e-flex e-con e-child\" data-id=\"4c8d8d0\" data-element_type=\"container\">\n\t\t\t\t<div class=\"elementor-element elementor-element-04d4519 elementor-widget elementor-widget-image\" data-id=\"04d4519\" data-element_type=\"widget\" data-widget_type=\"image.default\">\n\t\t\t\t<div class=\"elementor-widget-container\">\n\t\t\t\t\t\t\t\t\t\t\t\t\t\t\t<img fetchpriority=\"high\" decoding=\"async\" width=\"641\" height=\"641\" src=\"https:\/\/sbgames.org\/sbgames2024\/wp-content\/uploads\/2024\/02\/Icon-awesome-user-circle@2x.png\" class=\"attachment-large size-large wp-image-1907\" alt=\"\" srcset=\"https:\/\/sbgames.org\/sbgames2024\/wp-content\/uploads\/2024\/02\/Icon-awesome-user-circle@2x.png 641w, https:\/\/sbgames.org\/sbgames2024\/wp-content\/uploads\/2024\/02\/Icon-awesome-user-circle@2x-300x300.png 300w, https:\/\/sbgames.org\/sbgames2024\/wp-content\/uploads\/2024\/02\/Icon-awesome-user-circle@2x-150x150.png 150w, https:\/\/sbgames.org\/sbgames2024\/wp-content\/uploads\/2024\/02\/elementor\/thumbs\/Icon-awesome-user-circle@2x-qkhtpbq4fvg677ae8g0l9mb0yq6nj94aoars0hic2u.png 279w\" sizes=\"(max-width: 641px) 100vw, 641px\" \/>\t\t\t\t\t\t\t\t\t\t\t\t\t\t\t<\/div>\n\t\t\t\t<\/div>\n\t\t\t\t<div class=\"elementor-element elementor-element-d1ea3ff elementor-widget elementor-widget-heading\" data-id=\"d1ea3ff\" data-element_type=\"widget\" data-widget_type=\"heading.default\">\n\t\t\t\t<div class=\"elementor-widget-container\">\n\t\t\t\t\t<h2 class=\"elementor-heading-title elementor-size-default\">\nMarcelo <span style=\"font-weight: normal\">  da Silva Hounsell <\/span> <\/h2>\t\t\t\t<\/div>\n\t\t\t\t<\/div>\n\t\t\t\t<\/div>\n\t\t\t\t<\/div>\n\t\t\t\t\t<\/div>\n\t\t\t\t<\/div>\n\t\t<div class=\"elementor-element elementor-element-faf787b e-con-full e-flex e-con e-child\" data-id=\"faf787b\" data-element_type=\"container\">\n\t\t<div class=\"elementor-element elementor-element-52eeb7d e-con-full e-flex e-con e-child\" data-id=\"52eeb7d\" data-element_type=\"container\" data-settings=\"{&quot;background_background&quot;:&quot;classic&quot;}\">\n\t\t\t\t<div class=\"elementor-element elementor-element-251c06c elementor-position-left elementor-vertical-align-middle elementor-view-default elementor-mobile-position-top elementor-widget elementor-widget-icon-box\" data-id=\"251c06c\" data-element_type=\"widget\" data-widget_type=\"icon-box.default\">\n\t\t\t\t<div class=\"elementor-widget-container\">\n\t\t\t\t\t\t\t<div class=\"elementor-icon-box-wrapper\">\n\n\t\t\t\t\t\t<div class=\"elementor-icon-box-icon\">\n\t\t\t\t<span  class=\"elementor-icon\">\n\t\t\t\t<svg aria-hidden=\"true\" class=\"e-font-icon-svg e-far-envelope\" viewBox=\"0 0 512 512\" xmlns=\"http:\/\/www.w3.org\/2000\/svg\"><path d=\"M464 64H48C21.49 64 0 85.49 0 112v288c0 26.51 21.49 48 48 48h416c26.51 0 48-21.49 48-48V112c0-26.51-21.49-48-48-48zm0 48v40.805c-22.422 18.259-58.168 46.651-134.587 106.49-16.841 13.247-50.201 45.072-73.413 44.701-23.208.375-56.579-31.459-73.413-44.701C106.18 199.465 70.425 171.067 48 152.805V112h416zM48 400V214.398c22.914 18.251 55.409 43.862 104.938 82.646 21.857 17.205 60.134 55.186 103.062 54.955 42.717.231 80.509-37.199 103.053-54.947 49.528-38.783 82.032-64.401 104.947-82.653V400H48z\"><\/path><\/svg>\t\t\t\t<\/span>\n\t\t\t<\/div>\n\t\t\t\n\t\t\t\t\t\t<div class=\"elementor-icon-box-content\">\n\n\t\t\t\t\n\t\t\t\t\t\t\t\t\t<p class=\"elementor-icon-box-description\">\n\t\t\t\t\t\tEndere\u00e7o:\nmarcelo.hounsell@udesc.br\t\t\t\t\t<\/p>\n\t\t\t\t\n\t\t\t<\/div>\n\t\t\t\n\t\t<\/div>\n\t\t\t\t\t\t<\/div>\n\t\t\t\t<\/div>\n\t\t\t\t<\/div>\n\t\t\t\t<\/div>\n\t\t\t\t\t<\/div>\n\t\t\t\t<\/div>\n\t\t\t\t<\/div>\n\t\t","protected":false},"excerpt":{"rendered":"<p>apresenta\u00e7\u00e3o de livros Submiss\u00e3o: at\u00e9 15 de agosto Notifica\u00e7\u00e3o: at\u00e9 30 de agosto Prazo para comprova\u00e7\u00e3o de inscri\u00e7\u00e3o: 15 de setembro LIVROS NO SBGAMES Venha apresentar o seu Livro no SBGames. O SBGames tem um espa\u00e7o para a apresenta\u00e7\u00e3o Livros durante o evento. Podem ser livros f\u00edsicos ou\u00a0ebooks, did\u00e1ticos ou de literatura, obras comerciais ou [&hellip;]<\/p>\n","protected":false},"author":1,"featured_media":0,"parent":0,"menu_order":0,"comment_status":"closed","ping_status":"closed","template":"","meta":{"site-sidebar-layout":"no-sidebar","site-content-layout":"page-builder","ast-site-content-layout":"full-width-container","site-content-style":"default","site-sidebar-style":"default","ast-global-header-display":"","ast-banner-title-visibility":"","ast-main-header-display":"","ast-hfb-above-header-display":"","ast-hfb-below-header-display":"","ast-hfb-mobile-header-display":"","site-post-title":"disabled","ast-breadcrumbs-content":"","ast-featured-img":"disabled","footer-sml-layout":"","theme-transparent-header-meta":"","adv-header-id-meta":"","stick-header-meta":"","header-above-stick-meta":"","header-main-stick-meta":"","header-below-stick-meta":"","astra-migrate-meta-layouts":"set","ast-page-background-enabled":"default","ast-page-background-meta":{"desktop":{"background-color":"","background-image":"","background-repeat":"repeat","background-position":"center center","background-size":"auto","background-attachment":"scroll","background-type":"","background-media":"","overlay-type":"","overlay-color":"","overlay-gradient":""},"tablet":{"background-color":"","background-image":"","background-repeat":"repeat","background-position":"center center","background-size":"auto","background-attachment":"scroll","background-type":"","background-media":"","overlay-type":"","overlay-color":"","overlay-gradient":""},"mobile":{"background-color":"","background-image":"","background-repeat":"repeat","background-position":"center center","background-size":"auto","background-attachment":"scroll","background-type":"","background-media":"","overlay-type":"","overlay-color":"","overlay-gradient":""}},"ast-content-background-meta":{"desktop":{"background-color":"var(--ast-global-color-5)","background-image":"","background-repeat":"repeat","background-position":"center center","background-size":"auto","background-attachment":"scroll","background-type":"","background-media":"","overlay-type":"","overlay-color":"","overlay-gradient":""},"tablet":{"background-color":"var(--ast-global-color-5)","background-image":"","background-repeat":"repeat","background-position":"center center","background-size":"auto","background-attachment":"scroll","background-type":"","background-media":"","overlay-type":"","overlay-color":"","overlay-gradient":""},"mobile":{"background-color":"var(--ast-global-color-5)","background-image":"","background-repeat":"repeat","background-position":"center center","background-size":"auto","background-attachment":"scroll","background-type":"","background-media":"","overlay-type":"","overlay-color":"","overlay-gradient":""}},"footnotes":""},"class_list":["post-3455","page","type-page","status-publish","hentry"],"_links":{"self":[{"href":"https:\/\/sbgames.org\/sbgames2024\/wp-json\/wp\/v2\/pages\/3455","targetHints":{"allow":["GET"]}}],"collection":[{"href":"https:\/\/sbgames.org\/sbgames2024\/wp-json\/wp\/v2\/pages"}],"about":[{"href":"https:\/\/sbgames.org\/sbgames2024\/wp-json\/wp\/v2\/types\/page"}],"author":[{"embeddable":true,"href":"https:\/\/sbgames.org\/sbgames2024\/wp-json\/wp\/v2\/users\/1"}],"replies":[{"embeddable":true,"href":"https:\/\/sbgames.org\/sbgames2024\/wp-json\/wp\/v2\/comments?post=3455"}],"version-history":[{"count":28,"href":"https:\/\/sbgames.org\/sbgames2024\/wp-json\/wp\/v2\/pages\/3455\/revisions"}],"predecessor-version":[{"id":3930,"href":"https:\/\/sbgames.org\/sbgames2024\/wp-json\/wp\/v2\/pages\/3455\/revisions\/3930"}],"wp:attachment":[{"href":"https:\/\/sbgames.org\/sbgames2024\/wp-json\/wp\/v2\/media?parent=3455"}],"curies":[{"name":"wp","href":"https:\/\/api.w.org\/{rel}","templated":true}]}}