{"id":2818,"date":"2024-05-20T21:08:26","date_gmt":"2024-05-20T21:08:26","guid":{"rendered":"https:\/\/sbgames.org\/sbgames2024\/?page_id=2818"},"modified":"2024-09-25T20:47:18","modified_gmt":"2024-09-25T20:47:18","slug":"forum-de-ensino-de-jogos-digitais","status":"publish","type":"page","link":"https:\/\/sbgames.org\/sbgames2024\/forum-de-ensino-de-jogos-digitais\/","title":{"rendered":"F\u00f3rum de Ensino de Jogos Digitais"},"content":{"rendered":"\t\t<div data-elementor-type=\"wp-page\" data-elementor-id=\"2818\" class=\"elementor elementor-2818\">\n\t\t\t\t<div class=\"elementor-element elementor-element-8dbda00 e-flex e-con-boxed e-con e-parent\" data-id=\"8dbda00\" data-element_type=\"container\" data-settings=\"{&quot;background_background&quot;:&quot;classic&quot;}\">\n\t\t\t\t\t<div class=\"e-con-inner\">\n\t\t\t\t<div class=\"elementor-element elementor-element-3c28dc2 elementor-widget elementor-widget-heading\" data-id=\"3c28dc2\" data-element_type=\"widget\" data-widget_type=\"heading.default\">\n\t\t\t\t<div class=\"elementor-widget-container\">\n\t\t\t\t\t<h2 class=\"elementor-heading-title elementor-size-default\">F\u00f3rum de Ensino de Jogos Digitais<\/h2>\t\t\t\t<\/div>\n\t\t\t\t<\/div>\n\t\t\t\t\t<\/div>\n\t\t\t\t<\/div>\n\t\t<div class=\"elementor-element elementor-element-aa7ddda e-flex e-con-boxed e-con e-parent\" data-id=\"aa7ddda\" data-element_type=\"container\">\n\t\t\t\t\t<div class=\"e-con-inner\">\n\t\t<div class=\"elementor-element elementor-element-950108b e-flex e-con-boxed e-con e-child\" data-id=\"950108b\" data-element_type=\"container\">\n\t\t\t\t\t<div class=\"e-con-inner\">\n\t\t<div class=\"elementor-element elementor-element-165a26b e-flex e-con-boxed e-con e-child\" data-id=\"165a26b\" data-element_type=\"container\">\n\t\t\t\t\t<div class=\"e-con-inner\">\n\t\t<div class=\"elementor-element elementor-element-6675dd9 e-con-full e-flex e-con e-child\" data-id=\"6675dd9\" data-element_type=\"container\">\n\t\t<div class=\"elementor-element elementor-element-fa3d369 e-con-full e-flex e-con e-child\" data-id=\"fa3d369\" data-element_type=\"container\" data-settings=\"{&quot;background_background&quot;:&quot;classic&quot;}\">\n\t\t\t\t<div class=\"elementor-element elementor-element-106179c elementor-widget elementor-widget-button\" data-id=\"106179c\" data-element_type=\"widget\" data-widget_type=\"button.default\">\n\t\t\t\t<div class=\"elementor-widget-container\">\n\t\t\t\t\t\t\t\t\t<div class=\"elementor-button-wrapper\">\n\t\t\t\t\t<a class=\"elementor-button elementor-button-link elementor-size-sm\" href=\"https:\/\/bit.ly\/ensinojogos24\" target=\"_blank\">\n\t\t\t\t\t\t<span class=\"elementor-button-content-wrapper\">\n\t\t\t\t\t\t\t\t\t<span class=\"elementor-button-text\">Realizar Inscri\u00e7\u00e3o Gratuita<\/span>\n\t\t\t\t\t<\/span>\n\t\t\t\t\t<\/a>\n\t\t\t\t<\/div>\n\t\t\t\t\t\t\t\t<\/div>\n\t\t\t\t<\/div>\n\t\t\t\t<\/div>\n\t\t\t\t<\/div>\n\t\t\t\t<div class=\"elementor-element elementor-element-96622e8 elementor-widget elementor-widget-text-editor\" data-id=\"96622e8\" data-element_type=\"widget\" data-widget_type=\"text-editor.default\">\n\t\t\t\t<div class=\"elementor-widget-container\">\n\t\t\t\t\t\t\t\t\t<p>O F\u00f3rum de Ensino de Jogos Digitais \u00e9 uma atividade do SBGames dedicada ao fomento de discuss\u00f5es sobre a forma\u00e7\u00e3o de profissionais para a \u00e1rea de desenvolvimento de jogos digitais no Brasil.<\/p><p>Trata-se de um espa\u00e7o aberto a docentes, pesquisadores, alunos, profissionais e demais interessados no tema que apresentam e trocam experi\u00eancias sobre as diversas modalidades de ensino, o que inclui, mas n\u00e3o se limita, a gradua\u00e7\u00e3o e a p\u00f3s-gradua\u00e7\u00e3o.<\/p><h3><strong>Sobre a edi\u00e7\u00e3o 2024<\/strong><\/h3><p>Essa ser\u00e1 nossa nona edi\u00e7\u00e3o e j\u00e1 pudemos contar com a participa\u00e7\u00e3o de docentes, pesquisadores e profissionais do setor de diversas institui\u00e7\u00f5es de ensino e pesquisa, bem como de est\u00fadios brasileiros, outras empresas do setor e entidades representativas, contribuindo para a consolida\u00e7\u00e3o do F\u00f3rum de Ensino de Jogos Digitais como um importante espa\u00e7o de discuss\u00e3o das quest\u00f5es relacionadas \u00e0 forma\u00e7\u00e3o de profissionais para o setor.<\/p><p><strong>Programa\u00e7\u00e3o \u2013 25\/09\/2024<\/strong><\/p><p>A programa\u00e7\u00e3o das v\u00e1rias edi\u00e7\u00f5es do F\u00f3rum tem sido elaborada com a participa\u00e7\u00e3o de diversos integrantes da comunidade acad\u00eamica, empresas e outras entidades representativas. Neste ano, a programa\u00e7\u00e3o ser\u00e1 composta pelas seguintes mesas redondas:<\/p><p><strong>14h \u2013 15h45: O Marco Legal dos Games e a rela\u00e7\u00e3o com a forma\u00e7\u00e3o profissional<\/strong><\/p><p>Talvez o maior evento recente da ind\u00fastria brasileira de jogos digitais tenha sido a aprova\u00e7\u00e3o pelo Governo Federal da Lei n\u00ba 14.852, de 03\/05\/2024, conhecida como Marco Legal dos Games, que regulamenta a importa\u00e7\u00e3o, a fabrica\u00e7\u00e3o, o desenvolvimento, a comercializa\u00e7\u00e3o e o uso comercial dos jogos, al\u00e9m de trazer meios que visam ao incentivo dos neg\u00f3cios e investimentos no setor. O Marco traz diversas possibilidades para os v\u00e1rios atores da ind\u00fastria brasileira de jogos digitais e nessa mesa ser\u00e3o apresentadas e discutidas poss\u00edveis conex\u00f5es entre essa lei e a forma\u00e7\u00e3o de profissionais para o setor.<\/p><p>Participantes:<\/p><ul><li>Manu Ribeiro (Instituto Alana)<\/li><li>M\u00e1rcio Matheus Filho (ACJOGOS-RJ, GF Corp)<\/li><li>Oksandro Gon\u00e7alves (PUCPR)<\/li><li>Raquel Gontijo (Abragames)<\/li><\/ul><p>Modera\u00e7\u00e3o:<\/p><ul><li>Bruno Campagnolo de Paula<\/li><\/ul><p><strong>16h \u2013 17h45: M\u00e9todos e pr\u00e1ticas inovadoras no ensino de jogos digitais<\/strong><\/p><p>Ao longo dos mais de dez anos de oferecimento de cursos t\u00e9cnicos, de gradua\u00e7\u00e3o e p\u00f3s-gradua\u00e7\u00e3o em Jogos Digitais por institui\u00e7\u00f5es privadas e p\u00fablicas, diversas experi\u00eancias vem sendo acumuladas no sentido de possibilitar o planejamento e a implementa\u00e7\u00e3o de m\u00e9todos e pr\u00e1ticas inovadoras de ensino que potencializem o aprendizado dos alunos desses cursos. Nessa mesa, ser\u00e3o apresentadas e discutidas algumas dessas experi\u00eancias.<\/p><p>Participantes:<\/p><ul><li>Luiz Adolfo de Paiva Andrade (Universidade do Estado da Bahia \u2013 BA)<\/li><li>Luiz Carlos Pinheiro Junior (Instituto Federal do Paran\u00e1 \u2013 PR)<\/li><li>Rodrigo Sanches Devigo (Instituto Federal de Mato Grosso do Sul \u2013 MS)<\/li><\/ul><p>Modera\u00e7\u00e3o:<\/p><ul><li>Alan Henrique Pardo de Carvalho<\/li><\/ul><p><strong>Sobre as edi\u00e7\u00f5es anteriores<\/strong><\/p><p>Os seguintes temas foram apresentados e discutidos nas edi\u00e7\u00f5es anteriores do F\u00f3rum de Ensino de Jogos Digitais:<\/p><p>2023 \u2013 Rio Grande<\/p><ul><li>20 anos da gradua\u00e7\u00e3o no Brasil: o resgate de uma hist\u00f3ria<\/li><li>Curriculariza\u00e7\u00e3o da extens\u00e3o: o que tem sido feito?<\/li><li>A forma\u00e7\u00e3o na modalidade \u00e0 dist\u00e2ncia: experi\u00eancias e desafios<\/li><\/ul><p>2022 \u2013 Natal<\/p><ul><li>Curriculariza\u00e7\u00e3o da extens\u00e3o: possibilidades e experi\u00eancias<\/li><li>A realidade educacional p\u00f3s-pandemia da covid-19: o que aprendemos?<\/li><\/ul><p>2021 \u2013 Gramado<\/p><ul><li>Panorama e perspectivas sobre a forma\u00e7\u00e3o profissional na gradua\u00e7\u00e3o para a Ind\u00fastria Brasileira de Jogos Digitais<\/li><li>Pr\u00e1ticas e possibilidades na aplica\u00e7\u00e3o de metodologias ativas<\/li><li>Iniciativas e perspectivas sobre a interdisciplinaridade nos cursos<\/li><li>Articula\u00e7\u00e3o entre empresas e institui\u00e7\u00f5es de ensino<\/li><li>Impress\u00f5es e experi\u00eancias na ind\u00fastria de jogos digitais: a vis\u00e3o dos egressos<\/li><\/ul><p>2020 \u2013 Porto de Galinhas<\/p><ul><li>Panorama geral da oferta da gradua\u00e7\u00e3o no Brasil<\/li><li>Desenvolvimento de compet\u00eancias socioemocionais nos cursos<\/li><li>Incentivo e desenvolvimento da pesquisa cient\u00edfica na gradua\u00e7\u00e3o<\/li><li>Iniciativas e sugest\u00f5es para o acompanhamento de egressos dos cursos<\/li><li>Expectativas e realidades no recrutamento e sele\u00e7\u00e3o de alunos e egressos dos cursos de gradua\u00e7\u00e3o<\/li><li>A experi\u00eancia docente frente \u00e0 pandemia e suas consequ\u00eancias para o meio acad\u00eamico<\/li><\/ul><p>2019 &#8211; Rio de Janeiro<\/p><ul><li>Impress\u00f5es sobre a ind\u00fastria de jogos digitais no exterior: somos t\u00e3o diferentes assim?<\/li><li>Institui\u00e7\u00f5es de ensino e empresas: uma articula\u00e7\u00e3o necess\u00e1ria<\/li><li>Iniciativas de empreendedorismo nos cursos<\/li><li>Pr\u00e1ticas de ensino e avalia\u00e7\u00e3o nos cursos<\/li><\/ul><p>2018 &#8211; Foz do Igua\u00e7u<\/p><ul><li>Empresas e institui\u00e7\u00f5es de ensino: como aumentar a proximidade e o que vem sendo feito?<\/li><li>Iniciativas de empreendedorismo nos cursos<\/li><li>Estrutura curricular dos cursos de gradua\u00e7\u00e3o<\/li><li>M\u00e9todos inovadores de ensino em jogos digitais<\/li><\/ul><p>2017 &#8211; Curitiba<\/p><ul><li>A pesquisa acad\u00eamica nos cursos de Jogos Digitais e na p\u00f3s-gradua\u00e7\u00e3o<\/li><li>Os cursos livres e sua participa\u00e7\u00e3o na forma\u00e7\u00e3o de pessoal para a ind\u00fastria<\/li><li>Cursos t\u00e9cnicos de jogos digitais: o que pode e o que vem sendo feito?<\/li><li>Empresas e institui\u00e7\u00f5es de ensino: como aumentar a proximidade?<\/li><\/ul><p>2016 &#8211; S\u00e3o Paulo<\/p><ul><li>Cursos de Jogos Digitais: regulamenta\u00e7\u00e3o, semelhan\u00e7as e diferen\u00e7as entre os cursos t\u00e9cnicos, de gradua\u00e7\u00e3o e de p\u00f3s-gradua\u00e7\u00e3o<\/li><li>Est\u00e1gios: quais s\u00e3o as expectativas de est\u00fadios, alunos e institui\u00e7\u00f5es de ensino?<\/li><li>M\u00e9todos inovadores de ensino em jogos digitais<\/li><li>Parcerias: como identificar parceiros para os cursos de jogos digitais? O que esperar (e n\u00e3o esperar) deles?<\/li><li>Benchmark internacional: o que podemos aprender com os cursos de jogos digitais de outros pa\u00edses?<\/li><\/ul><p><strong>Chairs do F\u00f3rum de Ensino de Jogos Digitais<\/strong><\/p><p>forumensino@sbgames.org<\/p><p>Alan Henrique Pardo de Carvalho (Fatec S\u00e3o Caetano do Sul, Centro Universit\u00e1rio Senac)<\/p>\t\t\t\t\t\t\t\t<\/div>\n\t\t\t\t<\/div>\n\t\t\t\t\t<\/div>\n\t\t\t\t<\/div>\n\t\t<div class=\"elementor-element elementor-element-cf799cc e-flex e-con-boxed e-con e-child\" data-id=\"cf799cc\" data-element_type=\"container\" data-settings=\"{&quot;background_background&quot;:&quot;classic&quot;}\">\n\t\t\t\t\t<div class=\"e-con-inner\">\n\t\t\t\t<div class=\"elementor-element elementor-element-513317e elementor-widget elementor-widget-heading\" data-id=\"513317e\" data-element_type=\"widget\" data-widget_type=\"heading.default\">\n\t\t\t\t<div class=\"elementor-widget-container\">\n\t\t\t\t\t<h1 class=\"elementor-heading-title elementor-size-default\">SBGames 2024 <span style=\"font-weight: normal\">Co-Coordenadores<\/span><\/h1>\t\t\t\t<\/div>\n\t\t\t\t<\/div>\n\t\t<div class=\"elementor-element elementor-element-5a03c98 e-flex e-con-boxed e-con e-child\" data-id=\"5a03c98\" data-element_type=\"container\">\n\t\t\t\t\t<div class=\"e-con-inner\">\n\t\t<div class=\"elementor-element elementor-element-de29f5a e-flex e-con-boxed e-con e-child\" data-id=\"de29f5a\" data-element_type=\"container\">\n\t\t\t\t\t<div class=\"e-con-inner\">\n\t\t\t\t<div class=\"elementor-element elementor-element-3234236 elementor-widget__width-initial elementor-widget elementor-widget-image\" data-id=\"3234236\" data-element_type=\"widget\" data-widget_type=\"image.default\">\n\t\t\t\t<div class=\"elementor-widget-container\">\n\t\t\t\t\t\t\t\t\t\t\t\t\t\t\t<img decoding=\"async\" src=\"https:\/\/sbgames.org\/sbgames2024\/wp-content\/uploads\/elementor\/thumbs\/WhatsApp-Image-2024-09-18-at-13.13.48-quask0b6txh01kgiwag8cjj6chpl0oqp35v62cr3ja.jpeg\" title=\"WhatsApp Image 2024-09-18 at 13.13.48\" alt=\"WhatsApp Image 2024-09-18 at 13.13.48\" loading=\"lazy\" \/>\t\t\t\t\t\t\t\t\t\t\t\t\t\t\t<\/div>\n\t\t\t\t<\/div>\n\t\t\t\t<div class=\"elementor-element elementor-element-a27a269 elementor-widget elementor-widget-heading\" data-id=\"a27a269\" data-element_type=\"widget\" data-widget_type=\"heading.default\">\n\t\t\t\t<div class=\"elementor-widget-container\">\n\t\t\t\t\t<h2 class=\"elementor-heading-title elementor-size-default\">Alan <span style=\"font-weight: normal\">Henrique Pardo de Carvalho<\/span> <\/h2>\t\t\t\t<\/div>\n\t\t\t\t<\/div>\n\t\t\t\t\t<\/div>\n\t\t\t\t<\/div>\n\t\t\t\t\t<\/div>\n\t\t\t\t<\/div>\n\t\t\t\t\t<\/div>\n\t\t\t\t<\/div>\n\t\t\t\t\t<\/div>\n\t\t\t\t<\/div>\n\t\t\t\t\t<\/div>\n\t\t\t\t<\/div>\n\t\t\t\t<\/div>\n\t\t","protected":false},"excerpt":{"rendered":"<p>F\u00f3rum de Ensino de Jogos Digitais Realizar Inscri\u00e7\u00e3o Gratuita O F\u00f3rum de Ensino de Jogos Digitais \u00e9 uma atividade do SBGames dedicada ao fomento de discuss\u00f5es sobre a forma\u00e7\u00e3o de profissionais para a \u00e1rea de desenvolvimento de jogos digitais no Brasil. Trata-se de um espa\u00e7o aberto a docentes, pesquisadores, alunos, profissionais e demais interessados no [&hellip;]<\/p>\n","protected":false},"author":1,"featured_media":0,"parent":0,"menu_order":0,"comment_status":"closed","ping_status":"closed","template":"","meta":{"site-sidebar-layout":"no-sidebar","site-content-layout":"page-builder","ast-site-content-layout":"full-width-container","site-content-style":"default","site-sidebar-style":"default","ast-global-header-display":"","ast-banner-title-visibility":"","ast-main-header-display":"","ast-hfb-above-header-display":"","ast-hfb-below-header-display":"","ast-hfb-mobile-header-display":"","site-post-title":"disabled","ast-breadcrumbs-content":"","ast-featured-img":"disabled","footer-sml-layout":"","theme-transparent-header-meta":"","adv-header-id-meta":"","stick-header-meta":"","header-above-stick-meta":"","header-main-stick-meta":"","header-below-stick-meta":"","astra-migrate-meta-layouts":"set","ast-page-background-enabled":"default","ast-page-background-meta":{"desktop":{"background-color":"","background-image":"","background-repeat":"repeat","background-position":"center center","background-size":"auto","background-attachment":"scroll","background-type":"","background-media":"","overlay-type":"","overlay-color":"","overlay-gradient":""},"tablet":{"background-color":"","background-image":"","background-repeat":"repeat","background-position":"center center","background-size":"auto","background-attachment":"scroll","background-type":"","background-media":"","overlay-type":"","overlay-color":"","overlay-gradient":""},"mobile":{"background-color":"","background-image":"","background-repeat":"repeat","background-position":"center center","background-size":"auto","background-attachment":"scroll","background-type":"","background-media":"","overlay-type":"","overlay-color":"","overlay-gradient":""}},"ast-content-background-meta":{"desktop":{"background-color":"var(--ast-global-color-5)","background-image":"","background-repeat":"repeat","background-position":"center center","background-size":"auto","background-attachment":"scroll","background-type":"","background-media":"","overlay-type":"","overlay-color":"","overlay-gradient":""},"tablet":{"background-color":"var(--ast-global-color-5)","background-image":"","background-repeat":"repeat","background-position":"center center","background-size":"auto","background-attachment":"scroll","background-type":"","background-media":"","overlay-type":"","overlay-color":"","overlay-gradient":""},"mobile":{"background-color":"var(--ast-global-color-5)","background-image":"","background-repeat":"repeat","background-position":"center center","background-size":"auto","background-attachment":"scroll","background-type":"","background-media":"","overlay-type":"","overlay-color":"","overlay-gradient":""}},"footnotes":""},"class_list":["post-2818","page","type-page","status-publish","hentry"],"_links":{"self":[{"href":"https:\/\/sbgames.org\/sbgames2024\/wp-json\/wp\/v2\/pages\/2818","targetHints":{"allow":["GET"]}}],"collection":[{"href":"https:\/\/sbgames.org\/sbgames2024\/wp-json\/wp\/v2\/pages"}],"about":[{"href":"https:\/\/sbgames.org\/sbgames2024\/wp-json\/wp\/v2\/types\/page"}],"author":[{"embeddable":true,"href":"https:\/\/sbgames.org\/sbgames2024\/wp-json\/wp\/v2\/users\/1"}],"replies":[{"embeddable":true,"href":"https:\/\/sbgames.org\/sbgames2024\/wp-json\/wp\/v2\/comments?post=2818"}],"version-history":[{"count":43,"href":"https:\/\/sbgames.org\/sbgames2024\/wp-json\/wp\/v2\/pages\/2818\/revisions"}],"predecessor-version":[{"id":4032,"href":"https:\/\/sbgames.org\/sbgames2024\/wp-json\/wp\/v2\/pages\/2818\/revisions\/4032"}],"wp:attachment":[{"href":"https:\/\/sbgames.org\/sbgames2024\/wp-json\/wp\/v2\/media?parent=2818"}],"curies":[{"name":"wp","href":"https:\/\/api.w.org\/{rel}","templated":true}]}}