{"id":2792,"date":"2024-05-14T16:56:27","date_gmt":"2024-05-14T16:56:27","guid":{"rendered":"https:\/\/sbgames.org\/sbgames2024\/?page_id=2792"},"modified":"2024-09-23T19:50:07","modified_gmt":"2024-09-23T19:50:07","slug":"forum-de-esportes-eletronicos","status":"publish","type":"page","link":"https:\/\/sbgames.org\/sbgames2024\/forum-de-esportes-eletronicos\/","title":{"rendered":"F\u00f3rum de Esportes Eletr\u00f4nicos"},"content":{"rendered":"\t\t<div data-elementor-type=\"wp-page\" data-elementor-id=\"2792\" class=\"elementor elementor-2792\">\n\t\t\t\t<div class=\"elementor-element elementor-element-8dbda00 e-flex e-con-boxed e-con e-parent\" data-id=\"8dbda00\" data-element_type=\"container\" data-settings=\"{&quot;background_background&quot;:&quot;classic&quot;}\">\n\t\t\t\t\t<div class=\"e-con-inner\">\n\t\t\t\t<div class=\"elementor-element elementor-element-3c28dc2 elementor-widget elementor-widget-heading\" data-id=\"3c28dc2\" data-element_type=\"widget\" data-widget_type=\"heading.default\">\n\t\t\t\t<div class=\"elementor-widget-container\">\n\t\t\t\t\t<h2 class=\"elementor-heading-title elementor-size-default\">F\u00f3rum de Esportes Eletr\u00f4nicos<\/h2>\t\t\t\t<\/div>\n\t\t\t\t<\/div>\n\t\t\t\t\t<\/div>\n\t\t\t\t<\/div>\n\t\t<div class=\"elementor-element elementor-element-aa7ddda e-flex e-con-boxed e-con e-parent\" data-id=\"aa7ddda\" data-element_type=\"container\">\n\t\t\t\t\t<div class=\"e-con-inner\">\n\t\t<div class=\"elementor-element elementor-element-950108b e-flex e-con-boxed e-con e-child\" data-id=\"950108b\" data-element_type=\"container\">\n\t\t\t\t\t<div class=\"e-con-inner\">\n\t\t<div class=\"elementor-element elementor-element-165a26b e-flex e-con-boxed e-con e-child\" data-id=\"165a26b\" data-element_type=\"container\">\n\t\t\t\t\t<div class=\"e-con-inner\">\n\t\t\t\t<div class=\"elementor-element elementor-element-96622e8 elementor-widget elementor-widget-text-editor\" data-id=\"96622e8\" data-element_type=\"widget\" data-widget_type=\"text-editor.default\">\n\t\t\t\t<div class=\"elementor-widget-container\">\n\t\t\t\t\t\t\t\t\t<h3><strong>F\u00f3rum de Esportes Eletr\u00f4nicos<\/strong><\/h3><p>O 3\u00ba F\u00f3rum de Esportes Eletr\u00f4nicos tem como objetivo criar um espa\u00e7o dedicado, dentro do SBGames 2024, para a discuss\u00e3o dos esportes eletr\u00f4nicos e todo o ecossistema que o cerca. Por se tratar de um ambiente extremamente plural, o f\u00f3rum visa discutir n\u00e3o s\u00f3 os jogos que s\u00e3o considerados esportes eletr\u00f4nicos, mas tamb\u00e9m todos os elementos que os cercam. Dessa forma, s\u00e3o assuntos de interesse do f\u00f3rum:<\/p><ul><li>Pesquisas relacionadas aos esportes eletr\u00f4nicos e seu ecossistema, incluindo jogadores, equipe t\u00e9cnica, times, organiza\u00e7\u00f5es, organizadores de torneios, criadores de conte\u00fado, transmiss\u00e3o e espectadores;<\/li><li>Desenvolvimento de Jogos Digitais que s\u00e3o considerados esportes eletr\u00f4nicos, seus elementos e princ\u00edpios de desenvolvimento;<\/li><li>Organiza\u00e7\u00e3o de eventos voltados aos esportes eletr\u00f4nicos, incluindo competi\u00e7\u00f5es, watch parties e feiras relacionadas ao tema;<\/li><li>Cria\u00e7\u00e3o de conte\u00fado relacionados aos esportes eletr\u00f4nicos, sejam eles educacionais, art\u00edsticos ou de entretenimento;<\/li><li>Gerenciamento de Talentos na \u00e1rea dos esportes eletr\u00f4nicos;<\/li><li>Treinamento, prepara\u00e7\u00e3o e atua\u00e7\u00e3o como jogador nos esportes eletr\u00f4nicos;<\/li><li>Gerenciamento de equipes, organiza\u00e7\u00f5es ou empresas que estejam diretamente ligadas aos esportes eletr\u00f4nicos, em qualquer parte do ecossistema;<\/li><\/ul><p>Outros t\u00f3picos relacionados diretamente aos esportes eletr\u00f4nicos.<\/p><p><strong>Programa\u00e7\u00e3o da Atividade<\/strong><\/p><p>A programa\u00e7\u00e3o do F\u00f3rum de Esportes Eletr\u00f4nicos ser\u00e1 composta por palestras de convidados relevantes no cen\u00e1rio nacional e internacional de esportes eletr\u00f4nicos e mesas redonda entre os palestrantes convidados. Esse ano, a programa\u00e7\u00e3o acontecer\u00e1 inteiramente de forma online!<\/p><p>Caso tenha interesse em contribuir com a atividade ou tenha qualquer d\u00favida, favor entrar em contato com a coordena\u00e7\u00e3o atrav\u00e9s do email <span style=\"color: #333399;\">alyson@imd.ufrn.br<\/span><\/p><p>Alyson Souza e T\u00e1bata Diniz<\/p>\t\t\t\t\t\t\t\t<\/div>\n\t\t\t\t<\/div>\n\t\t\t\t<div class=\"elementor-element elementor-element-09abf4f elementor-widget elementor-widget-button\" data-id=\"09abf4f\" data-element_type=\"widget\" data-widget_type=\"button.default\">\n\t\t\t\t<div class=\"elementor-widget-container\">\n\t\t\t\t\t\t\t\t\t<div class=\"elementor-button-wrapper\">\n\t\t\t\t\t<a class=\"elementor-button elementor-button-link elementor-size-sm\" href=\"https:\/\/docs.google.com\/document\/d\/1Jjd6Kpt40MBHcE9FA-EOkS4O9G24l-cL\/edit\">\n\t\t\t\t\t\t<span class=\"elementor-button-content-wrapper\">\n\t\t\t\t\t\t\t\t\t<span class=\"elementor-button-text\">Manual para autores<\/span>\n\t\t\t\t\t<\/span>\n\t\t\t\t\t<\/a>\n\t\t\t\t<\/div>\n\t\t\t\t\t\t\t\t<\/div>\n\t\t\t\t<\/div>\n\t\t\t\t\t<\/div>\n\t\t\t\t<\/div>\n\t\t<div class=\"elementor-element elementor-element-cf799cc e-flex e-con-boxed e-con e-child\" data-id=\"cf799cc\" data-element_type=\"container\" data-settings=\"{&quot;background_background&quot;:&quot;classic&quot;}\">\n\t\t\t\t\t<div class=\"e-con-inner\">\n\t\t\t\t<div class=\"elementor-element elementor-element-513317e elementor-widget elementor-widget-heading\" data-id=\"513317e\" data-element_type=\"widget\" data-widget_type=\"heading.default\">\n\t\t\t\t<div class=\"elementor-widget-container\">\n\t\t\t\t\t<h1 class=\"elementor-heading-title elementor-size-default\">SBGames 2024 <span style=\"font-weight: normal\">Co-Coordenadores<\/span><\/h1>\t\t\t\t<\/div>\n\t\t\t\t<\/div>\n\t\t<div class=\"elementor-element elementor-element-5a03c98 e-flex e-con-boxed e-con e-child\" data-id=\"5a03c98\" data-element_type=\"container\">\n\t\t\t\t\t<div class=\"e-con-inner\">\n\t\t<div class=\"elementor-element elementor-element-de29f5a e-flex e-con-boxed e-con e-child\" data-id=\"de29f5a\" data-element_type=\"container\">\n\t\t\t\t\t<div class=\"e-con-inner\">\n\t\t\t\t<div class=\"elementor-element elementor-element-3234236 elementor-widget__width-initial elementor-widget elementor-widget-image\" data-id=\"3234236\" data-element_type=\"widget\" data-widget_type=\"image.default\">\n\t\t\t\t<div class=\"elementor-widget-container\">\n\t\t\t\t\t\t\t\t\t\t\t\t\t\t\t<img decoding=\"async\" src=\"https:\/\/sbgames.org\/sbgames2024\/wp-content\/uploads\/elementor\/thumbs\/Icon-awesome-user-circle@2x-qkhtpbq4fvg677ae8g0l9mb0yq6nj94aoars0hic2u.png\" title=\"Icon awesome-user-circle@2x\" alt=\"Icon awesome-user-circle@2x\" loading=\"lazy\" \/>\t\t\t\t\t\t\t\t\t\t\t\t\t\t\t<\/div>\n\t\t\t\t<\/div>\n\t\t\t\t<div class=\"elementor-element elementor-element-a27a269 elementor-widget elementor-widget-heading\" data-id=\"a27a269\" data-element_type=\"widget\" data-widget_type=\"heading.default\">\n\t\t\t\t<div class=\"elementor-widget-container\">\n\t\t\t\t\t<h2 class=\"elementor-heading-title elementor-size-default\">Alyson <span style=\"font-weight: normal\">Matheus de Carvalho Souza<\/span> <\/h2>\t\t\t\t<\/div>\n\t\t\t\t<\/div>\n\t\t\t\t\t<\/div>\n\t\t\t\t<\/div>\n\t\t\t\t\t<\/div>\n\t\t\t\t<\/div>\n\t\t\t\t\t<\/div>\n\t\t\t\t<\/div>\n\t\t\t\t\t<\/div>\n\t\t\t\t<\/div>\n\t\t<div class=\"elementor-element elementor-element-faf787b e-con-full e-flex e-con e-child\" data-id=\"faf787b\" data-element_type=\"container\">\n\t\t<div class=\"elementor-element elementor-element-52eeb7d e-flex e-con-boxed e-con e-child\" data-id=\"52eeb7d\" data-element_type=\"container\">\n\t\t\t\t\t<div class=\"e-con-inner\">\n\t\t<div class=\"elementor-element elementor-element-fa3d369 e-flex e-con-boxed e-con e-child\" data-id=\"fa3d369\" data-element_type=\"container\" data-settings=\"{&quot;background_background&quot;:&quot;classic&quot;}\">\n\t\t\t\t\t<div class=\"e-con-inner\">\n\t\t\t\t<div class=\"elementor-element elementor-element-106179c elementor-widget elementor-widget-button\" data-id=\"106179c\" data-element_type=\"widget\" data-widget_type=\"button.default\">\n\t\t\t\t<div class=\"elementor-widget-container\">\n\t\t\t\t\t\t\t\t\t<div class=\"elementor-button-wrapper\">\n\t\t\t\t\t<a class=\"elementor-button elementor-button-link elementor-size-sm\" href=\"https:\/\/docs.google.com\/document\/d\/1Jjd6Kpt40MBHcE9FA-EOkS4O9G24l-cL\/edit\" target=\"_blank\">\n\t\t\t\t\t\t<span class=\"elementor-button-content-wrapper\">\n\t\t\t\t\t\t\t\t\t<span class=\"elementor-button-text\">Manual para autores<\/span>\n\t\t\t\t\t<\/span>\n\t\t\t\t\t<\/a>\n\t\t\t\t<\/div>\n\t\t\t\t\t\t\t\t<\/div>\n\t\t\t\t<\/div>\n\t\t\t\t\t<\/div>\n\t\t\t\t<\/div>\n\t\t<div class=\"elementor-element elementor-element-9ec8529 e-flex e-con-boxed e-con e-child\" data-id=\"9ec8529\" data-element_type=\"container\" data-settings=\"{&quot;background_background&quot;:&quot;classic&quot;}\">\n\t\t\t\t\t<div class=\"e-con-inner\">\n\t\t\t\t<div class=\"elementor-element elementor-element-74dc101 elementor-widget elementor-widget-button\" data-id=\"74dc101\" data-element_type=\"widget\" data-widget_type=\"button.default\">\n\t\t\t\t<div class=\"elementor-widget-container\">\n\t\t\t\t\t\t\t\t\t<div class=\"elementor-button-wrapper\">\n\t\t\t\t\t<a class=\"elementor-button elementor-button-link elementor-size-sm\" href=\"#revisores\">\n\t\t\t\t\t\t<span class=\"elementor-button-content-wrapper\">\n\t\t\t\t\t\t\t\t\t<span class=\"elementor-button-text\">REVISORES<\/span>\n\t\t\t\t\t<\/span>\n\t\t\t\t\t<\/a>\n\t\t\t\t<\/div>\n\t\t\t\t\t\t\t\t<\/div>\n\t\t\t\t<\/div>\n\t\t\t\t\t<\/div>\n\t\t\t\t<\/div>\n\t\t<div class=\"elementor-element elementor-element-15a90d5 e-flex e-con-boxed e-con e-child\" data-id=\"15a90d5\" data-element_type=\"container\" data-settings=\"{&quot;background_background&quot;:&quot;classic&quot;}\">\n\t\t\t\t\t<div class=\"e-con-inner\">\n\t\t\t\t<div class=\"elementor-element elementor-element-d67b161 elementor-widget elementor-widget-button\" data-id=\"d67b161\" data-element_type=\"widget\" data-widget_type=\"button.default\">\n\t\t\t\t<div class=\"elementor-widget-container\">\n\t\t\t\t\t\t\t\t\t<div class=\"elementor-button-wrapper\">\n\t\t\t\t\t<a class=\"elementor-button elementor-button-link elementor-size-sm\" href=\"#\">\n\t\t\t\t\t\t<span class=\"elementor-button-content-wrapper\">\n\t\t\t\t\t\t\t\t\t<span class=\"elementor-button-text\">BEST PAPERS<\/span>\n\t\t\t\t\t<\/span>\n\t\t\t\t\t<\/a>\n\t\t\t\t<\/div>\n\t\t\t\t\t\t\t\t<\/div>\n\t\t\t\t<\/div>\n\t\t\t\t\t<\/div>\n\t\t\t\t<\/div>\n\t\t<div class=\"elementor-element elementor-element-a789307 e-flex e-con-boxed e-con e-child\" data-id=\"a789307\" data-element_type=\"container\" data-settings=\"{&quot;background_background&quot;:&quot;classic&quot;}\">\n\t\t\t\t\t<div class=\"e-con-inner\">\n\t\t\t\t<div class=\"elementor-element elementor-element-1d56260 elementor-widget elementor-widget-button\" data-id=\"1d56260\" data-element_type=\"widget\" data-widget_type=\"button.default\">\n\t\t\t\t<div class=\"elementor-widget-container\">\n\t\t\t\t\t\t\t\t\t<div class=\"elementor-button-wrapper\">\n\t\t\t\t\t<a class=\"elementor-button elementor-button-link elementor-size-sm\" href=\"https:\/\/jems.sbc.org.br\/home.cgi?c=4553\" target=\"_blank\">\n\t\t\t\t\t\t<span class=\"elementor-button-content-wrapper\">\n\t\t\t\t\t\t\t\t\t<span class=\"elementor-button-text\">SUBMETER<\/span>\n\t\t\t\t\t<\/span>\n\t\t\t\t\t<\/a>\n\t\t\t\t<\/div>\n\t\t\t\t\t\t\t\t<\/div>\n\t\t\t\t<\/div>\n\t\t\t\t\t<\/div>\n\t\t\t\t<\/div>\n\t\t\t\t\t<\/div>\n\t\t\t\t<\/div>\n\t\t\t\t<\/div>\n\t\t\t\t\t<\/div>\n\t\t\t\t<\/div>\n\t\t\t\t<\/div>\n\t\t","protected":false},"excerpt":{"rendered":"<p>F\u00f3rum de Esportes Eletr\u00f4nicos F\u00f3rum de Esportes Eletr\u00f4nicos O 3\u00ba F\u00f3rum de Esportes Eletr\u00f4nicos tem como objetivo criar um espa\u00e7o dedicado, dentro do SBGames 2024, para a discuss\u00e3o dos esportes eletr\u00f4nicos e todo o ecossistema que o cerca. Por se tratar de um ambiente extremamente plural, o f\u00f3rum visa discutir n\u00e3o s\u00f3 os jogos que [&hellip;]<\/p>\n","protected":false},"author":1,"featured_media":0,"parent":0,"menu_order":0,"comment_status":"closed","ping_status":"closed","template":"","meta":{"site-sidebar-layout":"no-sidebar","site-content-layout":"page-builder","ast-site-content-layout":"full-width-container","site-content-style":"default","site-sidebar-style":"default","ast-global-header-display":"","ast-banner-title-visibility":"","ast-main-header-display":"","ast-hfb-above-header-display":"","ast-hfb-below-header-display":"","ast-hfb-mobile-header-display":"","site-post-title":"disabled","ast-breadcrumbs-content":"","ast-featured-img":"disabled","footer-sml-layout":"","theme-transparent-header-meta":"","adv-header-id-meta":"","stick-header-meta":"","header-above-stick-meta":"","header-main-stick-meta":"","header-below-stick-meta":"","astra-migrate-meta-layouts":"set","ast-page-background-enabled":"default","ast-page-background-meta":{"desktop":{"background-color":"","background-image":"","background-repeat":"repeat","background-position":"center center","background-size":"auto","background-attachment":"scroll","background-type":"","background-media":"","overlay-type":"","overlay-color":"","overlay-gradient":""},"tablet":{"background-color":"","background-image":"","background-repeat":"repeat","background-position":"center center","background-size":"auto","background-attachment":"scroll","background-type":"","background-media":"","overlay-type":"","overlay-color":"","overlay-gradient":""},"mobile":{"background-color":"","background-image":"","background-repeat":"repeat","background-position":"center center","background-size":"auto","background-attachment":"scroll","background-type":"","background-media":"","overlay-type":"","overlay-color":"","overlay-gradient":""}},"ast-content-background-meta":{"desktop":{"background-color":"var(--ast-global-color-5)","background-image":"","background-repeat":"repeat","background-position":"center center","background-size":"auto","background-attachment":"scroll","background-type":"","background-media":"","overlay-type":"","overlay-color":"","overlay-gradient":""},"tablet":{"background-color":"var(--ast-global-color-5)","background-image":"","background-repeat":"repeat","background-position":"center center","background-size":"auto","background-attachment":"scroll","background-type":"","background-media":"","overlay-type":"","overlay-color":"","overlay-gradient":""},"mobile":{"background-color":"var(--ast-global-color-5)","background-image":"","background-repeat":"repeat","background-position":"center center","background-size":"auto","background-attachment":"scroll","background-type":"","background-media":"","overlay-type":"","overlay-color":"","overlay-gradient":""}},"footnotes":""},"class_list":["post-2792","page","type-page","status-publish","hentry"],"_links":{"self":[{"href":"https:\/\/sbgames.org\/sbgames2024\/wp-json\/wp\/v2\/pages\/2792","targetHints":{"allow":["GET"]}}],"collection":[{"href":"https:\/\/sbgames.org\/sbgames2024\/wp-json\/wp\/v2\/pages"}],"about":[{"href":"https:\/\/sbgames.org\/sbgames2024\/wp-json\/wp\/v2\/types\/page"}],"author":[{"embeddable":true,"href":"https:\/\/sbgames.org\/sbgames2024\/wp-json\/wp\/v2\/users\/1"}],"replies":[{"embeddable":true,"href":"https:\/\/sbgames.org\/sbgames2024\/wp-json\/wp\/v2\/comments?post=2792"}],"version-history":[{"count":16,"href":"https:\/\/sbgames.org\/sbgames2024\/wp-json\/wp\/v2\/pages\/2792\/revisions"}],"predecessor-version":[{"id":3945,"href":"https:\/\/sbgames.org\/sbgames2024\/wp-json\/wp\/v2\/pages\/2792\/revisions\/3945"}],"wp:attachment":[{"href":"https:\/\/sbgames.org\/sbgames2024\/wp-json\/wp\/v2\/media?parent=2792"}],"curies":[{"name":"wp","href":"https:\/\/api.w.org\/{rel}","templated":true}]}}