{"id":2634,"date":"2024-04-30T17:52:25","date_gmt":"2024-04-30T17:52:25","guid":{"rendered":"https:\/\/sbgames.org\/sbgames2024\/?page_id=2634"},"modified":"2024-09-23T19:46:55","modified_gmt":"2024-09-23T19:46:55","slug":"cdtgames","status":"publish","type":"page","link":"https:\/\/sbgames.org\/sbgames2024\/cdtgames\/","title":{"rendered":"CDTGames"},"content":{"rendered":"\t\t<div data-elementor-type=\"wp-page\" data-elementor-id=\"2634\" class=\"elementor elementor-2634\">\n\t\t\t\t<div class=\"elementor-element elementor-element-8dbda00 e-flex e-con-boxed e-con e-parent\" data-id=\"8dbda00\" data-element_type=\"container\" data-settings=\"{&quot;background_background&quot;:&quot;classic&quot;}\">\n\t\t\t\t\t<div class=\"e-con-inner\">\n\t\t\t\t<div class=\"elementor-element elementor-element-3c28dc2 elementor-widget__width-initial elementor-widget elementor-widget-heading\" data-id=\"3c28dc2\" data-element_type=\"widget\" data-widget_type=\"heading.default\">\n\t\t\t\t<div class=\"elementor-widget-container\">\n\t\t\t\t\t<h2 class=\"elementor-heading-title elementor-size-default\">CDTGAMES<\/h2>\t\t\t\t<\/div>\n\t\t\t\t<\/div>\n\t\t\t\t\t<\/div>\n\t\t\t\t<\/div>\n\t\t<div class=\"elementor-element elementor-element-e7e1a6c e-flex e-con-boxed e-con e-parent\" data-id=\"e7e1a6c\" data-element_type=\"container\" data-settings=\"{&quot;background_background&quot;:&quot;classic&quot;}\">\n\t\t\t\t\t<div class=\"e-con-inner\">\n\t\t\t\t<div class=\"elementor-element elementor-element-8414a43 elementor-widget elementor-widget-text-editor\" data-id=\"8414a43\" data-element_type=\"widget\" data-widget_type=\"text-editor.default\">\n\t\t\t\t<div class=\"elementor-widget-container\">\n\t\t\t\t\t\t\t\t\t<ul><li><del>Submiss\u00e3o at\u00e9 17 de junho 2024<\/del><\/li><li><del>Submiss\u00e3o at\u00e9 1 de julho 2024<\/del><\/li><li><del>Notifica\u00e7\u00e3o prevista para 23 de junho 2024\u00a0<\/del><\/li><li><del>Notifica\u00e7\u00e3o prevista para 15 de julho 2024\u00a0\u00a0<\/del><\/li><li><del>Submiss\u00e3o do\u00a0<em>camera-ready:\u00a0<\/em>\u00a030 de julho 2024\u00a0<\/del><\/li><li>Apresenta\u00e7\u00e3o ser\u00e1 entre 01 a 04 de Outubro de 2024<\/li><\/ul>\t\t\t\t\t\t\t\t<\/div>\n\t\t\t\t<\/div>\n\t\t\t\t\t<\/div>\n\t\t\t\t<\/div>\n\t\t<div class=\"elementor-element elementor-element-aa7ddda e-flex e-con-boxed e-con e-parent\" data-id=\"aa7ddda\" data-element_type=\"container\">\n\t\t\t\t\t<div class=\"e-con-inner\">\n\t\t<div class=\"elementor-element elementor-element-950108b e-flex e-con-boxed e-con e-child\" data-id=\"950108b\" data-element_type=\"container\">\n\t\t\t\t\t<div class=\"e-con-inner\">\n\t\t\t\t<div class=\"elementor-element elementor-element-96622e8 elementor-widget elementor-widget-text-editor\" data-id=\"96622e8\" data-element_type=\"widget\" data-widget_type=\"text-editor.default\">\n\t\t\t\t<div class=\"elementor-widget-container\">\n\t\t\t\t\t\t\t\t\t<h3 style=\"text-align: left;\"><span style=\"font-style: inherit; font-weight: inherit;\">Concurso de Teses e Disserta\u00e7\u00f5es CTD<\/span><\/h3>\n<p style=\"text-align: left;\"><strong>Chamada de Trabalhos<br><\/strong><strong>SBGames 2024 \u2013 XXII Brazilian Symposium on Games and Digital Entertainment<\/strong><\/p>\n<p style=\"text-align: left;\"><em>30\/09 a 04\/10 &#8211; Manaus, AM, Brasil<\/em><\/p>\n<p><strong>Chamada para o Concurso de Teses e Disserta\u00e7\u00f5es do SBGAMES 2024.<\/strong><\/p>\n<p>O <strong>Concurso de Teses e Disserta\u00e7\u00f5es (CTD) <\/strong>visa divulgar e premiar as melhores teses de Doutorado e disserta\u00e7\u00f5es de Mestrado na \u00e1rea de JOGOS DIGITAIS, JOGOS ANAL\u00d3GICOS, JOGOS CIBER-F\u00cdSICOS e ENTRETENIMENTO DIGITAL defendidas durante o ano de 2023.&nbsp;<\/p>\n<p>Ser\u00e3o premiadas as teses e disserta\u00e7\u00f5es com contribui\u00e7\u00e3o significativa e destacada para a \u00e1rea cient\u00edfica de Jogos e Entretenimento, al\u00e9m de relevante impacto para a sociedade e para a ind\u00fastria de Jogos.<\/p>\n<p><strong>Pr\u00eamios principais<\/strong><strong>&nbsp;<\/strong><\/p>\n<p><strong>Pr\u00eamio T\u00e9cnico<\/strong>: para as teses ou disserta\u00e7\u00f5es que apresentarem contribui\u00e7\u00e3o em \u00e1reas espec\u00edficas relacionados a jogos, incluindo, mas n\u00e3o se limitando a, algoritmos, estudos da ind\u00fastria e do mercado, legisla\u00e7\u00e3o, processos de desenvolvimento etc.&nbsp;<\/p>\n<ul>\n<li>Mestrado: 1 Vencedor<\/li>\n<li>Doutorado: 1 Vencedor<\/li>\n<\/ul>\n<p><strong>Pr\u00eamio de<\/strong> <strong>Game Design<\/strong>: para as teses ou disserta\u00e7\u00f5es que apresentarem contribui\u00e7\u00e3o diretamente ligada a jogos propriamente ditos ou sua utiliza\u00e7\u00e3o, incluindo, mas n\u00e3o se limitando a, mecanismos, arte, m\u00fasica, hist\u00f3ria dos jogos, jogos para \u00e1reas espec\u00edficas (Sa\u00fade, Educa\u00e7\u00e3o, etc.) etc.<\/p>\n<ul>\n<li>Mestrado: 1 Vencedor<\/li>\n<li>Doutorado: 1 Vencedor<\/li>\n<\/ul>\n<p>A Comiss\u00e3o se reserva o direito de n\u00e3o eleger um premiado e de emitir a <strong>Men\u00e7\u00e3o Honrosa<\/strong> para os trabalhos que forem classificados com a qualidade t\u00e9cnica e cient\u00edfica necess\u00e1ria para a concorr\u00eancia aos pr\u00eamios em seus respectivos n\u00edveis de mestrado e doutorado.<\/p>\n<p><strong>A Avalia\u00e7\u00e3o<\/strong><\/p>\n<p>A avalia\u00e7\u00e3o ser\u00e1 em duas fases:<\/p>\n<ol>\n<li>A primeira fase selecionar\u00e1 os melhores trabalhos a partir do artigo e documenta\u00e7\u00e3o apresentados, de acordo com as notas e recomenda\u00e7\u00f5es dadas pelos avaliadores, agregadas pelos coordenadores do CTD.<\/li>\n<li>A segunda fase contar\u00e1 com os artigos selecionados na primeira fase, que ser\u00e3o apresentados para uma banca presencial, <strong>exclusivamente pelo candidato<\/strong>.&nbsp;<\/li>\n<\/ol>\n<ol>\n<li style=\"list-style-type: none;\">\n<ol>\n<li>Essa apresenta\u00e7\u00e3o dever\u00e1 ser preferencialmente presencial, sendo permitido o envio de v\u00eddeo da apresenta\u00e7\u00e3o.&nbsp;<\/li>\n<\/ol>\n<\/li>\n<\/ol>\n<ol>\n<li style=\"list-style-type: none;\">\n<ol>\n<li style=\"list-style-type: none;\">\n<ol>\n<li><em>Em caso de envio de v\u00eddeo, o candidato dever\u00e1 estar dispon\u00edvel para perguntas via videoconfer\u00eancia, arcando com os riscos inerentes \u00e0s comunica\u00e7\u00f5es via internet.&nbsp;<\/em><\/li>\n<\/ol>\n<\/li>\n<\/ol>\n<\/li>\n<\/ol>\n<p><strong>Classifica\u00e7\u00e3o:<\/strong><\/p>\n<p>Os trabalhos ser\u00e3o avaliados e classificados pelos seguintes quesitos:<\/p>\n<ol>\n<li>Relev\u00e2ncia da Tese\/Disserta\u00e7\u00e3o: Qu\u00e3o relevante para a comunidade cient\u00edfica de Jogos e Entretenimento Digital \u00e9 o tema abordado?<\/li>\n<li>Relev\u00e2ncia da contribui\u00e7\u00e3o: Qu\u00e3o relevante \u00e9 a contribui\u00e7\u00e3o para a \u00e1rea de Jogos e Entretenimento Digital?<\/li>\n<li>Originalidade: Qual diferencial se apresenta das demais abordagens apresentadas \u00e0 comunidade Jogos e Entretenimento Digital?<\/li>\n<li>Impacto: Qu\u00e3o o Experimento, Pr\u00e1tica ou Processo apresentado pode ser replicado em outras pesquisas adjacentes?<\/li>\n<li>Qualidade t\u00e9cnico-cient\u00edfica: O n\u00edvel de rigor metodol\u00f3gico aplicado na pesquisa, em termos dos procedimentos cient\u00edficos e metodol\u00f3gicos adotados?<\/li>\n<li>Qualidade da apresenta\u00e7\u00e3o: O qu\u00e3o significativo a apresenta\u00e7\u00e3o do texto resumido em termos de organiza\u00e7\u00e3o, objetividade e fluidez textual.<\/li>\n<li>Clareza: O qu\u00e3o claro e significativo o texto se apresenta quanto \u00e0 exposi\u00e7\u00e3o dos resultados e contribui\u00e7\u00f5es?<\/li>\n<\/ol>\n<p><strong>Desclassifica\u00e7\u00e3o:<\/strong><\/p>\n<p>Ser\u00e3o considerados desclassificados os trabalhos que:<\/p>\n<p>I \u2013 Apresentem mais de 03 (tr\u00eas) autores.<\/p>\n<p>II \u2013 N\u00e3o Apresentarem a c\u00f3pia digital da ata de defesa ocorrida dentro do ano de 2023.<\/p>\n<p>III \u2013 N\u00e3o apresentar comprovante de inscri\u00e7\u00e3o do candidato no SBGames 2024<\/p>\n<p>S\u00f3 ser\u00e3o premiados trabalhos apresentados pelos pr\u00f3prios autores durante o evento, de acordo com as regras de apresenta\u00e7\u00e3o.<\/p>\n<p>A tese\/disserta\u00e7\u00e3o pode ser em portugu\u00eas ou ingl\u00eas. \u00c9 exigido que seja submetido um artigo curto, em portugu\u00eas ou ingl\u00eas, conforme o <a href=\"https:\/\/docs.google.com\/document\/d\/1Jjd6Kpt40MBHcE9FA-EOkS4O9G24l-cL\/edit\">manual para autores do SBGAMES<\/a>.<\/p>\n<p><strong>As propostas devem ser submetidas atrav\u00e9s do sistema JEMS em arquivo no formato PDF.&nbsp; Sistema de submiss\u00e3o JEMS https:\/\/submissoes.sbc.org.br\/<\/strong><\/p>\n<p><strong>Datas Importantes<\/strong><\/p>\n<ul>\n<li>Prazo de submiss\u00e3o at\u00e9 de 17\/06\/2024&nbsp;&nbsp;<\/li>\n<li>Notifica\u00e7\u00e3o prevista para 23\/06\/2024&nbsp;&nbsp;<\/li>\n<li>Prazo para a submiss\u00e3o do <em>camera-ready<\/em> \u00e9 30\/07\/2024&nbsp;<\/li>\n<li>Apresenta\u00e7\u00e3o ser\u00e1 entre 01 a 04 de Outubro de 2024<\/li>\n<\/ul>\n<p><strong>Orienta\u00e7\u00f5es Gerais<\/strong><\/p>\n<p>\u00c9 obrigat\u00f3rio que ao menos um dos autores dos trabalhos aprovados se inscreva oficialmente no SBGames, com prazo de at\u00e9 quinze dias antes da realiza\u00e7\u00e3o do evento.<\/p>\n<p>Os candidatos dever\u00e3o submeter os trabalhos eletronicamente, pelo sistema JEMS.<\/p>\n<p>No momento da submiss\u00e3o, o candidato deve indicar a trilha que for correspondente ao seu trabalho (disserta\u00e7\u00e3o de Mestrado ou tese de Doutorado).<\/p>\n<p>Os seguintes documentos dever\u00e3o ser submetidos, em conjunto:<\/p>\n<ul>\n<li>Artigo curto do trabalho, que deve ter tamanho de at\u00e9 3 a 5&nbsp; p\u00e1ginas, incluindo todas as figuras e tabelas, mas excluindo as refer\u00eancias, no formato indicado para artigos curtos no <a href=\"https:\/\/docs.google.com\/document\/d\/1Jjd6Kpt40MBHcE9FA-EOkS4O9G24l-cL\/edit\">Manual dos Autores do SBGames 2024<\/a>.\n<ul>\n<li>O artigo deve estar no formato PDF e em conformidade com o Modelo para Publica\u00e7\u00e3o de Artigos da SBC dispon\u00edvel neste <a href=\"https:\/\/www.overleaf.com\/latex\/templates\/template-artigos-sbgames-sol-sbc\/fxzgpzwkvmxy\">link<\/a>.<\/li>\n<li>Os artigos necessitam ter resumos em Portugu\u00eas e em Ingl\u00eas.<\/li>\n<li>Texto integral da tese ou disserta\u00e7\u00e3o, no formato PDF<\/li>\n<\/ul>\n<\/li>\n<\/ul>\n<ul>\n<li>C\u00f3pia digitalizada do diploma ou documento, como carta do programa de p\u00f3s-gradua\u00e7\u00e3o, que comprove a defesa, aprova\u00e7\u00e3o e homologa\u00e7\u00e3o do trabalho (desde que a defesa tenha acontecido at\u00e9 31\/12\/2023).<\/li>\n<li>Uma&nbsp;carta do(a) candidato(a) com o orientador(a) principal, devendo:&nbsp;<\/li>\n<\/ul>\n<ul>\n<li>Destacar a contribui\u00e7\u00e3o do trabalho \u00e0 \u00e1rea de Jogos ou Entretenimento, citando os aspectos mais importantes que tornam o trabalho candidato \u00e0 premia\u00e7\u00e3o.<\/li>\n<li>Se existirem:\n<ul>\n<li>listar os artigos (publicados, aceitos e\/ou submetidos aguardando avalia\u00e7\u00e3o), ordenados por relev\u00e2ncia.<\/li>\n<li>indicar os subprodutos do trabalho, tais como patentes, programas registrados, programas de dom\u00ednio p\u00fablico\/livre e bancos de dados que o trabalho disponibilize para acesso p\u00fablico (com as respectivas URLs), assim como outras informa\u00e7\u00f5es consideradas pertinentes.<\/li>\n<\/ul>\n<\/li>\n<li>Informar o nome do Programa de P\u00f3s-gradua\u00e7\u00e3o, a data da defesa da tese\/disserta\u00e7\u00e3o, t\u00edtulo da tese\/disserta\u00e7\u00e3o, o nome do(a) candidato(a), os nomes do(s) orientador(es) e dos membros da banca, com endere\u00e7o de <em>e-mail<\/em>.<\/li>\n<\/ul>\n<p><strong>Publica\u00e7\u00e3o<\/strong><\/p>\n<p>O artigo ser\u00e1 publicado nos <strong>anais estendidos<\/strong> do SBGAMES 2024 na SBC OpenLib (SOL).<\/p>\n<p><strong>Coordena\u00e7\u00e3o do Concurso de Teses e Disserta\u00e7\u00f5es do SBGAMES 2023<\/strong><\/p>\n<ul>\n<li>Eduardo Filgueiras Damasceno \u2013 UTFPR<\/li>\n<li>Marcelo de Silveira Siedler &#8211; IFSUL<\/li>\n<\/ul>\t\t\t\t\t\t\t\t<\/div>\n\t\t\t\t<\/div>\n\t\t<div class=\"elementor-element elementor-element-165a26b e-flex e-con-boxed e-con e-child\" data-id=\"165a26b\" data-element_type=\"container\">\n\t\t\t\t\t<div class=\"e-con-inner\">\n\t\t\t\t<div class=\"elementor-element elementor-element-09abf4f elementor-widget elementor-widget-button\" data-id=\"09abf4f\" data-element_type=\"widget\" data-widget_type=\"button.default\">\n\t\t\t\t<div class=\"elementor-widget-container\">\n\t\t\t\t\t\t\t\t\t<div class=\"elementor-button-wrapper\">\n\t\t\t\t\t<a class=\"elementor-button elementor-button-link elementor-size-sm\" href=\"https:\/\/docs.google.com\/document\/d\/1Jjd6Kpt40MBHcE9FA-EOkS4O9G24l-cL\/edit\">\n\t\t\t\t\t\t<span class=\"elementor-button-content-wrapper\">\n\t\t\t\t\t\t\t\t\t<span class=\"elementor-button-text\">Manual para autores<\/span>\n\t\t\t\t\t<\/span>\n\t\t\t\t\t<\/a>\n\t\t\t\t<\/div>\n\t\t\t\t\t\t\t\t<\/div>\n\t\t\t\t<\/div>\n\t\t\t\t\t<\/div>\n\t\t\t\t<\/div>\n\t\t<div class=\"elementor-element elementor-element-cf799cc e-flex e-con-boxed e-con e-child\" data-id=\"cf799cc\" data-element_type=\"container\" data-settings=\"{&quot;background_background&quot;:&quot;classic&quot;}\">\n\t\t\t\t\t<div class=\"e-con-inner\">\n\t\t\t\t<div class=\"elementor-element elementor-element-513317e elementor-widget elementor-widget-heading\" data-id=\"513317e\" data-element_type=\"widget\" data-widget_type=\"heading.default\">\n\t\t\t\t<div class=\"elementor-widget-container\">\n\t\t\t\t\t<h1 class=\"elementor-heading-title elementor-size-default\">SBGames 2024 <span style=\"font-weight: normal\">Co-Coordenadores<\/span><\/h1>\t\t\t\t<\/div>\n\t\t\t\t<\/div>\n\t\t<div class=\"elementor-element elementor-element-5a03c98 e-flex e-con-boxed e-con e-child\" data-id=\"5a03c98\" data-element_type=\"container\">\n\t\t\t\t\t<div class=\"e-con-inner\">\n\t\t<div class=\"elementor-element elementor-element-de29f5a e-flex e-con-boxed e-con e-child\" data-id=\"de29f5a\" data-element_type=\"container\">\n\t\t\t\t\t<div class=\"e-con-inner\">\n\t\t\t\t<div class=\"elementor-element elementor-element-3234236 elementor-widget__width-initial elementor-widget elementor-widget-image\" data-id=\"3234236\" data-element_type=\"widget\" data-widget_type=\"image.default\">\n\t\t\t\t<div class=\"elementor-widget-container\">\n\t\t\t\t\t\t\t\t\t\t\t\t\t\t\t<img decoding=\"async\" src=\"https:\/\/sbgames.org\/sbgames2024\/wp-content\/uploads\/elementor\/thumbs\/Icon-awesome-user-circle@2x-qkhtpbq4fvg677ae8g0l9mb0yq6nj94aoars0hic2u.png\" title=\"Icon awesome-user-circle@2x\" alt=\"Icon awesome-user-circle@2x\" loading=\"lazy\" \/>\t\t\t\t\t\t\t\t\t\t\t\t\t\t\t<\/div>\n\t\t\t\t<\/div>\n\t\t\t\t<div class=\"elementor-element elementor-element-a27a269 elementor-widget elementor-widget-heading\" data-id=\"a27a269\" data-element_type=\"widget\" data-widget_type=\"heading.default\">\n\t\t\t\t<div class=\"elementor-widget-container\">\n\t\t\t\t\t<h2 class=\"elementor-heading-title elementor-size-default\">Eduardo <span style=\"font-weight: normal\"> Filgueiras Damasceno<\/span> <\/h2>\t\t\t\t<\/div>\n\t\t\t\t<\/div>\n\t\t\t\t\t<\/div>\n\t\t\t\t<\/div>\n\t\t<div class=\"elementor-element elementor-element-664f5c6 e-flex e-con-boxed e-con e-child\" data-id=\"664f5c6\" data-element_type=\"container\">\n\t\t\t\t\t<div class=\"e-con-inner\">\n\t\t\t\t<div class=\"elementor-element elementor-element-551e9d7 elementor-widget__width-initial elementor-widget elementor-widget-image\" data-id=\"551e9d7\" data-element_type=\"widget\" data-widget_type=\"image.default\">\n\t\t\t\t<div class=\"elementor-widget-container\">\n\t\t\t\t\t\t\t\t\t\t\t\t\t\t\t<img fetchpriority=\"high\" decoding=\"async\" width=\"300\" height=\"300\" src=\"https:\/\/sbgames.org\/sbgames2024\/wp-content\/uploads\/2024\/02\/Icon-awesome-user-circle@2x-300x300.png\" class=\"attachment-medium size-medium wp-image-1907\" alt=\"\" srcset=\"https:\/\/sbgames.org\/sbgames2024\/wp-content\/uploads\/2024\/02\/Icon-awesome-user-circle@2x-300x300.png 300w, https:\/\/sbgames.org\/sbgames2024\/wp-content\/uploads\/2024\/02\/Icon-awesome-user-circle@2x-150x150.png 150w, https:\/\/sbgames.org\/sbgames2024\/wp-content\/uploads\/2024\/02\/elementor\/thumbs\/Icon-awesome-user-circle@2x-qkhtpbq4fvg677ae8g0l9mb0yq6nj94aoars0hic2u.png 279w, https:\/\/sbgames.org\/sbgames2024\/wp-content\/uploads\/2024\/02\/Icon-awesome-user-circle@2x.png 641w\" sizes=\"(max-width: 300px) 100vw, 300px\" \/>\t\t\t\t\t\t\t\t\t\t\t\t\t\t\t<\/div>\n\t\t\t\t<\/div>\n\t\t\t\t<div class=\"elementor-element elementor-element-795ee69 elementor-widget elementor-widget-heading\" data-id=\"795ee69\" data-element_type=\"widget\" data-widget_type=\"heading.default\">\n\t\t\t\t<div class=\"elementor-widget-container\">\n\t\t\t\t\t<h2 class=\"elementor-heading-title elementor-size-default\">Marcelo <span style=\"font-weight: normal\"> de Silveira Siedler<\/span> <\/h2>\t\t\t\t<\/div>\n\t\t\t\t<\/div>\n\t\t\t\t\t<\/div>\n\t\t\t\t<\/div>\n\t\t\t\t\t<\/div>\n\t\t\t\t<\/div>\n\t\t\t\t\t<\/div>\n\t\t\t\t<\/div>\n\t\t\t\t\t<\/div>\n\t\t\t\t<\/div>\n\t\t<div class=\"elementor-element elementor-element-faf787b e-con-full e-flex e-con e-child\" data-id=\"faf787b\" data-element_type=\"container\">\n\t\t<div class=\"elementor-element elementor-element-52eeb7d e-flex e-con-boxed e-con e-child\" data-id=\"52eeb7d\" data-element_type=\"container\">\n\t\t\t\t\t<div class=\"e-con-inner\">\n\t\t<div class=\"elementor-element elementor-element-fa3d369 e-flex e-con-boxed e-con e-child\" data-id=\"fa3d369\" data-element_type=\"container\" data-settings=\"{&quot;background_background&quot;:&quot;classic&quot;}\">\n\t\t\t\t\t<div class=\"e-con-inner\">\n\t\t\t\t<div class=\"elementor-element elementor-element-106179c elementor-widget elementor-widget-button\" data-id=\"106179c\" data-element_type=\"widget\" data-widget_type=\"button.default\">\n\t\t\t\t<div class=\"elementor-widget-container\">\n\t\t\t\t\t\t\t\t\t<div class=\"elementor-button-wrapper\">\n\t\t\t\t\t<a class=\"elementor-button elementor-button-link elementor-size-sm\" href=\"https:\/\/docs.google.com\/document\/d\/1Jjd6Kpt40MBHcE9FA-EOkS4O9G24l-cL\/edit\" target=\"_blank\">\n\t\t\t\t\t\t<span class=\"elementor-button-content-wrapper\">\n\t\t\t\t\t\t\t\t\t<span class=\"elementor-button-text\">Manual para autores<\/span>\n\t\t\t\t\t<\/span>\n\t\t\t\t\t<\/a>\n\t\t\t\t<\/div>\n\t\t\t\t\t\t\t\t<\/div>\n\t\t\t\t<\/div>\n\t\t\t\t\t<\/div>\n\t\t\t\t<\/div>\n\t\t<div class=\"elementor-element elementor-element-9ec8529 e-flex e-con-boxed e-con e-child\" data-id=\"9ec8529\" data-element_type=\"container\" data-settings=\"{&quot;background_background&quot;:&quot;classic&quot;}\">\n\t\t\t\t\t<div class=\"e-con-inner\">\n\t\t\t\t<div class=\"elementor-element elementor-element-74dc101 elementor-widget elementor-widget-button\" data-id=\"74dc101\" data-element_type=\"widget\" data-widget_type=\"button.default\">\n\t\t\t\t<div class=\"elementor-widget-container\">\n\t\t\t\t\t\t\t\t\t<div class=\"elementor-button-wrapper\">\n\t\t\t\t\t<a class=\"elementor-button elementor-button-link elementor-size-sm\" href=\"#revisores\">\n\t\t\t\t\t\t<span class=\"elementor-button-content-wrapper\">\n\t\t\t\t\t\t\t\t\t<span class=\"elementor-button-text\">REVISORES<\/span>\n\t\t\t\t\t<\/span>\n\t\t\t\t\t<\/a>\n\t\t\t\t<\/div>\n\t\t\t\t\t\t\t\t<\/div>\n\t\t\t\t<\/div>\n\t\t\t\t\t<\/div>\n\t\t\t\t<\/div>\n\t\t<div class=\"elementor-element elementor-element-15a90d5 e-flex e-con-boxed e-con e-child\" data-id=\"15a90d5\" data-element_type=\"container\" data-settings=\"{&quot;background_background&quot;:&quot;classic&quot;}\">\n\t\t\t\t\t<div class=\"e-con-inner\">\n\t\t\t\t<div class=\"elementor-element elementor-element-d67b161 elementor-widget elementor-widget-button\" data-id=\"d67b161\" data-element_type=\"widget\" data-widget_type=\"button.default\">\n\t\t\t\t<div class=\"elementor-widget-container\">\n\t\t\t\t\t\t\t\t\t<div class=\"elementor-button-wrapper\">\n\t\t\t\t\t<a class=\"elementor-button elementor-button-link elementor-size-sm\" href=\"#\">\n\t\t\t\t\t\t<span class=\"elementor-button-content-wrapper\">\n\t\t\t\t\t\t\t\t\t<span class=\"elementor-button-text\">BEST PAPERS<\/span>\n\t\t\t\t\t<\/span>\n\t\t\t\t\t<\/a>\n\t\t\t\t<\/div>\n\t\t\t\t\t\t\t\t<\/div>\n\t\t\t\t<\/div>\n\t\t\t\t\t<\/div>\n\t\t\t\t<\/div>\n\t\t<div class=\"elementor-element elementor-element-a789307 e-flex e-con-boxed e-con e-child\" data-id=\"a789307\" data-element_type=\"container\" data-settings=\"{&quot;background_background&quot;:&quot;classic&quot;}\">\n\t\t\t\t\t<div class=\"e-con-inner\">\n\t\t\t\t<div class=\"elementor-element elementor-element-1d56260 elementor-widget elementor-widget-button\" data-id=\"1d56260\" data-element_type=\"widget\" data-widget_type=\"button.default\">\n\t\t\t\t<div class=\"elementor-widget-container\">\n\t\t\t\t\t\t\t\t\t<div class=\"elementor-button-wrapper\">\n\t\t\t\t\t<a class=\"elementor-button elementor-button-link elementor-size-sm\" href=\"https:\/\/jems.sbc.org.br\/home.cgi?c=4553\" target=\"_blank\">\n\t\t\t\t\t\t<span class=\"elementor-button-content-wrapper\">\n\t\t\t\t\t\t\t\t\t<span class=\"elementor-button-text\">SUBMETER<\/span>\n\t\t\t\t\t<\/span>\n\t\t\t\t\t<\/a>\n\t\t\t\t<\/div>\n\t\t\t\t\t\t\t\t<\/div>\n\t\t\t\t<\/div>\n\t\t\t\t\t<\/div>\n\t\t\t\t<\/div>\n\t\t\t\t\t<\/div>\n\t\t\t\t<\/div>\n\t\t\t\t<\/div>\n\t\t\t\t\t<\/div>\n\t\t\t\t<\/div>\n\t\t\t\t<\/div>\n\t\t","protected":false},"excerpt":{"rendered":"<p>CDTGAMES Submiss\u00e3o at\u00e9 17 de junho 2024 Submiss\u00e3o at\u00e9 1 de julho 2024 Notifica\u00e7\u00e3o prevista para 23 de junho 2024\u00a0 Notifica\u00e7\u00e3o prevista para 15 de julho 2024\u00a0\u00a0 Submiss\u00e3o do\u00a0camera-ready:\u00a0\u00a030 de julho 2024\u00a0 Apresenta\u00e7\u00e3o ser\u00e1 entre 01 a 04 de Outubro de 2024 Concurso de Teses e Disserta\u00e7\u00f5es CTD Chamada de TrabalhosSBGames 2024 \u2013 XXII Brazilian [&hellip;]<\/p>\n","protected":false},"author":1,"featured_media":0,"parent":0,"menu_order":0,"comment_status":"closed","ping_status":"closed","template":"","meta":{"site-sidebar-layout":"no-sidebar","site-content-layout":"page-builder","ast-site-content-layout":"full-width-container","site-content-style":"default","site-sidebar-style":"default","ast-global-header-display":"","ast-banner-title-visibility":"","ast-main-header-display":"","ast-hfb-above-header-display":"","ast-hfb-below-header-display":"","ast-hfb-mobile-header-display":"","site-post-title":"disabled","ast-breadcrumbs-content":"","ast-featured-img":"disabled","footer-sml-layout":"","theme-transparent-header-meta":"","adv-header-id-meta":"","stick-header-meta":"","header-above-stick-meta":"","header-main-stick-meta":"","header-below-stick-meta":"","astra-migrate-meta-layouts":"set","ast-page-background-enabled":"default","ast-page-background-meta":{"desktop":{"background-color":"","background-image":"","background-repeat":"repeat","background-position":"center center","background-size":"auto","background-attachment":"scroll","background-type":"","background-media":"","overlay-type":"","overlay-color":"","overlay-gradient":""},"tablet":{"background-color":"","background-image":"","background-repeat":"repeat","background-position":"center center","background-size":"auto","background-attachment":"scroll","background-type":"","background-media":"","overlay-type":"","overlay-color":"","overlay-gradient":""},"mobile":{"background-color":"","background-image":"","background-repeat":"repeat","background-position":"center center","background-size":"auto","background-attachment":"scroll","background-type":"","background-media":"","overlay-type":"","overlay-color":"","overlay-gradient":""}},"ast-content-background-meta":{"desktop":{"background-color":"var(--ast-global-color-5)","background-image":"","background-repeat":"repeat","background-position":"center center","background-size":"auto","background-attachment":"scroll","background-type":"","background-media":"","overlay-type":"","overlay-color":"","overlay-gradient":""},"tablet":{"background-color":"var(--ast-global-color-5)","background-image":"","background-repeat":"repeat","background-position":"center center","background-size":"auto","background-attachment":"scroll","background-type":"","background-media":"","overlay-type":"","overlay-color":"","overlay-gradient":""},"mobile":{"background-color":"var(--ast-global-color-5)","background-image":"","background-repeat":"repeat","background-position":"center center","background-size":"auto","background-attachment":"scroll","background-type":"","background-media":"","overlay-type":"","overlay-color":"","overlay-gradient":""}},"footnotes":""},"class_list":["post-2634","page","type-page","status-publish","hentry"],"_links":{"self":[{"href":"https:\/\/sbgames.org\/sbgames2024\/wp-json\/wp\/v2\/pages\/2634","targetHints":{"allow":["GET"]}}],"collection":[{"href":"https:\/\/sbgames.org\/sbgames2024\/wp-json\/wp\/v2\/pages"}],"about":[{"href":"https:\/\/sbgames.org\/sbgames2024\/wp-json\/wp\/v2\/types\/page"}],"author":[{"embeddable":true,"href":"https:\/\/sbgames.org\/sbgames2024\/wp-json\/wp\/v2\/users\/1"}],"replies":[{"embeddable":true,"href":"https:\/\/sbgames.org\/sbgames2024\/wp-json\/wp\/v2\/comments?post=2634"}],"version-history":[{"count":46,"href":"https:\/\/sbgames.org\/sbgames2024\/wp-json\/wp\/v2\/pages\/2634\/revisions"}],"predecessor-version":[{"id":3933,"href":"https:\/\/sbgames.org\/sbgames2024\/wp-json\/wp\/v2\/pages\/2634\/revisions\/3933"}],"wp:attachment":[{"href":"https:\/\/sbgames.org\/sbgames2024\/wp-json\/wp\/v2\/media?parent=2634"}],"curies":[{"name":"wp","href":"https:\/\/api.w.org\/{rel}","templated":true}]}}