{"id":1830,"date":"2024-02-02T15:34:07","date_gmt":"2024-02-02T15:34:07","guid":{"rendered":"https:\/\/sbgames.org\/sbgames2024\/?page_id=1830"},"modified":"2024-09-23T19:45:25","modified_gmt":"2024-09-23T19:45:25","slug":"industria","status":"publish","type":"page","link":"https:\/\/sbgames.org\/sbgames2024\/industria\/","title":{"rendered":"Ind\u00fastria"},"content":{"rendered":"\t\t<div data-elementor-type=\"wp-page\" data-elementor-id=\"1830\" class=\"elementor elementor-1830\">\n\t\t\t\t<div class=\"elementor-element elementor-element-8dbda00 e-flex e-con-boxed e-con e-parent\" data-id=\"8dbda00\" data-element_type=\"container\" data-settings=\"{&quot;background_background&quot;:&quot;classic&quot;}\">\n\t\t\t\t\t<div class=\"e-con-inner\">\n\t\t\t\t<div class=\"elementor-element elementor-element-3c28dc2 elementor-widget elementor-widget-heading\" data-id=\"3c28dc2\" data-element_type=\"widget\" data-widget_type=\"heading.default\">\n\t\t\t\t<div class=\"elementor-widget-container\">\n\t\t\t\t\t<h1 class=\"elementor-heading-title elementor-size-default\">ind\u00fastria<\/h1>\t\t\t\t<\/div>\n\t\t\t\t<\/div>\n\t\t\t\t\t<\/div>\n\t\t\t\t<\/div>\n\t\t<div class=\"elementor-element elementor-element-e7e1a6c e-flex e-con-boxed e-con e-parent\" data-id=\"e7e1a6c\" data-element_type=\"container\" data-settings=\"{&quot;background_background&quot;:&quot;classic&quot;}\">\n\t\t\t\t\t<div class=\"e-con-inner\">\n\t\t\t\t<div class=\"elementor-element elementor-element-8414a43 elementor-widget elementor-widget-text-editor\" data-id=\"8414a43\" data-element_type=\"widget\" data-widget_type=\"text-editor.default\">\n\t\t\t\t<div class=\"elementor-widget-container\">\n\t\t\t\t\t\t\t\t\t<ul><li><del>Submiss\u00e3o\u00a0at\u00e9: 20 de abril de 2024<\/del><\/li><li><del>Submiss\u00e3o at\u00e9: 05 de maio de 2024<\/del><\/li><li><del>Hard deadline: 03 de junho de 2024<\/del><\/li><li><del>Notifica\u00e7\u00e3o de aceite: 22 de julho de 2024<\/del><\/li><\/ul>\t\t\t\t\t\t\t\t<\/div>\n\t\t\t\t<\/div>\n\t\t\t\t\t<\/div>\n\t\t\t\t<\/div>\n\t\t<div class=\"elementor-element elementor-element-aa7ddda e-flex e-con-boxed e-con e-parent\" data-id=\"aa7ddda\" data-element_type=\"container\">\n\t\t\t\t\t<div class=\"e-con-inner\">\n\t\t<div class=\"elementor-element elementor-element-950108b e-flex e-con-boxed e-con e-child\" data-id=\"950108b\" data-element_type=\"container\">\n\t\t\t\t\t<div class=\"e-con-inner\">\n\t\t\t\t<div class=\"elementor-element elementor-element-96622e8 elementor-widget elementor-widget-text-editor\" data-id=\"96622e8\" data-element_type=\"widget\" data-widget_type=\"text-editor.default\">\n\t\t\t\t<div class=\"elementor-widget-container\">\n\t\t\t\t\t\t\t\t\t<h3><strong>Cara comunidade de Jogos &amp; Ind\u00fastria,<\/strong><\/h3><p>A Trilha de Ind\u00fastria do SBGames 2024 est\u00e1 com submiss\u00f5es abertas para artigos sobre pesquisas originais e aplica\u00e7\u00f5es inovadoras no campo de Jogos e Ind\u00fastria.<\/p><p>Nas \u00faltimas d\u00e9cadas, a ind\u00fastria de jogos sofreu grandes impactos no modelo de neg\u00f3cios, m\u00e9todos de marketing, processos de desenvolvimento e um novo olhar para a opera\u00e7\u00e3o dos jogos ap\u00f3s o lan\u00e7amento. Convidamos pesquisadores, profissionais e entusiastas a propor trabalhos que revisem essas mudan\u00e7as sob um olhar cr\u00edtico que possa contribuir com trabalhos originais para reflex\u00f5es e melhorias sobre a ind\u00fastria como um todo.<\/p><p>A lista de t\u00f3picos de interesse inclui:<\/p><ul><li>Associa\u00e7\u00f5es Setoriais;<\/li><li>Mapeamento da Ind\u00fastria de Jogos Digitais;<\/li><li>Cadeia produtiva de Jogos Digitais;<\/li><li>Pol\u00edticas P\u00fablicas e Editais de Fomento;<\/li><li>Games e Ind\u00fastrias Criativas;<\/li><li>eSports: modelos, times, casos, competi\u00e7\u00f5es, entre outros;<\/li><li>Games em Produ\u00e7\u00f5es Transm\u00eddia e\/ou Multiplataforma;<\/li><li>Governan\u00e7a\/Lideran\u00e7a na Ind\u00fastria de Jogos Digitais;<\/li><li>Empreendedorismo;<\/li><li>Estrat\u00e9gia Organizacional na Ind\u00fastria de Jogos Digitais;<\/li><li>M&amp;A na ind\u00fastria de jogos digitais;<\/li><li>Financiamento de jogos e empresas;<\/li><li>Inova\u00e7\u00e3o na Ind\u00fastria de Jogos Digitais;<\/li><li>Estrat\u00e9gias de produ\u00e7\u00e3o de jogos digitais;<\/li><li>Metodologias de Gest\u00e3o de Projetos;<\/li><li>Opera\u00e7\u00e3o de jogos digitais;<\/li><li>M\u00e9tricas na Ind\u00fastria de Jogos Digitais;<\/li><li>Modelos de Neg\u00f3cio;<\/li><li>Produ\u00e7\u00e3o Independente;<\/li><li>Marketing e Publishing;<\/li><li>Aquisi\u00e7\u00e3o de Usu\u00e1rios;<\/li><li>Monetiza\u00e7\u00e3o;<\/li><li>Gest\u00e3o de comunidades;<\/li><li>Aspectos Regulat\u00f3rios e Jur\u00eddicos;<\/li><li>Gest\u00e3o de Talentos e Forma\u00e7\u00e3o de Profissionais.<\/li><\/ul><p>Se voc\u00ea tiver d\u00favida sobre a classifica\u00e7\u00e3o do seu trabalho em alguma trilha, consulte os respectivos chairs. De qualquer maneira, a adequa\u00e7\u00e3o do seu trabalho \u00e0s trilhas ser\u00e1 avaliada pelos chairs, que poder\u00e3o sugerir uma nova classifica\u00e7\u00e3o para sua submiss\u00e3o.<\/p><p><strong>Publica\u00e7\u00e3o:<\/strong><\/p><p>Artigos selecionados e apresentados no evento (Full e Short Papers) receber\u00e3o DOI individual, ser\u00e3o publicados nos Anais Estendidos, dispon\u00edveis no reposit\u00f3rio da SOL-SBC.<\/p><p>Os tr\u00eas melhores Artigos Completos e os tr\u00eas melhores Artigos Curtos receber\u00e3o distin\u00e7\u00e3o especial no evento.<\/p><p>Os autores dos melhores Artigos Completos poder\u00e3o ser convidados a submeter uma vers\u00e3o estendida para uma publica\u00e7\u00e3o especial da revista Journal on Interactive Systems, a ser publicada em 2025. Os manuscritos submetidos a essas publica\u00e7\u00f5es dever\u00e3o se adequar \u00e0s normas exigidas pelas publica\u00e7\u00f5es e passar\u00e3o por um novo processo de avalia\u00e7\u00e3o por pares antes de serem aceitos.<\/p>\t\t\t\t\t\t\t\t<\/div>\n\t\t\t\t<\/div>\n\t\t<div class=\"elementor-element elementor-element-45dbbdf e-flex e-con-boxed e-con e-child\" data-id=\"45dbbdf\" data-element_type=\"container\">\n\t\t\t\t\t<div class=\"e-con-inner\">\n\t\t<div class=\"elementor-element elementor-element-f35b6c9 e-flex e-con-boxed e-con e-child\" data-id=\"f35b6c9\" data-element_type=\"container\">\n\t\t\t\t\t<div class=\"e-con-inner\">\n\t\t\t\t<div class=\"elementor-element elementor-element-75045af elementor-widget elementor-widget-button\" data-id=\"75045af\" data-element_type=\"widget\" data-widget_type=\"button.default\">\n\t\t\t\t<div class=\"elementor-widget-container\">\n\t\t\t\t\t\t\t\t\t<div class=\"elementor-button-wrapper\">\n\t\t\t\t\t<a class=\"elementor-button elementor-button-link elementor-size-sm\" href=\"https:\/\/docs.google.com\/document\/d\/1Jjd6Kpt40MBHcE9FA-EOkS4O9G24l-cL\/edit\" target=\"_blank\">\n\t\t\t\t\t\t<span class=\"elementor-button-content-wrapper\">\n\t\t\t\t\t\t\t\t\t<span class=\"elementor-button-text\">Manual para autores<\/span>\n\t\t\t\t\t<\/span>\n\t\t\t\t\t<\/a>\n\t\t\t\t<\/div>\n\t\t\t\t\t\t\t\t<\/div>\n\t\t\t\t<\/div>\n\t\t\t\t\t<\/div>\n\t\t\t\t<\/div>\n\t\t\t\t\t<\/div>\n\t\t\t\t<\/div>\n\t\t<div class=\"elementor-element elementor-element-b4ea6bb e-flex e-con-boxed e-con e-child\" data-id=\"b4ea6bb\" data-element_type=\"container\" data-settings=\"{&quot;background_background&quot;:&quot;classic&quot;}\">\n\t\t\t\t\t<div class=\"e-con-inner\">\n\t\t\t\t<div class=\"elementor-element elementor-element-6c39e34 elementor-widget elementor-widget-heading\" data-id=\"6c39e34\" data-element_type=\"widget\" data-widget_type=\"heading.default\">\n\t\t\t\t<div class=\"elementor-widget-container\">\n\t\t\t\t\t<h1 class=\"elementor-heading-title elementor-size-default\">SBGames 2024 <span style=\"font-weight: normal\">Co-Coordenadores<\/span><\/h1>\t\t\t\t<\/div>\n\t\t\t\t<\/div>\n\t\t<div class=\"elementor-element elementor-element-4a65672 e-flex e-con-boxed e-con e-child\" data-id=\"4a65672\" data-element_type=\"container\">\n\t\t\t\t\t<div class=\"e-con-inner\">\n\t\t<div class=\"elementor-element elementor-element-26d0640 e-flex e-con-boxed e-con e-child\" data-id=\"26d0640\" data-element_type=\"container\">\n\t\t\t\t\t<div class=\"e-con-inner\">\n\t\t\t\t<div class=\"elementor-element elementor-element-059654d elementor-widget elementor-widget-image\" data-id=\"059654d\" data-element_type=\"widget\" data-widget_type=\"image.default\">\n\t\t\t\t<div class=\"elementor-widget-container\">\n\t\t\t\t\t\t\t\t\t\t\t\t\t\t\t<img fetchpriority=\"high\" decoding=\"async\" width=\"300\" height=\"300\" src=\"https:\/\/sbgames.org\/sbgames2024\/wp-content\/uploads\/2024\/02\/sergio-cleger.jpg\" class=\"attachment-medium size-medium wp-image-2021\" alt=\"\" srcset=\"https:\/\/sbgames.org\/sbgames2024\/wp-content\/uploads\/2024\/02\/sergio-cleger.jpg 300w, https:\/\/sbgames.org\/sbgames2024\/wp-content\/uploads\/2024\/02\/sergio-cleger-150x150.jpg 150w\" sizes=\"(max-width: 300px) 100vw, 300px\" \/>\t\t\t\t\t\t\t\t\t\t\t\t\t\t\t<\/div>\n\t\t\t\t<\/div>\n\t\t\t\t<div class=\"elementor-element elementor-element-ad0f30c elementor-widget elementor-widget-heading\" data-id=\"ad0f30c\" data-element_type=\"widget\" data-widget_type=\"heading.default\">\n\t\t\t\t<div class=\"elementor-widget-container\">\n\t\t\t\t\t<h2 class=\"elementor-heading-title elementor-size-default\">Sergio <span style=\"font-weight: normal\">Cleger Tamayo<\/span><\/h2>\t\t\t\t<\/div>\n\t\t\t\t<\/div>\n\t\t\t\t\t<\/div>\n\t\t\t\t<\/div>\n\t\t<div class=\"elementor-element elementor-element-d16bc2b e-flex e-con-boxed e-con e-child\" data-id=\"d16bc2b\" data-element_type=\"container\">\n\t\t\t\t\t<div class=\"e-con-inner\">\n\t\t\t\t<div class=\"elementor-element elementor-element-3d5d66c elementor-widget elementor-widget-image\" data-id=\"3d5d66c\" data-element_type=\"widget\" data-widget_type=\"image.default\">\n\t\t\t\t<div class=\"elementor-widget-container\">\n\t\t\t\t\t\t\t\t\t\t\t\t\t\t\t<img decoding=\"async\" width=\"300\" height=\"300\" src=\"https:\/\/sbgames.org\/sbgames2024\/wp-content\/uploads\/2024\/05\/prof-marcio-300x300.gif\" class=\"attachment-medium size-medium wp-image-2705\" alt=\"\" srcset=\"https:\/\/sbgames.org\/sbgames2024\/wp-content\/uploads\/2024\/05\/prof-marcio-300x300.gif 300w, https:\/\/sbgames.org\/sbgames2024\/wp-content\/uploads\/2024\/05\/prof-marcio-1024x1024.gif 1024w, https:\/\/sbgames.org\/sbgames2024\/wp-content\/uploads\/2024\/05\/prof-marcio-150x150.gif 150w, https:\/\/sbgames.org\/sbgames2024\/wp-content\/uploads\/2024\/05\/prof-marcio-768x768.gif 768w\" sizes=\"(max-width: 300px) 100vw, 300px\" \/>\t\t\t\t\t\t\t\t\t\t\t\t\t\t\t<\/div>\n\t\t\t\t<\/div>\n\t\t\t\t<div class=\"elementor-element elementor-element-3dc53fa elementor-widget elementor-widget-heading\" data-id=\"3dc53fa\" data-element_type=\"widget\" data-widget_type=\"heading.default\">\n\t\t\t\t<div class=\"elementor-widget-container\">\n\t\t\t\t\t<h2 class=\"elementor-heading-title elementor-size-default\">M\u00e1rcio <span style=\"font-weight: 400\">Palheta Piedade<\/span><\/h2>\t\t\t\t<\/div>\n\t\t\t\t<\/div>\n\t\t\t\t\t<\/div>\n\t\t\t\t<\/div>\n\t\t\t\t\t<\/div>\n\t\t\t\t<\/div>\n\t\t\t\t\t<\/div>\n\t\t\t\t<\/div>\n\t\t<div class=\"elementor-element elementor-element-5bfdccc e-flex e-con-boxed e-con e-child\" data-id=\"5bfdccc\" data-element_type=\"container\" data-settings=\"{&quot;background_background&quot;:&quot;classic&quot;}\">\n\t\t\t\t\t<div class=\"e-con-inner\">\n\t\t\t\t<div class=\"elementor-element elementor-element-799adb6 elementor-widget elementor-widget-heading\" data-id=\"799adb6\" data-element_type=\"widget\" data-widget_type=\"heading.default\">\n\t\t\t\t<div class=\"elementor-widget-container\">\n\t\t\t\t\t<h1 class=\"elementor-heading-title elementor-size-default\">Comit\u00ea de Programa<\/h1>\t\t\t\t<\/div>\n\t\t\t\t<\/div>\n\t\t\t\t<div class=\"elementor-element elementor-element-d8c7d73 elementor-widget elementor-widget-text-editor\" data-id=\"d8c7d73\" data-element_type=\"widget\" data-widget_type=\"text-editor.default\">\n\t\t\t\t<div class=\"elementor-widget-container\">\n\t\t\t\t\t\t\t\t\t<ul><li>Aecio Jorge Braga(Sidia Instituto de Ci\u00eancia e Tecnologia)<\/li><li>Agust\u00edn Ortiz D\u00edaz(SIDIA)<\/li><li>Hanah Correa(SIDIA)<\/li><li>Marcela Pessoa(Universidade do Estado do Amazonas)<\/li><li>Marcos Silbermann(SIDIA\/UNICAMP)<\/li><li>Nickie Maxine(SIDIA)<\/li><li>Rafaela Melo(Universidade Federal do Amazonas)<\/li><li>Tadeu Classe(Universidade Federal do Estado do Rio de Janeiro)<\/li><li>Yuri Vidal(SIDIA)<\/li><\/ul>\t\t\t\t\t\t\t\t<\/div>\n\t\t\t\t<\/div>\n\t\t\t\t\t<\/div>\n\t\t\t\t<\/div>\n\t\t\t\t\t<\/div>\n\t\t\t\t<\/div>\n\t\t<div class=\"elementor-element elementor-element-faf787b e-con-full e-flex e-con e-child\" data-id=\"faf787b\" data-element_type=\"container\">\n\t\t<div class=\"elementor-element elementor-element-52eeb7d e-flex e-con-boxed e-con e-child\" data-id=\"52eeb7d\" data-element_type=\"container\">\n\t\t\t\t\t<div class=\"e-con-inner\">\n\t\t<div class=\"elementor-element elementor-element-fa3d369 e-flex e-con-boxed e-con e-child\" data-id=\"fa3d369\" data-element_type=\"container\" data-settings=\"{&quot;background_background&quot;:&quot;classic&quot;}\">\n\t\t\t\t\t<div class=\"e-con-inner\">\n\t\t\t\t<div class=\"elementor-element elementor-element-106179c elementor-widget elementor-widget-button\" data-id=\"106179c\" data-element_type=\"widget\" data-widget_type=\"button.default\">\n\t\t\t\t<div class=\"elementor-widget-container\">\n\t\t\t\t\t\t\t\t\t<div class=\"elementor-button-wrapper\">\n\t\t\t\t\t<a class=\"elementor-button elementor-button-link elementor-size-sm\" href=\"#\">\n\t\t\t\t\t\t<span class=\"elementor-button-content-wrapper\">\n\t\t\t\t\t\t\t\t\t<span class=\"elementor-button-text\">Manual para autores<\/span>\n\t\t\t\t\t<\/span>\n\t\t\t\t\t<\/a>\n\t\t\t\t<\/div>\n\t\t\t\t\t\t\t\t<\/div>\n\t\t\t\t<\/div>\n\t\t\t\t\t<\/div>\n\t\t\t\t<\/div>\n\t\t<div class=\"elementor-element elementor-element-9ec8529 e-flex e-con-boxed e-con e-child\" data-id=\"9ec8529\" data-element_type=\"container\" data-settings=\"{&quot;background_background&quot;:&quot;classic&quot;}\">\n\t\t\t\t\t<div class=\"e-con-inner\">\n\t\t\t\t<div class=\"elementor-element elementor-element-74dc101 elementor-widget elementor-widget-button\" data-id=\"74dc101\" data-element_type=\"widget\" data-widget_type=\"button.default\">\n\t\t\t\t<div class=\"elementor-widget-container\">\n\t\t\t\t\t\t\t\t\t<div class=\"elementor-button-wrapper\">\n\t\t\t\t\t<a class=\"elementor-button elementor-button-link elementor-size-sm\" href=\"#\">\n\t\t\t\t\t\t<span class=\"elementor-button-content-wrapper\">\n\t\t\t\t\t\t\t\t\t<span class=\"elementor-button-text\">REVISORES<\/span>\n\t\t\t\t\t<\/span>\n\t\t\t\t\t<\/a>\n\t\t\t\t<\/div>\n\t\t\t\t\t\t\t\t<\/div>\n\t\t\t\t<\/div>\n\t\t\t\t\t<\/div>\n\t\t\t\t<\/div>\n\t\t<div class=\"elementor-element elementor-element-15a90d5 e-flex e-con-boxed e-con e-child\" data-id=\"15a90d5\" data-element_type=\"container\" data-settings=\"{&quot;background_background&quot;:&quot;classic&quot;}\">\n\t\t\t\t\t<div class=\"e-con-inner\">\n\t\t\t\t<div class=\"elementor-element elementor-element-d67b161 elementor-widget elementor-widget-button\" data-id=\"d67b161\" data-element_type=\"widget\" data-widget_type=\"button.default\">\n\t\t\t\t<div class=\"elementor-widget-container\">\n\t\t\t\t\t\t\t\t\t<div class=\"elementor-button-wrapper\">\n\t\t\t\t\t<a class=\"elementor-button elementor-button-link elementor-size-sm\" href=\"#\">\n\t\t\t\t\t\t<span class=\"elementor-button-content-wrapper\">\n\t\t\t\t\t\t\t\t\t<span class=\"elementor-button-text\">BEST PAPERS<\/span>\n\t\t\t\t\t<\/span>\n\t\t\t\t\t<\/a>\n\t\t\t\t<\/div>\n\t\t\t\t\t\t\t\t<\/div>\n\t\t\t\t<\/div>\n\t\t\t\t\t<\/div>\n\t\t\t\t<\/div>\n\t\t<div class=\"elementor-element elementor-element-4c2a267 e-flex e-con-boxed e-con e-child\" data-id=\"4c2a267\" data-element_type=\"container\" data-settings=\"{&quot;background_background&quot;:&quot;classic&quot;}\">\n\t\t\t\t\t<div class=\"e-con-inner\">\n\t\t\t\t<div class=\"elementor-element elementor-element-8213f49 elementor-widget elementor-widget-button\" data-id=\"8213f49\" data-element_type=\"widget\" data-widget_type=\"button.default\">\n\t\t\t\t<div class=\"elementor-widget-container\">\n\t\t\t\t\t\t\t\t\t<div class=\"elementor-button-wrapper\">\n\t\t\t\t\t<a class=\"elementor-button elementor-button-link elementor-size-sm\" href=\"https:\/\/jems.sbc.org.br\/home.cgi?c=4553\" target=\"_blank\">\n\t\t\t\t\t\t<span class=\"elementor-button-content-wrapper\">\n\t\t\t\t\t\t\t\t\t<span class=\"elementor-button-text\">SUBMETER<\/span>\n\t\t\t\t\t<\/span>\n\t\t\t\t\t<\/a>\n\t\t\t\t<\/div>\n\t\t\t\t\t\t\t\t<\/div>\n\t\t\t\t<\/div>\n\t\t\t\t\t<\/div>\n\t\t\t\t<\/div>\n\t\t\t\t\t<\/div>\n\t\t\t\t<\/div>\n\t\t\t\t<\/div>\n\t\t\t\t\t<\/div>\n\t\t\t\t<\/div>\n\t\t\t\t<\/div>\n\t\t","protected":false},"excerpt":{"rendered":"<p>ind\u00fastria Submiss\u00e3o\u00a0at\u00e9: 20 de abril de 2024 Submiss\u00e3o at\u00e9: 05 de maio de 2024 Hard deadline: 03 de junho de 2024 Notifica\u00e7\u00e3o de aceite: 22 de julho de 2024 Cara comunidade de Jogos &amp; Ind\u00fastria, A Trilha de Ind\u00fastria do SBGames 2024 est\u00e1 com submiss\u00f5es abertas para artigos sobre pesquisas originais e aplica\u00e7\u00f5es inovadoras no [&hellip;]<\/p>\n","protected":false},"author":1,"featured_media":0,"parent":0,"menu_order":0,"comment_status":"closed","ping_status":"closed","template":"","meta":{"site-sidebar-layout":"no-sidebar","site-content-layout":"page-builder","ast-site-content-layout":"full-width-container","site-content-style":"default","site-sidebar-style":"default","ast-global-header-display":"","ast-banner-title-visibility":"","ast-main-header-display":"","ast-hfb-above-header-display":"","ast-hfb-below-header-display":"","ast-hfb-mobile-header-display":"","site-post-title":"disabled","ast-breadcrumbs-content":"","ast-featured-img":"disabled","footer-sml-layout":"","theme-transparent-header-meta":"","adv-header-id-meta":"","stick-header-meta":"","header-above-stick-meta":"","header-main-stick-meta":"","header-below-stick-meta":"","astra-migrate-meta-layouts":"set","ast-page-background-enabled":"default","ast-page-background-meta":{"desktop":{"background-color":"","background-image":"","background-repeat":"repeat","background-position":"center center","background-size":"auto","background-attachment":"scroll","background-type":"","background-media":"","overlay-type":"","overlay-color":"","overlay-gradient":""},"tablet":{"background-color":"","background-image":"","background-repeat":"repeat","background-position":"center center","background-size":"auto","background-attachment":"scroll","background-type":"","background-media":"","overlay-type":"","overlay-color":"","overlay-gradient":""},"mobile":{"background-color":"","background-image":"","background-repeat":"repeat","background-position":"center center","background-size":"auto","background-attachment":"scroll","background-type":"","background-media":"","overlay-type":"","overlay-color":"","overlay-gradient":""}},"ast-content-background-meta":{"desktop":{"background-color":"var(--ast-global-color-5)","background-image":"","background-repeat":"repeat","background-position":"center center","background-size":"auto","background-attachment":"scroll","background-type":"","background-media":"","overlay-type":"","overlay-color":"","overlay-gradient":""},"tablet":{"background-color":"var(--ast-global-color-5)","background-image":"","background-repeat":"repeat","background-position":"center center","background-size":"auto","background-attachment":"scroll","background-type":"","background-media":"","overlay-type":"","overlay-color":"","overlay-gradient":""},"mobile":{"background-color":"var(--ast-global-color-5)","background-image":"","background-repeat":"repeat","background-position":"center center","background-size":"auto","background-attachment":"scroll","background-type":"","background-media":"","overlay-type":"","overlay-color":"","overlay-gradient":""}},"footnotes":""},"class_list":["post-1830","page","type-page","status-publish","hentry"],"_links":{"self":[{"href":"https:\/\/sbgames.org\/sbgames2024\/wp-json\/wp\/v2\/pages\/1830","targetHints":{"allow":["GET"]}}],"collection":[{"href":"https:\/\/sbgames.org\/sbgames2024\/wp-json\/wp\/v2\/pages"}],"about":[{"href":"https:\/\/sbgames.org\/sbgames2024\/wp-json\/wp\/v2\/types\/page"}],"author":[{"embeddable":true,"href":"https:\/\/sbgames.org\/sbgames2024\/wp-json\/wp\/v2\/users\/1"}],"replies":[{"embeddable":true,"href":"https:\/\/sbgames.org\/sbgames2024\/wp-json\/wp\/v2\/comments?post=1830"}],"version-history":[{"count":82,"href":"https:\/\/sbgames.org\/sbgames2024\/wp-json\/wp\/v2\/pages\/1830\/revisions"}],"predecessor-version":[{"id":3924,"href":"https:\/\/sbgames.org\/sbgames2024\/wp-json\/wp\/v2\/pages\/1830\/revisions\/3924"}],"wp:attachment":[{"href":"https:\/\/sbgames.org\/sbgames2024\/wp-json\/wp\/v2\/media?parent=1830"}],"curies":[{"name":"wp","href":"https:\/\/api.w.org\/{rel}","templated":true}]}}