{"id":1648,"date":"2024-02-01T17:13:07","date_gmt":"2024-02-01T17:13:07","guid":{"rendered":"https:\/\/sbgames.org\/sbgames2024\/?page_id=1648"},"modified":"2024-04-18T20:50:54","modified_gmt":"2024-04-18T20:50:54","slug":"committee","status":"publish","type":"page","link":"https:\/\/sbgames.org\/sbgames2024\/committee\/","title":{"rendered":"Committee"},"content":{"rendered":"\t\t<div data-elementor-type=\"wp-page\" data-elementor-id=\"1648\" class=\"elementor elementor-1648\">\n\t\t\t\t<div class=\"elementor-element elementor-element-8dbda00 e-flex e-con-boxed e-con e-parent\" data-id=\"8dbda00\" data-element_type=\"container\" data-settings=\"{&quot;background_background&quot;:&quot;classic&quot;}\">\n\t\t\t\t\t<div class=\"e-con-inner\">\n\t\t\t\t<div class=\"elementor-element elementor-element-3c28dc2 elementor-widget elementor-widget-heading\" data-id=\"3c28dc2\" data-element_type=\"widget\" data-widget_type=\"heading.default\">\n\t\t\t\t<div class=\"elementor-widget-container\">\n\t\t\t\t\t<h1 class=\"elementor-heading-title elementor-size-default\">comit\u00ea<\/h1>\t\t\t\t<\/div>\n\t\t\t\t<\/div>\n\t\t\t\t\t<\/div>\n\t\t\t\t<\/div>\n\t\t<div class=\"elementor-element elementor-element-50ee76f e-flex e-con-boxed e-con e-parent\" data-id=\"50ee76f\" data-element_type=\"container\" data-settings=\"{&quot;background_background&quot;:&quot;classic&quot;}\">\n\t\t\t\t\t<div class=\"e-con-inner\">\n\t\t\t\t<div class=\"elementor-element elementor-element-e97b327 elementor-widget elementor-widget-heading\" data-id=\"e97b327\" data-element_type=\"widget\" data-widget_type=\"heading.default\">\n\t\t\t\t<div class=\"elementor-widget-container\">\n\t\t\t\t\t<p class=\"elementor-heading-title elementor-size-default\">Comit\u00ea<\/p>\t\t\t\t<\/div>\n\t\t\t\t<\/div>\n\t\t\t\t<div class=\"elementor-element elementor-element-b17a8de elementor-widget elementor-widget-text-editor\" data-id=\"b17a8de\" data-element_type=\"widget\" data-widget_type=\"text-editor.default\">\n\t\t\t\t<div class=\"elementor-widget-container\">\n\t\t\t\t\t\t\t\t\t<h5>Trilha\/Atividade<\/h5>\n<p><strong>Co-Chair Gerais de Trilhas e Atividades<br><\/strong>Alessandro de Lima Bicho (FURG) <br>Tadeu Moreira de Classe (UNIRIO)<\/p>\n<p><strong>Chair Geral (Local)<br><\/strong>Jucimar Maia da Silva&nbsp;Junior (UEA)<br>Marcela S\u00e1via Pican\u00e7o Pessoa (UEA)<\/p>\n<p><span style=\"font-size: 16px;\"><strong>Co-Chair de Publica\u00e7\u00e3o<\/strong><br><\/span>Joaquim Vinicius Carvalho Assun\u00e7\u00e3o (UFSM)<\/p>\n<p><strong>Chair de Comunica\u00e7\u00e3o<\/strong><br>Mauricio de Castro Lana (PUC-Rio)<\/p>\n<p><strong>Co-Chair Arte &amp; Design<\/strong><br>Rian Oliveira Rezende (PUC-Rio)<br>Guilherme Xavier (PUC-Rio)<\/p>\n<p><span style=\"font-size: 16px;\"><strong>Co-Chair Computa\u00e7\u00e3o<br><\/strong><\/span>Jose Ricardo da Silva Junior (IFRJ)<br>Luiz Jos\u00e9 Schirmer Silva (UNISINOS)<\/p>\n<p><span style=\"font-size: 16px;\"><strong>Co-Chair Educa\u00e7\u00e3o<br><\/strong><\/span>Marcelo Luis Fardo (UCS)<br>Vanessa Andrade Pereira (UNIFESP)<br>Daniela Karine Ramos (UFSC)<\/p>\n<p><span style=\"font-size: 16px;\"><strong>Co-Chair Ind\u00fastria<br><\/strong><\/span>Sergio Cleger Tamayo (UEA)<br>M\u00e1rcio Palheta Piedade (UEA)<\/p>\n<p><span style=\"font-size: 16px;\"><strong>Co-Chair Sa\u00fade<br><\/strong><\/span>Sergio Teixeira de Carvalho (UFG)<br>T\u00e2nia Zaverucha do Valle (FIOCRUZ)<\/p>\n<p><span style=\"font-size: 16px;\"><strong>Co-Chair Cultura<br><\/strong><\/span>Igor Castellano da Silva (UFSM)<br>Isabel Cristina Siqueira da Silva (UFSCPA)<\/p>\n<p><span style=\"font-size: 16px;\"><strong>Co-Chair F\u00f3rum de Ensino<br><\/strong><\/span>Alan Henrique Pardo de Carvalho (FATEC \u2013 S\u00e3o Caetano do Sul)<br>Bruno Campagnolo de Paula (PUC-PR)<\/p>\n<p><span style=\"font-size: 16px;\"><strong>Co-Chair F\u00f3rum de E-sports<\/strong><br><\/span>Alyson Matheus de Carvalho Souza (UFRN)<\/p>\n<p><span style=\"font-size: 16px;\"><strong> Co-Chair Festival de Jogos<\/strong><br><\/span>Rodrigo Motta (UFCG \/ MottaPlay)<\/p>\n<p><span style=\"font-size: 16px;\"><strong> Co-Chair Festival de Jogos de Tabuleiro<\/strong><br><\/span><span style=\"font-size: 16px;\">Marcelo La Carretta (PUC-Minas)<\/span><\/p>\n<p><strong><span style=\"font-size: 16px;\">Co-Chair Festival de Artes<br><\/span><\/strong>Ana Clara Silva Britto (PUC-Minas)<br>Marcelo La Carretta (PUC-Minas)<br>Rosilane Mota (PUC-Minas \/ UFMG)<\/p>\n<p><span style=\"font-size: 16px;\"><strong>Co-Chair CTDGames<br><\/strong><\/span>Eduardo Filgueiras Damasceno (UTFPR)<br>Marcelo Siedler (IFSUL)<\/p>\n<p><span style=\"font-size: 16px;\"><strong> Co-Chair Tutoriais<br><\/strong><\/span>Andr\u00e9 Luiz Brand\u00e3o (UFABC)<br>Elaine Harada Teixeira de Oliveira (UFAM)<\/p>\n<p><span style=\"font-size: 16px;\"><strong> Co-Chair M\u00c1GICA<br><\/strong><\/span>Fernanda Gabriela de Sousa Pires (UEA)<br>Luma da Rocha Seixas (UFBA)<\/p>\n<p><span style=\"font-size: 16px;\"><strong>Co-Chair Workshop de Grupos de Pesquisa em Jogos e Entretenimento Digital<\/strong><br><\/span>Marcelo da Silva Hounsell (UDESC)<br>Rodrigo Pereira dos Santos (UNIRIO)<\/p>\t\t\t\t\t\t\t\t<\/div>\n\t\t\t\t<\/div>\n\t\t\t\t\t<\/div>\n\t\t\t\t<\/div>\n\t\t\t\t<\/div>\n\t\t","protected":false},"excerpt":{"rendered":"<p>comit\u00ea Comit\u00ea Trilha\/Atividade Co-Chair Gerais de Trilhas e AtividadesAlessandro de Lima Bicho (FURG) Tadeu Moreira de Classe (UNIRIO) Chair Geral (Local)Jucimar Maia da Silva&nbsp;Junior (UEA)Marcela S\u00e1via Pican\u00e7o Pessoa (UEA) Co-Chair de Publica\u00e7\u00e3oJoaquim Vinicius Carvalho Assun\u00e7\u00e3o (UFSM) Chair de Comunica\u00e7\u00e3oMauricio de Castro Lana (PUC-Rio) Co-Chair Arte &amp; DesignRian Oliveira Rezende (PUC-Rio)Guilherme Xavier (PUC-Rio) Co-Chair Computa\u00e7\u00e3oJose Ricardo [&hellip;]<\/p>\n","protected":false},"author":1,"featured_media":0,"parent":0,"menu_order":0,"comment_status":"closed","ping_status":"closed","template":"","meta":{"site-sidebar-layout":"no-sidebar","site-content-layout":"page-builder","ast-site-content-layout":"full-width-container","site-content-style":"default","site-sidebar-style":"default","ast-global-header-display":"","ast-banner-title-visibility":"","ast-main-header-display":"","ast-hfb-above-header-display":"","ast-hfb-below-header-display":"","ast-hfb-mobile-header-display":"","site-post-title":"disabled","ast-breadcrumbs-content":"","ast-featured-img":"disabled","footer-sml-layout":"","theme-transparent-header-meta":"","adv-header-id-meta":"","stick-header-meta":"","header-above-stick-meta":"","header-main-stick-meta":"","header-below-stick-meta":"","astra-migrate-meta-layouts":"set","ast-page-background-enabled":"default","ast-page-background-meta":{"desktop":{"background-color":"","background-image":"","background-repeat":"repeat","background-position":"center center","background-size":"auto","background-attachment":"scroll","background-type":"","background-media":"","overlay-type":"","overlay-color":"","overlay-gradient":""},"tablet":{"background-color":"","background-image":"","background-repeat":"repeat","background-position":"center center","background-size":"auto","background-attachment":"scroll","background-type":"","background-media":"","overlay-type":"","overlay-color":"","overlay-gradient":""},"mobile":{"background-color":"","background-image":"","background-repeat":"repeat","background-position":"center center","background-size":"auto","background-attachment":"scroll","background-type":"","background-media":"","overlay-type":"","overlay-color":"","overlay-gradient":""}},"ast-content-background-meta":{"desktop":{"background-color":"var(--ast-global-color-5)","background-image":"","background-repeat":"repeat","background-position":"center center","background-size":"auto","background-attachment":"scroll","background-type":"","background-media":"","overlay-type":"","overlay-color":"","overlay-gradient":""},"tablet":{"background-color":"var(--ast-global-color-5)","background-image":"","background-repeat":"repeat","background-position":"center center","background-size":"auto","background-attachment":"scroll","background-type":"","background-media":"","overlay-type":"","overlay-color":"","overlay-gradient":""},"mobile":{"background-color":"var(--ast-global-color-5)","background-image":"","background-repeat":"repeat","background-position":"center center","background-size":"auto","background-attachment":"scroll","background-type":"","background-media":"","overlay-type":"","overlay-color":"","overlay-gradient":""}},"footnotes":""},"class_list":["post-1648","page","type-page","status-publish","hentry"],"_links":{"self":[{"href":"https:\/\/sbgames.org\/sbgames2024\/wp-json\/wp\/v2\/pages\/1648","targetHints":{"allow":["GET"]}}],"collection":[{"href":"https:\/\/sbgames.org\/sbgames2024\/wp-json\/wp\/v2\/pages"}],"about":[{"href":"https:\/\/sbgames.org\/sbgames2024\/wp-json\/wp\/v2\/types\/page"}],"author":[{"embeddable":true,"href":"https:\/\/sbgames.org\/sbgames2024\/wp-json\/wp\/v2\/users\/1"}],"replies":[{"embeddable":true,"href":"https:\/\/sbgames.org\/sbgames2024\/wp-json\/wp\/v2\/comments?post=1648"}],"version-history":[{"count":37,"href":"https:\/\/sbgames.org\/sbgames2024\/wp-json\/wp\/v2\/pages\/1648\/revisions"}],"predecessor-version":[{"id":2424,"href":"https:\/\/sbgames.org\/sbgames2024\/wp-json\/wp\/v2\/pages\/1648\/revisions\/2424"}],"wp:attachment":[{"href":"https:\/\/sbgames.org\/sbgames2024\/wp-json\/wp\/v2\/media?parent=1648"}],"curies":[{"name":"wp","href":"https:\/\/api.w.org\/{rel}","templated":true}]}}