{"id":852,"date":"2023-09-27T13:22:09","date_gmt":"2023-09-27T16:22:09","guid":{"rendered":"https:\/\/sbgames.org\/sbgames2023\/?page_id=852"},"modified":"2023-11-03T08:17:22","modified_gmt":"2023-11-03T11:17:22","slug":"keynotes","status":"publish","type":"page","link":"https:\/\/sbgames.org\/sbgames2023\/keynotes\/","title":{"rendered":"Keynotes"},"content":{"rendered":"\n<h2 class=\"wp-block-heading\">Qi Sun<\/h2>\n\n\n\n<h4 class=\"wp-block-heading\">(New York University)<\/h4>\n\n\n\n<div class=\"wp-block-media-text is-stacked-on-mobile has-background\" style=\"background:linear-gradient(231deg,rgb(238,238,238) 31%,rgb(169,184,195) 100%);grid-template-columns:60% auto\"><figure class=\"wp-block-media-text__media\"><img loading=\"lazy\" decoding=\"async\" width=\"768\" height=\"768\" src=\"http:\/\/sbgames.org\/sbgames2023\/wp-content\/uploads\/2023\/10\/qi-sun.jpg\" alt=\"\" class=\"wp-image-902 size-full\" srcset=\"https:\/\/sbgames.org\/sbgames2023\/wp-content\/uploads\/2023\/10\/qi-sun.jpg 768w, https:\/\/sbgames.org\/sbgames2023\/wp-content\/uploads\/2023\/10\/qi-sun-300x300.jpg 300w, https:\/\/sbgames.org\/sbgames2023\/wp-content\/uploads\/2023\/10\/qi-sun-150x150.jpg 150w, https:\/\/sbgames.org\/sbgames2023\/wp-content\/uploads\/2023\/10\/qi-sun-350x350.jpg 350w, https:\/\/sbgames.org\/sbgames2023\/wp-content\/uploads\/2023\/10\/qi-sun-650x650.jpg 650w, https:\/\/sbgames.org\/sbgames2023\/wp-content\/uploads\/2023\/10\/qi-sun-85x85.jpg 85w, https:\/\/sbgames.org\/sbgames2023\/wp-content\/uploads\/2023\/10\/qi-sun-600x600.jpg 600w, https:\/\/sbgames.org\/sbgames2023\/wp-content\/uploads\/2023\/10\/qi-sun-100x100.jpg 100w\" sizes=\"auto, (max-width: 768px) 100vw, 768px\" \/><\/figure><div class=\"wp-block-media-text__content\">\n<h3 class=\"wp-block-heading\">Biografia sucinta:<\/h3>\n\n\n\n<p>Qi Sun \u00e9 professor assistente na Universidade de Nova York. Antes de ingressar na NYU, ele foi pesquisador na Adobe Research. Ele recebeu seu PhD na Stony Brook University. Seus interesses de pesquisa est\u00e3o em computa\u00e7\u00e3o gr\u00e1fica perceptual, VR\/AR, cogni\u00e7\u00e3o computacional e exibi\u00e7\u00f5es computacionais. Ele recebeu o pr\u00eamio IEEE de Melhor Disserta\u00e7\u00e3o em Realidade Virtual, com sua pesquisa reconhecida como Best Paper Awards no ACM SIGGRAPH e IEEE ISMAR.<\/p>\n<\/div><\/div>\n\n\n\n<p style=\"font-size:30px\"><strong>T\u00edtulo<\/strong>: Realidade Extendida Centrada no Usu\u00e1rio: Conectando Cogni\u00e7\u00e3o e Computa\u00e7\u00e3o<\/p>\n\n\n\n<p>Dia 7\/11\/2023, 11:00h as 12:00h (BRT)<\/p>\n\n\n\n<h3 class=\"wp-block-heading\">Resumo:&nbsp;<\/h3>\n\n\n\n<p>Realidade Virtual e Aumentada permite possibilidades sem precedentes para exibir conte\u00fado virtual, detectar ambientes f\u00edsicos e rastrear comportamentos humanos com alta fidelidade. No entanto, ainda n\u00e3o criamos \u201csuper-humanos\u201d que possam superar o que somos na realidade f\u00edsica, nem um sistema XR \u201cperfeito\u201d que ofere\u00e7a bateria com dura\u00e7\u00e3o infinita ou sensa\u00e7\u00e3o realista. Nesta palestra, discutirei algumas de nossas pesquisas recentes sobre como aproveitar a detec\u00e7\u00e3o ocular\/muscular e aprender a modelar nossa percep\u00e7\u00e3o, rea\u00e7\u00e3o e sensa\u00e7\u00e3o em ambientes virtuais. Com base no conhecimento, criamos conte\u00fado visual just-in-time que otimiza conjuntamente o desempenho humano (como a velocidade de rea\u00e7\u00e3o a eventos) e do sistema (como a redu\u00e7\u00e3o do consumo de energia do display) em XR.<\/p>\n\n\n\n<h1 class=\"wp-block-heading\">Ellis Bartholomeus<\/h1>\n\n\n\n<h4 class=\"wp-block-heading\">(Amsterdam University of Applied Sciences, UPES &#8211; University of Tomorrow, Dehradun)<\/h4>\n\n\n\n<div class=\"wp-block-media-text is-stacked-on-mobile is-vertically-aligned-center has-background\" style=\"background:linear-gradient(231deg,rgb(238,238,238) 30%,rgb(169,184,195) 100%);grid-template-columns:60% auto\"><figure class=\"wp-block-media-text__media\"><img loading=\"lazy\" decoding=\"async\" width=\"1024\" height=\"872\" src=\"http:\/\/sbgames.org\/sbgames2023\/wp-content\/uploads\/2023\/09\/Ellis-1024x872.jpg\" alt=\"\" class=\"wp-image-883 size-full\" srcset=\"https:\/\/sbgames.org\/sbgames2023\/wp-content\/uploads\/2023\/09\/Ellis-1024x872.jpg 1024w, https:\/\/sbgames.org\/sbgames2023\/wp-content\/uploads\/2023\/09\/Ellis-300x255.jpg 300w, https:\/\/sbgames.org\/sbgames2023\/wp-content\/uploads\/2023\/09\/Ellis-768x654.jpg 768w, https:\/\/sbgames.org\/sbgames2023\/wp-content\/uploads\/2023\/09\/Ellis-1536x1307.jpg 1536w, https:\/\/sbgames.org\/sbgames2023\/wp-content\/uploads\/2023\/09\/Ellis.jpg 1922w\" sizes=\"auto, (max-width: 1024px) 100vw, 1024px\" \/><\/figure><div class=\"wp-block-media-text__content\">\n<h3 class=\"wp-block-heading\">Biografia Sucinta:<\/h3>\n\n\n\n<p>Ao longo de sua carreira, Ellis Bartholomeus tem se interessado pelo valor do jogo. Ela se formou na Design Academy em 1996 como designer de produtos e percebeu que para fazer com que o p\u00fablico se apropriasse de uma mensagem, era necess\u00e1rio interagir com ela. Desde ent\u00e3o, ela tem projetado jogos como um m\u00e9todo\/ferramenta para amplificar a aprendizagem auto-motivada e possibilitar uma intera\u00e7\u00e3o social rica. Exemplos disso incluem a preserva\u00e7\u00e3o da vida selvagem em escala global, o uso de jogos como uma ferramenta de pesquisa para envolver um p\u00fablico amplo e at\u00e9 mesmo transformar jogadores em treinadores de IA para desmistificar nossos oceanos. Voc\u00ea deseja aprender como criar, projetar, produzir ou hospedar jogos para causar impacto? Venha e participe!<\/p>\n<\/div><\/div>\n\n\n\n<p style=\"font-size:30px\"><strong>T\u00edtulo<\/strong>: &#8220;Apply play &#8211; to get ahead of the game&#8221;<\/p>\n\n\n\n<p>Dia 8\/11\/2023, 11:00h as 12:00h (BRT)<\/p>\n\n\n\n<h3 class=\"wp-block-heading\">Resumo:<\/h3>\n\n\n\n<p>Para falar sobre a magia do jogo e dos jogos, precisamos encontrar uma linguagem comum e defini\u00e7\u00f5es. Muitos t\u00eam procurado os m\u00e9todos e raz\u00f5es de como e por que os jogos desencadeiam efeitos t\u00e3o grandes e muitas vezes surpreendentes. Especialistas em jogos e eu estamos colaborando com v\u00e1rias universidades e empresas para construir um corpo de conhecimento sobre jogos e brincadeiras como uma ferramenta. Determinamos que, para revelar a magia que acontece no jogo, n\u00e3o apenas precisamos examinar o jogo, mas tamb\u00e9m estudar o contexto. Como, onde, quando e, o mais importante, por quem o jogo \u00e9 jogado, e por qu\u00ea? S\u00e3o todos essenciais para entender a din\u00e2mica do jogo. Quem voc\u00ea deseja envolver no seu jogo, como se aproximar do seu(s) jogador(es) e como medir o poss\u00edvel impacto?<\/p>\n\n\n\n<p>Pergunta para voc\u00ea&#8230; voc\u00ea joga jogos? Sabe quando e por qu\u00ea? J\u00e1 percebeu o potencial inexplorado do jogo? &#8211; prepare suas perguntas, por favor, vamos jogar com elas!<\/p>\n\n\n\n<hr class=\"wp-block-separator has-alpha-channel-opacity\"\/>\n\n\n\n<h2 class=\"wp-block-heading\">Gonzalo Frasca <\/h2>\n\n\n\n<h4 class=\"wp-block-heading\">(ORT University Uruguay)<\/h4>\n\n\n\n<div class=\"wp-block-media-text is-stacked-on-mobile has-background\" style=\"background:linear-gradient(231deg,rgb(238,238,238) 31%,rgb(169,184,195) 100%);grid-template-columns:60% auto\"><figure class=\"wp-block-media-text__media\"><img loading=\"lazy\" decoding=\"async\" width=\"1024\" height=\"1006\" src=\"http:\/\/sbgames.org\/sbgames2023\/wp-content\/uploads\/2023\/09\/WhatsApp-Image-2023-09-28-at-14.27.48.jpeg\" alt=\"\" class=\"wp-image-879 size-full\" srcset=\"https:\/\/sbgames.org\/sbgames2023\/wp-content\/uploads\/2023\/09\/WhatsApp-Image-2023-09-28-at-14.27.48.jpeg 1024w, https:\/\/sbgames.org\/sbgames2023\/wp-content\/uploads\/2023\/09\/WhatsApp-Image-2023-09-28-at-14.27.48-300x295.jpeg 300w, https:\/\/sbgames.org\/sbgames2023\/wp-content\/uploads\/2023\/09\/WhatsApp-Image-2023-09-28-at-14.27.48-768x755.jpeg 768w, https:\/\/sbgames.org\/sbgames2023\/wp-content\/uploads\/2023\/09\/WhatsApp-Image-2023-09-28-at-14.27.48-85x85.jpeg 85w, https:\/\/sbgames.org\/sbgames2023\/wp-content\/uploads\/2023\/09\/WhatsApp-Image-2023-09-28-at-14.27.48-600x589.jpeg 600w\" sizes=\"auto, (max-width: 1024px) 100vw, 1024px\" \/><\/figure><div class=\"wp-block-media-text__content\">\n<h3 class=\"wp-block-heading\">Biografia sucinta:<\/h3>\n\n\n\n<p>Quando Gonzalo Frasca decidiu pesquisar videogames 28 anos atr\u00e1s, ele n\u00e3o conseguiu encontrar um orientador na sua universidade no Uruguai. Seus professores diziam que o t\u00f3pico n\u00e3o era \u201cs\u00e9rio o suficiente\u201d. Desde ent\u00e3o, Frasca se tornou um acad\u00eamico e game designer internacionalmente renomado, com foco em jogo e aprendizagem. Ele est\u00e1 atualmente desenvolvendo uma vers\u00e3o \u201cbaseada em jogo\u201d para a ferramenta Kahoot. Seu blog, Ludology.org, foi citado pela NBC News como um dos mais populares destinos de pesquisadores em jogos. Por muitos anos, Frasca tamb\u00e9m co-publicou o blog sobre Serious Games Watercoolergames com Ian Bogost. Quanto a teoria de jogos, Frasca pertence ao grupo dos \u201cludologistas\u201d, que consideram o videogame uma simula\u00e7\u00e3o baseada em regras. Eles enxergam jogos digitais como a primeira experi\u00eancia simulada para as grandes massas, ou seja, uma mudan\u00e7a de paradigma no consumo e produ\u00e7\u00e3o de material multim\u00eddia.<\/p>\n<\/div><\/div>\n\n\n\n<p style=\"font-size:30px\"><strong>T\u00edtulo<\/strong>: Videogame, aprendizagem e o desafio de subir de n\u00edvel<\/p>\n\n\n\n<p>Dia 9\/11\/2023, 11:00h as 12:00h (BRT)<\/p>\n\n\n\n<h3 class=\"wp-block-heading\">Resumo:&nbsp;<\/h3>\n\n\n\n<p>Aprendizagem baseada em jogos\/brincadeiras \u00e9 uma estrat\u00e9gia engajante e efetiva. Entretanto, \u00e9 extremamente dif\u00edcil de projetar. Nesta palestra n\u00f3s vamos rever algumas das estrat\u00e9gias de maior sucesso para promover o aprendizado baseado em jogos\/brincadeiras e discutir o potencial da Am\u00e9rica Latina em empresas de tecnologia educacionais.<\/p>\n","protected":false},"excerpt":{"rendered":"<p>Qi Sun (New York University) Biografia sucinta: Qi Sun \u00e9 professor assistente na Universidade de Nova York. Antes de ingressar na NYU, ele foi pesquisador na Adobe Research. Ele recebeu seu PhD na Stony Brook University. Seus interesses de pesquisa&#8230;<\/p>\n","protected":false},"author":1,"featured_media":0,"parent":0,"menu_order":0,"comment_status":"closed","ping_status":"closed","template":"","meta":{"footnotes":""},"class_list":["post-852","page","type-page","status-publish","hentry"],"_links":{"self":[{"href":"https:\/\/sbgames.org\/sbgames2023\/wp-json\/wp\/v2\/pages\/852","targetHints":{"allow":["GET"]}}],"collection":[{"href":"https:\/\/sbgames.org\/sbgames2023\/wp-json\/wp\/v2\/pages"}],"about":[{"href":"https:\/\/sbgames.org\/sbgames2023\/wp-json\/wp\/v2\/types\/page"}],"author":[{"embeddable":true,"href":"https:\/\/sbgames.org\/sbgames2023\/wp-json\/wp\/v2\/users\/1"}],"replies":[{"embeddable":true,"href":"https:\/\/sbgames.org\/sbgames2023\/wp-json\/wp\/v2\/comments?post=852"}],"version-history":[{"count":23,"href":"https:\/\/sbgames.org\/sbgames2023\/wp-json\/wp\/v2\/pages\/852\/revisions"}],"predecessor-version":[{"id":1139,"href":"https:\/\/sbgames.org\/sbgames2023\/wp-json\/wp\/v2\/pages\/852\/revisions\/1139"}],"wp:attachment":[{"href":"https:\/\/sbgames.org\/sbgames2023\/wp-json\/wp\/v2\/media?parent=852"}],"curies":[{"name":"wp","href":"https:\/\/api.w.org\/{rel}","templated":true}]}}