{"id":586,"date":"2023-07-31T11:10:17","date_gmt":"2023-07-31T14:10:17","guid":{"rendered":"https:\/\/sbgames.org\/sbgames2023\/?page_id=586"},"modified":"2023-10-26T12:23:11","modified_gmt":"2023-10-26T15:23:11","slug":"inscricoes-sbgames-sibgrapi","status":"publish","type":"page","link":"https:\/\/sbgames.org\/sbgames2023\/inscricoes-sbgames-sibgrapi\/","title":{"rendered":"Inscri\u00e7\u00f5es \/ Registrations &#8211; SBGames + Sibgrapi"},"content":{"rendered":"\n<div class=\"wp-block-buttons alignwide is-content-justification-center is-layout-flex wp-container-core-buttons-is-layout-16018d1d wp-block-buttons-is-layout-flex\">\n<div class=\"wp-block-button\"><a class=\"wp-block-button__link has-black-color has-pale-cyan-blue-background-color has-text-color has-background wp-element-button\" href=\"#grad\">Undergraduate student<\/a><\/div>\n\n\n\n<div class=\"wp-block-button\"><a class=\"wp-block-button__link has-black-color has-pale-cyan-blue-background-color has-text-color has-background wp-element-button\" href=\"#pos-grad\">Graduate student<\/a><\/div>\n\n\n\n<div class=\"wp-block-button\"><a class=\"wp-block-button__link has-black-color has-pale-cyan-blue-background-color has-text-color has-background wp-element-button\" href=\"#edu\">Elementary school teacher<\/a><\/div>\n\n\n\n<div class=\"wp-block-button\"><a class=\"wp-block-button__link has-black-color has-pale-cyan-blue-background-color has-text-color has-background wp-element-button\" href=\"#prof\">Professional<\/a><\/div>\n<\/div>\n\n\n\n<hr class=\"wp-block-separator has-alpha-channel-opacity\" id=\"grad\"\/>\n\n\n\n<h2 class=\"wp-block-heading\">Estudantes de gradua\u00e7\u00e3o \/ Undergraduate student<\/h2>\n\n\n\n<figure class=\"wp-block-table is-style-stripes\"><table class=\"has-pale-cyan-blue-background-color has-background\"><thead><tr><th>Categoria\/Category<\/th><th class=\"has-text-align-center\" data-align=\"center\">At\u00e9\/Until 21\/09<\/th><th class=\"has-text-align-center\" data-align=\"center\">At\u00e9 evento\/Until the event<\/th><\/tr><\/thead><tbody><tr><td>Estudante associado \u00e0 SBC com anuidade vigente \/ Undergraduate student SBC member with valid membership&nbsp;<\/td><td class=\"has-text-align-center\" data-align=\"center\">R$ 128.00<\/td><td class=\"has-text-align-center\" data-align=\"center\">R$ 192.00<\/td><\/tr><tr><td>Estudante associado \u00e0 SBC com anuidade vencendo em at\u00e9 90 dias (Melhor op\u00e7\u00e3o: COMBO inscri\u00e7\u00e3o no evento + renova\u00e7\u00e3o da associa\u00e7\u00e3o \u00e0 SBC) \/ Undergraduate student SBC member with membership up to 90 days to expire (COMBO: registration + SBC membership renewal)&nbsp;<\/td><td class=\"has-text-align-center\" data-align=\"center\">R$ 156.94<\/td><td class=\"has-text-align-center\" data-align=\"center\">R$ 220.94<\/td><\/tr><tr><td>Estudante n\u00e3o associado ou com associa\u00e7\u00e3o n\u00e3o vigente \u00e0 SBC (Melhor op\u00e7\u00e3o: COMBO inscri\u00e7\u00e3o no evento + associa\u00e7\u00e3o \u00e0 SBC) \/ Undergraduate student non-SBC member or with expired membership (COMBO: registration + SBC membership)&nbsp;<\/td><td class=\"has-text-align-center\" data-align=\"center\">R$ 156.94<\/td><td class=\"has-text-align-center\" data-align=\"center\">R$ 220.94<\/td><\/tr><tr><td>Estudante n\u00e3o associado \u00e0 SBC (Somente inscri\u00e7\u00e3o no evento) \/ Undergraduate student non-SBC member (Only registration)<\/td><td class=\"has-text-align-center\" data-align=\"center\">R$ 170.00<\/td><td class=\"has-text-align-center\" data-align=\"center\">R$ 241.00<\/td><\/tr><\/tbody><\/table><\/figure>\n\n\n\n<hr class=\"wp-block-separator has-alpha-channel-opacity\" id=\"pos-grad\"\/>\n\n\n\n<h2 class=\"wp-block-heading has-text-align-center\">Estudantes P\u00f3s Gradua\u00e7\u00e3o \/ Graduate student<\/h2>\n\n\n\n<figure class=\"wp-block-table is-style-stripes\"><table class=\"has-pale-cyan-blue-background-color has-background\"><thead><tr><th>Categoria\/Category<\/th><th class=\"has-text-align-center\" data-align=\"center\">At\u00e9\/Until 21\/09<\/th><th class=\"has-text-align-center\" data-align=\"center\">At\u00e9\/Until&nbsp; 20\/10&nbsp;<\/th><th class=\"has-text-align-center\" data-align=\"center\">At\u00e9 evento\/Until the event<\/th><\/tr><\/thead><tbody><tr><td>Estudante de p\u00f3s-gradua\u00e7\u00e3o associado \u00e0 SBC com anuidade vigente \/ Graduate student SBC member with valid membership&nbsp;<\/td><td class=\"has-text-align-center\" data-align=\"center\">R$ 192.00<\/td><td class=\"has-text-align-center\" data-align=\"center\">R$ 256.00<\/td><td class=\"has-text-align-center\" data-align=\"center\">R$ 304.00<\/td><\/tr><tr><td>Estudante de p\u00f3s-gradua\u00e7\u00e3o associado \u00e0 SBC com anuidade vencendo em at\u00e9 90 dias (Melhor op\u00e7\u00e3o: COMBO inscri\u00e7\u00e3o no evento + renova\u00e7\u00e3o da associa\u00e7\u00e3o \u00e0 SBC) \/ Graduate student SBC member with membership up to 90 days to expire (COMBO: registration + SBC membership renewal)&nbsp;<\/td><td class=\"has-text-align-center\" data-align=\"center\">R$ 310.18<\/td><td class=\"has-text-align-center\" data-align=\"center\">R$ 374.18<\/td><td class=\"has-text-align-center\" data-align=\"center\">R$ 422.18<\/td><\/tr><tr><td>Estudante de p\u00f3s-gradua\u00e7\u00e3o n\u00e3o associado ou com associa\u00e7\u00e3o n\u00e3o vigente \u00e0 SBC (Melhor op\u00e7\u00e3o: COMBO inscri\u00e7\u00e3o no evento + associa\u00e7\u00e3o \u00e0 SBC) \/ Graduate student non-SBC member or with expired membership (COMBO: registration + SBC membership)&nbsp;<\/td><td class=\"has-text-align-center\" data-align=\"center\">R$ 310.18<\/td><td class=\"has-text-align-center\" data-align=\"center\">R$ 374.18<\/td><td class=\"has-text-align-center\" data-align=\"center\">R$ 422.18<\/td><\/tr><tr><td>Estudante de p\u00f3s gradua\u00e7\u00e3o n\u00e3o associado \u00e0 SBC (Somente inscri\u00e7\u00e3o no evento) \/ Graduate student non-SBC and non-ACM member (Only registration)&nbsp;<\/td><td class=\"has-text-align-center\" data-align=\"center\">R$ 330.00<\/td><td class=\"has-text-align-center\" data-align=\"center\">R$ 400.00<\/td><td class=\"has-text-align-center\" data-align=\"center\">R$ 453.00<\/td><\/tr><\/tbody><\/table><\/figure>\n\n\n\n<hr class=\"wp-block-separator has-alpha-channel-opacity\" id=\"edu\"\/>\n\n\n\n<h2 class=\"wp-block-heading has-text-align-center\">Professor de Educa\u00e7\u00e3o B\u00e1sica \/ Elementary school teacher<\/h2>\n\n\n\n<figure class=\"wp-block-table is-style-stripes\"><table class=\"has-pale-cyan-blue-background-color has-background\"><thead><tr><th>Categoria\/Category<\/th><th class=\"has-text-align-center\" data-align=\"center\">At\u00e9\/Until 21\/09<\/th><th class=\"has-text-align-center\" data-align=\"center\">At\u00e9\/Until&nbsp; 20\/10&nbsp;<\/th><th class=\"has-text-align-center\" data-align=\"center\">At\u00e9 evento\/Until the event<\/th><\/tr><\/thead><tbody><tr><td>Professor de Educa\u00e7\u00e3o B\u00e1sica associado \u00e0 SBC com anuidade vigente \/ Elementary school teacher SBC member with valid membership&nbsp;<\/td><td class=\"has-text-align-center\" data-align=\"center\">R$ 128.00<\/td><td class=\"has-text-align-center\" data-align=\"center\">R$ 192.00<\/td><td class=\"has-text-align-center\" data-align=\"center\">R$ 240.00<\/td><\/tr><tr><td>Professor de Educa\u00e7\u00e3o B\u00e1sica associado \u00e0 SBC com anuidade vencendo em at\u00e9 90 dias (Melhor op\u00e7\u00e3o: COMBO inscri\u00e7\u00e3o no evento + renova\u00e7\u00e3o da associa\u00e7\u00e3o \u00e0 SBC) \/ Elementary school teacher&nbsp; SBC member with membership up to 90 days to expire (COMBO: registration + SBC membership renewal)&nbsp;<\/td><td class=\"has-text-align-center\" data-align=\"center\">R$ 246.18<\/td><td class=\"has-text-align-center\" data-align=\"center\">R$ 310.18<\/td><td class=\"has-text-align-center\" data-align=\"center\">R$ 358.18<\/td><\/tr><tr><td>Professor de Educa\u00e7\u00e3o B\u00e1sica n\u00e3o associado ou com associa\u00e7\u00e3o n\u00e3o vigente \u00e0 SBC (Melhor op\u00e7\u00e3o: COMBO inscri\u00e7\u00e3o no evento + associa\u00e7\u00e3o \u00e0 SBC) \/ Elementary school teacher non-SBC member or with expired membership (COMBO registration + SBC membership)&nbsp;<\/td><td class=\"has-text-align-center\" data-align=\"center\">R$ 246.18<\/td><td class=\"has-text-align-center\" data-align=\"center\">R$ 310.18<\/td><td class=\"has-text-align-center\" data-align=\"center\">R$ 358.18<\/td><\/tr><tr><td>Professor de Educa\u00e7\u00e3o B\u00e1sica n\u00e3o associado \u00e0 SBC (Somente inscri\u00e7\u00e3o no evento) \/ Elementary school teacher non-SBC member (Only registration)&nbsp;<\/td><td class=\"has-text-align-center\" data-align=\"center\">R$ 259.00<\/td><td class=\"has-text-align-center\" data-align=\"center\">R$ 330.00<\/td><td class=\"has-text-align-center\" data-align=\"center\">R$ 383.00<\/td><\/tr><\/tbody><\/table><\/figure>\n\n\n\n<hr class=\"wp-block-separator has-alpha-channel-opacity\" id=\"prof\"\/>\n\n\n\n<h2 class=\"wp-block-heading has-text-align-center\">Profissionais \/ Professional<\/h2>\n\n\n\n<figure class=\"wp-block-table is-style-stripes\"><table class=\"has-pale-cyan-blue-background-color has-background\"><thead><tr><th>Categoria\/Category<\/th><th class=\"has-text-align-center\" data-align=\"center\">At\u00e9\/Until 21\/09<\/th><th class=\"has-text-align-center\" data-align=\"center\">At\u00e9\/Until&nbsp; 20\/10&nbsp;<\/th><th class=\"has-text-align-center\" data-align=\"center\">At\u00e9 evento\/Until the event<\/th><\/tr><\/thead><tbody><tr><td>Profissional associado \u00e0 SBC com anuidade vigente \/ Professional SBC member with valid membership&nbsp;<\/td><td class=\"has-text-align-center\" data-align=\"center\">R$ 520.00<\/td><td class=\"has-text-align-center\" data-align=\"center\">R$ 680.00<\/td><td class=\"has-text-align-center\" data-align=\"center\">R$ 840.00<\/td><\/tr><tr><td>Profissional associado \u00e0 SBC com anuidade vencendo em at\u00e9 90 dias (Melhor op\u00e7\u00e3o: COMBO inscri\u00e7\u00e3o no evento + renova\u00e7\u00e3o da associa\u00e7\u00e3o \u00e0 SBC) \/ Professional SBC member with membership up to 90 days to expire (COMBO: registration + SBC membership renewal)&nbsp;<\/td><td class=\"has-text-align-center\" data-align=\"center\">R$ 856.48<\/td><td class=\"has-text-align-center\" data-align=\"center\">R$&nbsp; 1,016.48<\/td><td class=\"has-text-align-center\" data-align=\"center\">R$&nbsp; 1,176.48<\/td><\/tr><tr><td>Profissional n\u00e3o associado ou com associa\u00e7\u00e3o n\u00e3o vigente \u00e0 SBC (Melhor op\u00e7\u00e3o: COMBO inscri\u00e7\u00e3o no evento + associa\u00e7\u00e3o \u00e0 SBC) \/ Professional non-SBC member or with expired membership (COMBO registration + SBC membership)<\/td><td class=\"has-text-align-center\" data-align=\"center\">R$ 856.48<\/td><td class=\"has-text-align-center\" data-align=\"center\">R$&nbsp; 1,016.48<\/td><td class=\"has-text-align-center\" data-align=\"center\">R$&nbsp; 1,176.48<\/td><\/tr><tr><td>Profissional n\u00e3o associado \u00e0 SBC (Somente inscri\u00e7\u00e3o no evento) \/ Professional non-SBC member (Only registration)&nbsp;<\/td><td class=\"has-text-align-center\" data-align=\"center\">R$ 909.00<\/td><td class=\"has-text-align-center\" data-align=\"center\">R$&nbsp; 1,085.00<\/td><td class=\"has-text-align-center\" data-align=\"center\">R$&nbsp; 1,261.00<\/td><\/tr><\/tbody><\/table><\/figure>\n","protected":false},"excerpt":{"rendered":"<p>Estudantes de gradua\u00e7\u00e3o \/ Undergraduate student Categoria\/Category At\u00e9\/Until 21\/09 At\u00e9 evento\/Until the event Estudante associado \u00e0 SBC com anuidade vigente \/ Undergraduate student SBC member with valid membership&nbsp; R$ 128.00 R$ 192.00 Estudante associado \u00e0 SBC com anuidade vencendo em&#8230;<\/p>\n","protected":false},"author":1,"featured_media":0,"parent":0,"menu_order":0,"comment_status":"closed","ping_status":"closed","template":"","meta":{"footnotes":""},"class_list":["post-586","page","type-page","status-publish","hentry"],"_links":{"self":[{"href":"https:\/\/sbgames.org\/sbgames2023\/wp-json\/wp\/v2\/pages\/586","targetHints":{"allow":["GET"]}}],"collection":[{"href":"https:\/\/sbgames.org\/sbgames2023\/wp-json\/wp\/v2\/pages"}],"about":[{"href":"https:\/\/sbgames.org\/sbgames2023\/wp-json\/wp\/v2\/types\/page"}],"author":[{"embeddable":true,"href":"https:\/\/sbgames.org\/sbgames2023\/wp-json\/wp\/v2\/users\/1"}],"replies":[{"embeddable":true,"href":"https:\/\/sbgames.org\/sbgames2023\/wp-json\/wp\/v2\/comments?post=586"}],"version-history":[{"count":5,"href":"https:\/\/sbgames.org\/sbgames2023\/wp-json\/wp\/v2\/pages\/586\/revisions"}],"predecessor-version":[{"id":1080,"href":"https:\/\/sbgames.org\/sbgames2023\/wp-json\/wp\/v2\/pages\/586\/revisions\/1080"}],"wp:attachment":[{"href":"https:\/\/sbgames.org\/sbgames2023\/wp-json\/wp\/v2\/media?parent=586"}],"curies":[{"name":"wp","href":"https:\/\/api.w.org\/{rel}","templated":true}]}}