{"id":425,"date":"2023-06-21T11:33:01","date_gmt":"2023-06-21T14:33:01","guid":{"rendered":"https:\/\/sbgames.org\/sbgames2023\/?page_id=425"},"modified":"2023-11-08T17:15:12","modified_gmt":"2023-11-08T20:15:12","slug":"programacao","status":"publish","type":"page","link":"https:\/\/sbgames.org\/sbgames2023\/programacao\/","title":{"rendered":"Programa\u00e7\u00e3o \/ Program"},"content":{"rendered":"\n<iframe loading=\"lazy\" src=\"https:\/\/docs.google.com\/spreadsheets\/d\/e\/2PACX-1vRnT8TERxVZCgUS0Mb5wydG5ksbFtiA_JTqW_vD6l_DIwA5jl1dt2dlxYaylELAczKvoL6IsECUfYPW\/pubhtml?gid=1944619750&amp;single=true&amp;widget=true&amp;headers=false\" width=\"1200\" height=\"550.\"><\/iframe>\n\n\n\n<p>Click&nbsp;<a href=\"https:\/\/docs.google.com\/spreadsheets\/d\/e\/2PACX-1vRnT8TERxVZCgUS0Mb5wydG5ksbFtiA_JTqW_vD6l_DIwA5jl1dt2dlxYaylELAczKvoL6IsECUfYPW\/pubhtml?gid=1944619750&amp;single=true\">here<\/a> to open the table below in a new window in full size.<\/p>\n\n\n\n<hr class=\"wp-block-separator has-alpha-channel-opacity is-style-wide\"\/>\n\n\n\n<h2 class=\"wp-block-heading has-text-align-center\">Sess\u00f5es T\u00e9cnicas &#8211; Programa Detalhado<\/h2>\n\n\n\n<div style=\"height:29px\" aria-hidden=\"true\" class=\"wp-block-spacer\"><\/div>\n\n\n\n<h3 class=\"wp-block-heading has-text-align-center\">Trilhas<\/h3>\n\n\n\n<div style=\"height:15px\" aria-hidden=\"true\" class=\"wp-block-spacer\"><\/div>\n\n\n\n<div class=\"wp-block-buttons is-content-justification-center is-layout-flex wp-container-core-buttons-is-layout-16018d1d wp-block-buttons-is-layout-flex\">\n<div class=\"wp-block-button\"><a class=\"wp-block-button__link has-cyan-bluish-gray-background-color has-background wp-element-button\" href=\"http:\/\/sbgames.org\/sbgames2023\/wp-content\/uploads\/2023\/11\/Sessoes-AD-2023_v5.pdf\" target=\"_blank\" rel=\"noreferrer noopener\">A&amp;D<\/a><\/div>\n\n\n\n<div class=\"wp-block-button\"><a class=\"wp-block-button__link has-cyan-bluish-gray-background-color has-background wp-element-button\" href=\"http:\/\/sbgames.org\/sbgames2023\/wp-content\/uploads\/2023\/10\/Sessoes-Computacao-3.pdf\" target=\"_blank\" rel=\"noreferrer noopener\">Computa\u00e7\u00e3o<\/a><\/div>\n\n\n\n<div class=\"wp-block-button\"><a class=\"wp-block-button__link has-cyan-bluish-gray-background-color has-background wp-element-button\" href=\"http:\/\/sbgames.org\/sbgames2023\/wp-content\/uploads\/2023\/10\/Sessoes-Tecnicas-Trilha-Cultura-2.pdf\" target=\"_blank\" rel=\"noreferrer noopener\">Cultura<\/a><\/div>\n\n\n\n<div class=\"wp-block-button\"><a class=\"wp-block-button__link has-cyan-bluish-gray-background-color has-background wp-element-button\" href=\"http:\/\/sbgames.org\/sbgames2023\/wp-content\/uploads\/2023\/10\/Sessoes-Educacao-Programacao.pdf\" target=\"_blank\" rel=\"noreferrer noopener\">Educa\u00e7\u00e3o<\/a><\/div>\n\n\n\n<div class=\"wp-block-button\"><a class=\"wp-block-button__link has-cyan-bluish-gray-background-color has-background wp-element-button\" href=\"http:\/\/sbgames.org\/sbgames2023\/wp-content\/uploads\/2023\/10\/Sessoes-tecnicas-Industria-SESSOES-TECNICAS.pdf\" target=\"_blank\" rel=\"noreferrer noopener\">Industria<\/a><\/div>\n\n\n\n<div class=\"wp-block-button\"><a class=\"wp-block-button__link has-cyan-bluish-gray-background-color has-background wp-element-button\" href=\"http:\/\/sbgames.org\/sbgames2023\/wp-content\/uploads\/2023\/11\/Sessoes-tecnicas-Saude-SESSOES-TECNICAS.pdf\" target=\"_blank\" rel=\"noreferrer noopener\">Sa\u00fade<\/a><\/div>\n<\/div>\n\n\n\n<hr class=\"wp-block-separator has-alpha-channel-opacity is-style-default\"\/>\n\n\n\n<h3 class=\"wp-block-heading has-text-align-center\">Atividades<\/h3>\n\n\n\n<div style=\"height:15px\" aria-hidden=\"true\" class=\"wp-block-spacer\"><\/div>\n\n\n\n<div class=\"wp-block-buttons is-content-justification-center is-layout-flex wp-container-core-buttons-is-layout-16018d1d wp-block-buttons-is-layout-flex\">\n<div class=\"wp-block-button\"><a class=\"wp-block-button__link has-cyan-bluish-gray-background-color has-background wp-element-button\" href=\"http:\/\/sbgames.org\/sbgames2023\/wp-content\/uploads\/2023\/11\/Sessoes-tecnicas-CTD-2023-Pagina1.pdf\" target=\"_blank\" rel=\"noreferrer noopener\">CTD<\/a><\/div>\n\n\n\n<div class=\"wp-block-button\"><a class=\"wp-block-button__link has-cyan-bluish-gray-background-color has-background wp-element-button\" href=\"http:\/\/sbgames.org\/sbgames2023\/wp-content\/uploads\/2023\/11\/Forum-de-Esportes-Eletronicos-v2.pdf\" target=\"_blank\" rel=\"noreferrer noopener\">F\u00f3rum de Esportes Eletr\u00f4nicos<\/a><\/div>\n\n\n\n<div class=\"wp-block-button\"><a class=\"wp-block-button__link has-cyan-bluish-gray-background-color has-background wp-element-button\" href=\"http:\/\/sbgames.org\/sbgames2023\/wp-content\/uploads\/2023\/10\/Sessao-JEDI-SBGames-2023-Pagina1.pdf\" target=\"_blank\" rel=\"noreferrer noopener\">JEDI<\/a><\/div>\n\n\n\n<div class=\"wp-block-button\"><a class=\"wp-block-button__link has-cyan-bluish-gray-background-color has-background wp-element-button\" href=\"http:\/\/sbgames.org\/sbgames2023\/wp-content\/uploads\/2023\/11\/Programacao-Tutoriais-SBGames-2023-Sheet1-1.pdf\" target=\"_blank\" rel=\"noreferrer noopener\">Tutoriais<\/a><\/div>\n\n\n\n<div class=\"wp-block-button\"><a class=\"wp-block-button__link has-cyan-bluish-gray-background-color has-background wp-element-button\" href=\"https:\/\/sbgames.org\/sbgames2023\/keynotes\/\">Keynotes<\/a><\/div>\n<\/div>\n\n\n\n<hr class=\"wp-block-separator has-alpha-channel-opacity\"\/>\n\n\n\n<h3 class=\"wp-block-heading has-text-align-center\">Pr\u00e9-SBGames<\/h3>\n\n\n\n<h4 class=\"wp-block-heading has-text-align-center\">M\u00c1GICA &#8211; <strong>31\/10<\/strong> &#8211; <em>16:00 as 20:00<\/em><br>F\u00f3rum de Ensino &#8211; <strong>01\/11<\/strong> &#8211; <em>10:30 as 17:30<\/em><\/h4>\n\n\n\n<div style=\"height:15px\" aria-hidden=\"true\" class=\"wp-block-spacer\"><\/div>\n\n\n\n<div class=\"wp-block-buttons is-content-justification-center is-layout-flex wp-container-core-buttons-is-layout-16018d1d wp-block-buttons-is-layout-flex\">\n<div class=\"wp-block-button\"><a class=\"wp-block-button__link has-cyan-bluish-gray-background-color has-background wp-element-button\" href=\"http:\/\/sbgames.org\/sbgames2023\/wp-content\/uploads\/2023\/10\/Sessao-MAGICA-2.pdf\" target=\"_blank\" rel=\"noreferrer noopener\">M\u00c1GICA<\/a><\/div>\n\n\n\n<div class=\"wp-block-button\"><a class=\"wp-block-button__link has-cyan-bluish-gray-background-color has-background wp-element-button\" href=\"http:\/\/sbgames.org\/sbgames2023\/wp-content\/uploads\/2023\/10\/Sessoes-Forum-Ensino-2.pdf\" target=\"_blank\" rel=\"noreferrer noopener\">F\u00f3rum de Ensino<\/a><\/div>\n<\/div>\n","protected":false},"excerpt":{"rendered":"<p>Click&nbsp;here to open the table below in a new window in full size. Sess\u00f5es T\u00e9cnicas &#8211; Programa Detalhado Trilhas Atividades Pr\u00e9-SBGames M\u00c1GICA &#8211; 31\/10 &#8211; 16:00 as 20:00F\u00f3rum de Ensino &#8211; 01\/11 &#8211; 10:30 as 17:30<\/p>\n","protected":false},"author":1,"featured_media":0,"parent":0,"menu_order":0,"comment_status":"closed","ping_status":"closed","template":"","meta":{"footnotes":""},"class_list":["post-425","page","type-page","status-publish","hentry"],"_links":{"self":[{"href":"https:\/\/sbgames.org\/sbgames2023\/wp-json\/wp\/v2\/pages\/425","targetHints":{"allow":["GET"]}}],"collection":[{"href":"https:\/\/sbgames.org\/sbgames2023\/wp-json\/wp\/v2\/pages"}],"about":[{"href":"https:\/\/sbgames.org\/sbgames2023\/wp-json\/wp\/v2\/types\/page"}],"author":[{"embeddable":true,"href":"https:\/\/sbgames.org\/sbgames2023\/wp-json\/wp\/v2\/users\/1"}],"replies":[{"embeddable":true,"href":"https:\/\/sbgames.org\/sbgames2023\/wp-json\/wp\/v2\/comments?post=425"}],"version-history":[{"count":64,"href":"https:\/\/sbgames.org\/sbgames2023\/wp-json\/wp\/v2\/pages\/425\/revisions"}],"predecessor-version":[{"id":1145,"href":"https:\/\/sbgames.org\/sbgames2023\/wp-json\/wp\/v2\/pages\/425\/revisions\/1145"}],"wp:attachment":[{"href":"https:\/\/sbgames.org\/sbgames2023\/wp-json\/wp\/v2\/media?parent=425"}],"curies":[{"name":"wp","href":"https:\/\/api.w.org\/{rel}","templated":true}]}}